{"id":9344,"date":"2021-05-03T12:58:32","date_gmt":"2021-05-03T16:58:32","guid":{"rendered":"https:\/\/manchesterproud.org\/resursi\/"},"modified":"2024-05-02T02:38:27","modified_gmt":"2024-05-02T06:38:27","slug":"resursi","status":"publish","type":"page","link":"https:\/\/manchesterproud.org\/bs\/resursi\/","title":{"rendered":"Resursi"},"content":{"rendered":"","protected":false},"excerpt":{"rendered":"<p> <a href=\"https:\/\/manchesterproud.org\/bs\/resursi\/\" rel=\"bookmark\" title=\"Resursi\">[&hellip;]<\/a><\/p>\n","protected":false},"author":1,"featured_media":3021,"parent":0,"menu_order":0,"comment_status":"closed","ping_status":"closed","template":"template-resources.php","meta":{"_acf_changed":false,"_mo_disable_npp":"","footnotes":""},"class_list":["post-9344","page","type-page","status-publish","has-post-thumbnail","hentry"],"acf":[],"yoast_head":"<!-- This site is optimized with the Yoast SEO Premium plugin v21.5 (Yoast SEO v27.2) - https:\/\/yoast.com\/product\/yoast-seo-premium-wordpress\/ -->\n<title>Resursi | Portal usluga | Manchester Proud Compass<\/title>\n<meta name=\"description\" content=\"Pru\u017eanje resursa za pomo\u0107 u izgradnji mosta izme\u0111u u\u010denika, roditelja, \u0161kolskog okruga Manchester i zajednice. Prona\u0111ite svoj put danas!\" \/>\n<meta name=\"robots\" content=\"index, follow, max-snippet:-1, max-image-preview:large, max-video-preview:-1\" \/>\n<link rel=\"canonical\" href=\"https:\/\/manchesterproud.org\/bs\/resursi\/\" \/>\n<meta property=\"og:locale\" content=\"bs_BA\" \/>\n<meta property=\"og:type\" content=\"article\" \/>\n<meta property=\"og:title\" content=\"Pretraga resursa Manchester Proud Compass\" \/>\n<meta property=\"og:description\" content=\"Pru\u017eanje resursa za pomo\u0107 u izgradnji mosta izme\u0111u u\u010denika, roditelja, \u0161kolskog okruga Manchester i zajednice. Koristite ovaj alat da vam pomogne da prona\u0111ete svoj put!\" \/>\n<meta property=\"og:url\" content=\"https:\/\/manchesterproud.org\/bs\/resursi\/\" \/>\n<meta property=\"og:site_name\" content=\"Manchester Proud\" \/>\n<meta property=\"article:modified_time\" content=\"2024-05-02T06:38:27+00:00\" \/>\n<meta property=\"og:image\" content=\"https:\/\/manchesterproud.org\/wp-content\/uploads\/2024\/03\/blog-Default-ImageV2.jpg\" \/>\n\t<meta property=\"og:image:width\" content=\"936\" \/>\n\t<meta property=\"og:image:height\" content=\"624\" \/>\n\t<meta property=\"og:image:type\" content=\"image\/jpeg\" \/>\n<meta name=\"twitter:card\" content=\"summary_large_image\" \/>\n<meta name=\"twitter:title\" content=\"Pretraga resursa Manchester Proud Compass\" \/>\n<meta name=\"twitter:description\" content=\"Pru\u017eanje resursa za pomo\u0107 u izgradnji mosta izme\u0111u u\u010denika, roditelja, \u0161kolskog okruga Manchester i zajednice. Koristite ovaj alat da vam pomogne da prona\u0111ete svoj put!\" \/>\n<script type=\"application\/ld+json\" class=\"yoast-schema-graph\">{\"@context\":\"https:\/\/schema.org\",\"@graph\":[{\"@type\":\"WebPage\",\"@id\":\"https:\/\/manchesterproud.org\/bs\/resursi\/\",\"url\":\"https:\/\/manchesterproud.org\/bs\/resursi\/\",\"name\":\"Resursi | Portal usluga | Manchester Proud Compass\",\"isPartOf\":{\"@id\":\"https:\/\/manchesterproud.org\/bs\/#website\"},\"primaryImageOfPage\":{\"@id\":\"https:\/\/manchesterproud.org\/bs\/resursi\/#primaryimage\"},\"image\":{\"@id\":\"https:\/\/manchesterproud.org\/bs\/resursi\/#primaryimage\"},\"thumbnailUrl\":\"https:\/\/manchesterproud.org\/wp-content\/uploads\/2024\/03\/blog-Default-ImageV2.jpg\",\"datePublished\":\"2021-05-03T16:58:32+00:00\",\"dateModified\":\"2024-05-02T06:38:27+00:00\",\"description\":\"Pru\u017eanje resursa za pomo\u0107 u izgradnji mosta izme\u0111u u\u010denika, roditelja, \u0161kolskog okruga Manchester i zajednice. Prona\u0111ite svoj put danas!\",\"breadcrumb\":{\"@id\":\"https:\/\/manchesterproud.org\/bs\/resursi\/#breadcrumb\"},\"inLanguage\":\"bs-BA\",\"potentialAction\":[{\"@type\":\"ReadAction\",\"target\":[\"https:\/\/manchesterproud.org\/bs\/resursi\/\"]}]},{\"@type\":\"ImageObject\",\"inLanguage\":\"bs-BA\",\"@id\":\"https:\/\/manchesterproud.org\/bs\/resursi\/#primaryimage\",\"url\":\"https:\/\/manchesterproud.org\/wp-content\/uploads\/2024\/03\/blog-Default-ImageV2.jpg\",\"contentUrl\":\"https:\/\/manchesterproud.org\/wp-content\/uploads\/2024\/03\/blog-Default-ImageV2.jpg\",\"width\":936,\"height\":624},{\"@type\":\"BreadcrumbList\",\"@id\":\"https:\/\/manchesterproud.org\/bs\/resursi\/#breadcrumb\",\"itemListElement\":[{\"@type\":\"ListItem\",\"position\":1,\"name\":\"Home\",\"item\":\"https:\/\/manchesterproud.org\/bs\/dom\/\"},{\"@type\":\"ListItem\",\"position\":2,\"name\":\"Resursi\"}]},{\"@type\":\"WebSite\",\"@id\":\"https:\/\/manchesterproud.org\/bs\/#website\",\"url\":\"https:\/\/manchesterproud.org\/bs\/\",\"name\":\"Manchester Proud\",\"description\":\"\",\"potentialAction\":[{\"@type\":\"SearchAction\",\"target\":{\"@type\":\"EntryPoint\",\"urlTemplate\":\"https:\/\/manchesterproud.org\/bs\/?s={search_term_string}\"},\"query-input\":{\"@type\":\"PropertyValueSpecification\",\"valueRequired\":true,\"valueName\":\"search_term_string\"}}],\"inLanguage\":\"bs-BA\"}]}<\/script>\n<!-- \/ Yoast SEO Premium plugin. -->","yoast_head_json":{"title":"Resursi | Portal usluga | Manchester Proud Compass","description":"Pru\u017eanje resursa za pomo\u0107 u izgradnji mosta izme\u0111u u\u010denika, roditelja, \u0161kolskog okruga Manchester i zajednice. Prona\u0111ite svoj put danas!","robots":{"index":"index","follow":"follow","max-snippet":"max-snippet:-1","max-image-preview":"max-image-preview:large","max-video-preview":"max-video-preview:-1"},"canonical":"https:\/\/manchesterproud.org\/bs\/resursi\/","og_locale":"bs_BA","og_type":"article","og_title":"Pretraga resursa Manchester Proud Compass","og_description":"Pru\u017eanje resursa za pomo\u0107 u izgradnji mosta izme\u0111u u\u010denika, roditelja, \u0161kolskog okruga Manchester i zajednice. Koristite ovaj alat da vam pomogne da prona\u0111ete svoj put!","og_url":"https:\/\/manchesterproud.org\/bs\/resursi\/","og_site_name":"Manchester Proud","article_modified_time":"2024-05-02T06:38:27+00:00","og_image":[{"width":936,"height":624,"url":"https:\/\/manchesterproud.org\/wp-content\/uploads\/2024\/03\/blog-Default-ImageV2.jpg","type":"image\/jpeg"}],"twitter_card":"summary_large_image","twitter_title":"Pretraga resursa Manchester Proud Compass","twitter_description":"Pru\u017eanje resursa za pomo\u0107 u izgradnji mosta izme\u0111u u\u010denika, roditelja, \u0161kolskog okruga Manchester i zajednice. Koristite ovaj alat da vam pomogne da prona\u0111ete svoj put!","schema":{"@context":"https:\/\/schema.org","@graph":[{"@type":"WebPage","@id":"https:\/\/manchesterproud.org\/bs\/resursi\/","url":"https:\/\/manchesterproud.org\/bs\/resursi\/","name":"Resursi | Portal usluga | Manchester Proud Compass","isPartOf":{"@id":"https:\/\/manchesterproud.org\/bs\/#website"},"primaryImageOfPage":{"@id":"https:\/\/manchesterproud.org\/bs\/resursi\/#primaryimage"},"image":{"@id":"https:\/\/manchesterproud.org\/bs\/resursi\/#primaryimage"},"thumbnailUrl":"https:\/\/manchesterproud.org\/wp-content\/uploads\/2024\/03\/blog-Default-ImageV2.jpg","datePublished":"2021-05-03T16:58:32+00:00","dateModified":"2024-05-02T06:38:27+00:00","description":"Pru\u017eanje resursa za pomo\u0107 u izgradnji mosta izme\u0111u u\u010denika, roditelja, \u0161kolskog okruga Manchester i zajednice. Prona\u0111ite svoj put danas!","breadcrumb":{"@id":"https:\/\/manchesterproud.org\/bs\/resursi\/#breadcrumb"},"inLanguage":"bs-BA","potentialAction":[{"@type":"ReadAction","target":["https:\/\/manchesterproud.org\/bs\/resursi\/"]}]},{"@type":"ImageObject","inLanguage":"bs-BA","@id":"https:\/\/manchesterproud.org\/bs\/resursi\/#primaryimage","url":"https:\/\/manchesterproud.org\/wp-content\/uploads\/2024\/03\/blog-Default-ImageV2.jpg","contentUrl":"https:\/\/manchesterproud.org\/wp-content\/uploads\/2024\/03\/blog-Default-ImageV2.jpg","width":936,"height":624},{"@type":"BreadcrumbList","@id":"https:\/\/manchesterproud.org\/bs\/resursi\/#breadcrumb","itemListElement":[{"@type":"ListItem","position":1,"name":"Home","item":"https:\/\/manchesterproud.org\/bs\/dom\/"},{"@type":"ListItem","position":2,"name":"Resursi"}]},{"@type":"WebSite","@id":"https:\/\/manchesterproud.org\/bs\/#website","url":"https:\/\/manchesterproud.org\/bs\/","name":"Manchester Proud","description":"","potentialAction":[{"@type":"SearchAction","target":{"@type":"EntryPoint","urlTemplate":"https:\/\/manchesterproud.org\/bs\/?s={search_term_string}"},"query-input":{"@type":"PropertyValueSpecification","valueRequired":true,"valueName":"search_term_string"}}],"inLanguage":"bs-BA"}]}},"_links":{"self":[{"href":"https:\/\/manchesterproud.org\/bs\/wp-json\/wp\/v2\/pages\/9344","targetHints":{"allow":["GET"]}}],"collection":[{"href":"https:\/\/manchesterproud.org\/bs\/wp-json\/wp\/v2\/pages"}],"about":[{"href":"https:\/\/manchesterproud.org\/bs\/wp-json\/wp\/v2\/types\/page"}],"author":[{"embeddable":true,"href":"https:\/\/manchesterproud.org\/bs\/wp-json\/wp\/v2\/users\/1"}],"replies":[{"embeddable":true,"href":"https:\/\/manchesterproud.org\/bs\/wp-json\/wp\/v2\/comments?post=9344"}],"version-history":[{"count":0,"href":"https:\/\/manchesterproud.org\/bs\/wp-json\/wp\/v2\/pages\/9344\/revisions"}],"wp:featuredmedia":[{"embeddable":true,"href":"https:\/\/manchesterproud.org\/bs\/wp-json\/wp\/v2\/media\/3021"}],"wp:attachment":[{"href":"https:\/\/manchesterproud.org\/bs\/wp-json\/wp\/v2\/media?parent=9344"}],"curies":[{"name":"wp","href":"https:\/\/api.w.org\/{rel}","templated":true}]}}