{"id":9367,"date":"2021-04-16T13:38:36","date_gmt":"2021-04-16T17:38:36","guid":{"rendered":"https:\/\/manchesterproud.org\/datum-stupanja-na-snagu-april-2021\/"},"modified":"2024-05-02T02:42:08","modified_gmt":"2024-05-02T06:42:08","slug":"datum-stupanja-na-snagu-april-2021","status":"publish","type":"page","link":"https:\/\/manchesterproud.org\/bs\/datum-stupanja-na-snagu-april-2021\/","title":{"rendered":"DATUM stupanja na snagu: APRIL 2021"},"content":{"rendered":"\t\t<div data-elementor-type=\"wp-page\" data-elementor-id=\"9367\" class=\"elementor elementor-9367 elementor-3\" data-elementor-post-type=\"page\">\n\t\t\t\t<div class=\"elementor-element elementor-element-737f3f45 e-flex e-con-boxed e-con e-parent\" data-id=\"737f3f45\" data-element_type=\"container\" data-e-type=\"container\">\n\t\t\t\t\t<div class=\"e-con-inner\">\n\t\t\t\t<div class=\"elementor-element elementor-element-132a4880 elementor-widget__width-initial elementor-widget elementor-widget-text-editor\" data-id=\"132a4880\" data-element_type=\"widget\" data-e-type=\"widget\" data-widget_type=\"text-editor.default\">\n\t\t\t\t<div class=\"elementor-widget-container\">\n\t\t\t\t\t\t\t\t\t\n<p><strong>Ova obavijest o privatnosti otkriva praksu privatnosti Manchester Proud-a<\/strong> . Ova obavijest o privatnosti odnosi se isklju\u010divo na informacije prikupljene i prikazane na ovoj web stranici, osim ako je druga\u010dije navedeno. Obavijestit \u0107e vas o sljede\u0107em:<\/p>\n\n\n\n<ul><li>Koje informacije prikupljamo, ako ih ima;<\/li><li>s kim se dijeli;<\/li><li>Kako se to mo\u017ee ispraviti;<\/li><li>Kako je osiguran;<\/li><li>Kako \u0107e se komunicirati promjene politike; i<\/li><li>Kako rije\u0161iti zabrinutost zbog mogu\u0107e zloupotrebe podataka.<\/li><\/ul>\n\n\n\n<h3>Prikupljanje, kori\u0161tenje, dijeljenje i kontrola informacija&nbsp;<\/h3>\n\n\n\n<h4>Za posjetioce\/korisnike stranice<\/h4>\n\n\n\n<p>Manchester Proud ne\u0107e koristiti ovu stranicu za prikupljanje li\u010dnih podataka pojedina\u010dnih posjetitelja\/korisnika. Imat \u0107emo pristup samo informacijama koje nam mo\u017eete dobrovoljno dati putem e-po\u0161te ili drugog direktnog kontakta od vas. Ne\u0107emo prodati ili iznajmiti ove podatke nikome. Podatke koje nam pru\u017eite dijelit \u0107emo sa tre\u0107im licima SAMO ako je potrebno za rje\u0161avanje va\u0161ih upita.<\/p>\n\n\n\n<h4>Za navedene resurse\/agencije\/partnere<\/h4>\n\n\n\n<p>Manchester Proud \u0107e na ovoj stranici objaviti informacije koje su dale navedene organizacije i partneri.&nbsp; <strong>Povezane organizacije\/partneri, a ne Manchester Proud, isklju\u010divo \u0107e biti odgovorni za utvr\u0111ivanje i provjeru potpunosti i ta\u010dnosti svih takvih informacija na stalnoj osnovi.<\/strong>&nbsp;&nbsp;<\/p>\n\n\n\n<p>Sve informacije koje daju organizacije\/partneri za listing smatra\u0107e se javnim, te stoga ne zahtijevaju sigurnost ili za\u0161titu.<\/p>\n\n\n\n<p>Navedene organizacije\/partneri mogu nas kontaktirati u bilo koje vrijeme putem e-mail adrese navedene na ovoj stranici na:<\/p>\n\n\n\n<ul><li>Zahtjev da se njihove navedene informacije izmijene\/isprave<\/li><li>Zatra\u017eite uklanjanje njihove liste sa ove stranice<\/li><li>Izrazite bilo kakvu zabrinutost ili preporuku u vezi s kori\u0161tenjem njihovih podataka<\/li><\/ul>\n\n\n\n<p>Odgovornost je navedenih organizacija\/partnera da odrede koje dodatne politike privatnosti i prakse moraju slijediti kao rezultat zakona, ugovora ili industrijskih praksi.&nbsp;<\/p>\n\n\n\n<h3>&nbsp;Obavijest o promjenama<\/h3>\n\n\n\n<p>Promjene ovog obavje\u0161tenja o privatnosti bit \u0107e identificirane na ovoj stranici i poslane navedenim organizacijama\/partnerima putem obavje\u0161tenja putem e-po\u0161te.<\/p>\n\n\n\n<p>Ako smatrate da se ne pridr\u017eavamo ove politike privatnosti, odmah nas kontaktirajte putem e-po\u0161te.&nbsp;<\/p>\n\n\n\n<h3>Kola\u010di\u0107i&nbsp;<\/h3>\n\n\n\n<p>Koristimo &#8220;kola\u010di\u0107e&#8221; na ovoj stranici kao rezultat kori\u0161tenja Google Analytics, ali nemamo pristup niti kontrolu nad tim kola\u010di\u0107ima. Kola\u010di\u0107 je dio podataka pohranjenih na tvrdom disku posjetitelja stranice kako bi nam pomogao da pobolj\u0161amo va\u0161 pristup na\u0161oj web stranici.&nbsp;  Kola\u010di\u0107i omogu\u0107avaju Google Analytics-u da prati i cilja interese na\u0161ih korisnika kako bi pobolj\u0161ao njihovo iskustvo na na\u0161oj web stranici. Upotreba kola\u010di\u0107a ni na koji na\u010din nije povezana s li\u010dnim podacima na na\u0161oj web stranici, ako ih ima.<\/p>\n\n\n\n<h3>Linkovi&nbsp;<\/h3>\n\n\n\n<p>Ova web stranica sadr\u017ei linkove na druge stranice. Imajte na umu da nismo odgovorni za sadr\u017eaj ili praksu privatnosti takvih drugih stranica. Podsti\u010demo na\u0161e korisnike da budu svjesni kada napuste na\u0161u stranicu i da pro\u010ditaju izjave o privatnosti bilo koje druge stranice koja prikuplja li\u010dne podatke.<\/p>\n\n\n\n<h3>Ankete  &nbsp;<\/h3>\n\n\n\n<p>S vremena na vrijeme na\u0161a stranica mo\u017ee tra\u017eiti informacije putem anketa. Sudjelovanje u ovim anketama je potpuno dobrovoljno i mo\u017eete odabrati ho\u0107ete li u\u010destvovati ili ne i stoga otkriti ove informacije. Tra\u017eene informacije mogu uklju\u010divati \u200b\u200bkontakt informacije (kao \u0161to su ime i adresa) i demografske informacije (kao \u0161to je po\u0161tanski broj, starosna dob). Kontakt podaci \u0107e se koristiti za obavje\u0161tavanje u\u010desnika o rezultatima anketa, ako oni to zatra\u017ee. Informacije iz ankete \u0107e se koristiti u svrhu pra\u0107enja ili pobolj\u0161anja va\u0161eg kori\u0161tenja i zadovoljstva ovim stranicama.<\/p>\n\n\n\n<h3>Kontaktiraj nas<\/h3>\n\n\n\n<p>Ako imate bilo kakvih pitanja o ovoj Politici privatnosti ili na\u0161em tretmanu informacija koje smo dali za kori\u0161tenje, pi\u0161ite nam putem e-po\u0161te na <a href=\"mailto:outreach@manchesterproud.org\">outreach@manchesterproud.org<\/a> .<\/p>\n\t\t\t\t\t\t\t\t<\/div>\n\t\t\t\t<\/div>\n\t\t\t\t\t<\/div>\n\t\t\t\t<\/div>\n\t\t\t\t<\/div>\n\t\t","protected":false},"excerpt":{"rendered":"<p>Ova obavijest o privatnosti otkriva praksu privatnosti Manchester Proud-a . Ova obavijest o privatnosti odnosi se isklju\u010divo na informacije prikupljene i prikazane na ovoj web stranici, osim ako je druga\u010dije  <a href=\"https:\/\/manchesterproud.org\/bs\/datum-stupanja-na-snagu-april-2021\/\" rel=\"bookmark\" title=\"DATUM stupanja na snagu: APRIL 2021\">[&hellip;]<\/a><\/p>\n","protected":false},"author":1,"featured_media":3021,"parent":0,"menu_order":0,"comment_status":"closed","ping_status":"closed","template":"","meta":{"_acf_changed":false,"_mo_disable_npp":"","footnotes":""},"class_list":["post-9367","page","type-page","status-publish","has-post-thumbnail","hentry"],"acf":[],"yoast_head":"<!-- This site is optimized with the Yoast SEO Premium plugin v21.5 (Yoast SEO v27.2) - https:\/\/yoast.com\/product\/yoast-seo-premium-wordpress\/ -->\n<title>Politika privatnosti | Na snazi \u200b\u200bod aprila 2021. | Manchester Proud Compass<\/title>\n<meta name=\"description\" content=\"Manchester Proud Compass je kreirao ovu izjavu o politici privatnosti kako bi pokazao na\u0161u posve\u0107enost na\u0161oj i va\u0161oj privatnosti.\" \/>\n<meta name=\"robots\" content=\"index, follow, max-snippet:-1, max-image-preview:large, max-video-preview:-1\" \/>\n<link rel=\"canonical\" href=\"https:\/\/manchesterproud.org\/bs\/datum-stupanja-na-snagu-april-2021\/\" \/>\n<meta property=\"og:locale\" content=\"bs_BA\" \/>\n<meta property=\"og:type\" content=\"article\" \/>\n<meta property=\"og:title\" content=\"DATUM stupanja na snagu: APRIL 2021\" \/>\n<meta property=\"og:description\" content=\"Ova obavijest o privatnosti otkriva praksu privatnosti Manchester Proud-a . Ova obavijest o privatnosti odnosi se isklju\u010divo na informacije prikupljene i\" \/>\n<meta property=\"og:url\" content=\"https:\/\/manchesterproud.org\/bs\/datum-stupanja-na-snagu-april-2021\/\" \/>\n<meta property=\"og:site_name\" content=\"Manchester Proud\" \/>\n<meta property=\"article:modified_time\" content=\"2024-05-02T06:42:08+00:00\" \/>\n<meta property=\"og:image\" content=\"https:\/\/manchesterproud.org\/wp-content\/uploads\/2024\/03\/blog-Default-ImageV2.jpg\" \/>\n\t<meta property=\"og:image:width\" content=\"936\" \/>\n\t<meta property=\"og:image:height\" content=\"624\" \/>\n\t<meta property=\"og:image:type\" content=\"image\/jpeg\" \/>\n<meta name=\"twitter:card\" content=\"summary_large_image\" \/>\n<meta name=\"twitter:label1\" content=\"Est. reading time\" \/>\n\t<meta name=\"twitter:data1\" content=\"3 minute\" \/>\n<script type=\"application\/ld+json\" class=\"yoast-schema-graph\">{\"@context\":\"https:\/\/schema.org\",\"@graph\":[{\"@type\":\"WebPage\",\"@id\":\"https:\/\/manchesterproud.org\/bs\/datum-stupanja-na-snagu-april-2021\/\",\"url\":\"https:\/\/manchesterproud.org\/bs\/datum-stupanja-na-snagu-april-2021\/\",\"name\":\"Politika privatnosti | Na snazi \u200b\u200bod aprila 2021. | Manchester Proud Compass\",\"isPartOf\":{\"@id\":\"https:\/\/manchesterproud.org\/bs\/#website\"},\"primaryImageOfPage\":{\"@id\":\"https:\/\/manchesterproud.org\/bs\/datum-stupanja-na-snagu-april-2021\/#primaryimage\"},\"image\":{\"@id\":\"https:\/\/manchesterproud.org\/bs\/datum-stupanja-na-snagu-april-2021\/#primaryimage\"},\"thumbnailUrl\":\"https:\/\/manchesterproud.org\/wp-content\/uploads\/2024\/03\/blog-Default-ImageV2.jpg\",\"datePublished\":\"2021-04-16T17:38:36+00:00\",\"dateModified\":\"2024-05-02T06:42:08+00:00\",\"description\":\"Manchester Proud Compass je kreirao ovu izjavu o politici privatnosti kako bi pokazao na\u0161u posve\u0107enost na\u0161oj i va\u0161oj privatnosti.\",\"breadcrumb\":{\"@id\":\"https:\/\/manchesterproud.org\/bs\/datum-stupanja-na-snagu-april-2021\/#breadcrumb\"},\"inLanguage\":\"bs-BA\",\"potentialAction\":[{\"@type\":\"ReadAction\",\"target\":[\"https:\/\/manchesterproud.org\/bs\/datum-stupanja-na-snagu-april-2021\/\"]}]},{\"@type\":\"ImageObject\",\"inLanguage\":\"bs-BA\",\"@id\":\"https:\/\/manchesterproud.org\/bs\/datum-stupanja-na-snagu-april-2021\/#primaryimage\",\"url\":\"https:\/\/manchesterproud.org\/wp-content\/uploads\/2024\/03\/blog-Default-ImageV2.jpg\",\"contentUrl\":\"https:\/\/manchesterproud.org\/wp-content\/uploads\/2024\/03\/blog-Default-ImageV2.jpg\",\"width\":936,\"height\":624},{\"@type\":\"BreadcrumbList\",\"@id\":\"https:\/\/manchesterproud.org\/bs\/datum-stupanja-na-snagu-april-2021\/#breadcrumb\",\"itemListElement\":[{\"@type\":\"ListItem\",\"position\":1,\"name\":\"Home\",\"item\":\"https:\/\/manchesterproud.org\/bs\/dom\/\"},{\"@type\":\"ListItem\",\"position\":2,\"name\":\"DATUM stupanja na snagu: APRIL 2021\"}]},{\"@type\":\"WebSite\",\"@id\":\"https:\/\/manchesterproud.org\/bs\/#website\",\"url\":\"https:\/\/manchesterproud.org\/bs\/\",\"name\":\"Manchester Proud\",\"description\":\"\",\"potentialAction\":[{\"@type\":\"SearchAction\",\"target\":{\"@type\":\"EntryPoint\",\"urlTemplate\":\"https:\/\/manchesterproud.org\/bs\/?s={search_term_string}\"},\"query-input\":{\"@type\":\"PropertyValueSpecification\",\"valueRequired\":true,\"valueName\":\"search_term_string\"}}],\"inLanguage\":\"bs-BA\"}]}<\/script>\n<!-- \/ Yoast SEO Premium plugin. -->","yoast_head_json":{"title":"Politika privatnosti | Na snazi \u200b\u200bod aprila 2021. | Manchester Proud Compass","description":"Manchester Proud Compass je kreirao ovu izjavu o politici privatnosti kako bi pokazao na\u0161u posve\u0107enost na\u0161oj i va\u0161oj privatnosti.","robots":{"index":"index","follow":"follow","max-snippet":"max-snippet:-1","max-image-preview":"max-image-preview:large","max-video-preview":"max-video-preview:-1"},"canonical":"https:\/\/manchesterproud.org\/bs\/datum-stupanja-na-snagu-april-2021\/","og_locale":"bs_BA","og_type":"article","og_title":"DATUM stupanja na snagu: APRIL 2021","og_description":"Ova obavijest o privatnosti otkriva praksu privatnosti Manchester Proud-a . Ova obavijest o privatnosti odnosi se isklju\u010divo na informacije prikupljene i","og_url":"https:\/\/manchesterproud.org\/bs\/datum-stupanja-na-snagu-april-2021\/","og_site_name":"Manchester Proud","article_modified_time":"2024-05-02T06:42:08+00:00","og_image":[{"width":936,"height":624,"url":"https:\/\/manchesterproud.org\/wp-content\/uploads\/2024\/03\/blog-Default-ImageV2.jpg","type":"image\/jpeg"}],"twitter_card":"summary_large_image","twitter_misc":{"Est. reading time":"3 minute"},"schema":{"@context":"https:\/\/schema.org","@graph":[{"@type":"WebPage","@id":"https:\/\/manchesterproud.org\/bs\/datum-stupanja-na-snagu-april-2021\/","url":"https:\/\/manchesterproud.org\/bs\/datum-stupanja-na-snagu-april-2021\/","name":"Politika privatnosti | Na snazi \u200b\u200bod aprila 2021. | Manchester Proud Compass","isPartOf":{"@id":"https:\/\/manchesterproud.org\/bs\/#website"},"primaryImageOfPage":{"@id":"https:\/\/manchesterproud.org\/bs\/datum-stupanja-na-snagu-april-2021\/#primaryimage"},"image":{"@id":"https:\/\/manchesterproud.org\/bs\/datum-stupanja-na-snagu-april-2021\/#primaryimage"},"thumbnailUrl":"https:\/\/manchesterproud.org\/wp-content\/uploads\/2024\/03\/blog-Default-ImageV2.jpg","datePublished":"2021-04-16T17:38:36+00:00","dateModified":"2024-05-02T06:42:08+00:00","description":"Manchester Proud Compass je kreirao ovu izjavu o politici privatnosti kako bi pokazao na\u0161u posve\u0107enost na\u0161oj i va\u0161oj privatnosti.","breadcrumb":{"@id":"https:\/\/manchesterproud.org\/bs\/datum-stupanja-na-snagu-april-2021\/#breadcrumb"},"inLanguage":"bs-BA","potentialAction":[{"@type":"ReadAction","target":["https:\/\/manchesterproud.org\/bs\/datum-stupanja-na-snagu-april-2021\/"]}]},{"@type":"ImageObject","inLanguage":"bs-BA","@id":"https:\/\/manchesterproud.org\/bs\/datum-stupanja-na-snagu-april-2021\/#primaryimage","url":"https:\/\/manchesterproud.org\/wp-content\/uploads\/2024\/03\/blog-Default-ImageV2.jpg","contentUrl":"https:\/\/manchesterproud.org\/wp-content\/uploads\/2024\/03\/blog-Default-ImageV2.jpg","width":936,"height":624},{"@type":"BreadcrumbList","@id":"https:\/\/manchesterproud.org\/bs\/datum-stupanja-na-snagu-april-2021\/#breadcrumb","itemListElement":[{"@type":"ListItem","position":1,"name":"Home","item":"https:\/\/manchesterproud.org\/bs\/dom\/"},{"@type":"ListItem","position":2,"name":"DATUM stupanja na snagu: APRIL 2021"}]},{"@type":"WebSite","@id":"https:\/\/manchesterproud.org\/bs\/#website","url":"https:\/\/manchesterproud.org\/bs\/","name":"Manchester Proud","description":"","potentialAction":[{"@type":"SearchAction","target":{"@type":"EntryPoint","urlTemplate":"https:\/\/manchesterproud.org\/bs\/?s={search_term_string}"},"query-input":{"@type":"PropertyValueSpecification","valueRequired":true,"valueName":"search_term_string"}}],"inLanguage":"bs-BA"}]}},"_links":{"self":[{"href":"https:\/\/manchesterproud.org\/bs\/wp-json\/wp\/v2\/pages\/9367","targetHints":{"allow":["GET"]}}],"collection":[{"href":"https:\/\/manchesterproud.org\/bs\/wp-json\/wp\/v2\/pages"}],"about":[{"href":"https:\/\/manchesterproud.org\/bs\/wp-json\/wp\/v2\/types\/page"}],"author":[{"embeddable":true,"href":"https:\/\/manchesterproud.org\/bs\/wp-json\/wp\/v2\/users\/1"}],"replies":[{"embeddable":true,"href":"https:\/\/manchesterproud.org\/bs\/wp-json\/wp\/v2\/comments?post=9367"}],"version-history":[{"count":0,"href":"https:\/\/manchesterproud.org\/bs\/wp-json\/wp\/v2\/pages\/9367\/revisions"}],"wp:featuredmedia":[{"embeddable":true,"href":"https:\/\/manchesterproud.org\/bs\/wp-json\/wp\/v2\/media\/3021"}],"wp:attachment":[{"href":"https:\/\/manchesterproud.org\/bs\/wp-json\/wp\/v2\/media?parent=9367"}],"curies":[{"name":"wp","href":"https:\/\/api.w.org\/{rel}","templated":true}]}}