{"id":9674,"date":"2024-02-07T07:15:08","date_gmt":"2024-02-07T12:15:08","guid":{"rendered":"https:\/\/manchesterproud.org\/politika-privatnosti\/"},"modified":"2024-05-02T03:10:48","modified_gmt":"2024-05-02T07:10:48","slug":"politika-privatnosti","status":"publish","type":"page","link":"https:\/\/manchesterproud.org\/bs\/politika-privatnosti\/","title":{"rendered":"Politika privatnosti"},"content":{"rendered":"\t\t<div data-elementor-type=\"wp-page\" data-elementor-id=\"9674\" class=\"elementor elementor-9674 elementor-2003\" data-elementor-post-type=\"page\">\n\t\t\t\t<div class=\"elementor-element elementor-element-9bc890c e-con-full e-flex e-con e-parent\" data-id=\"9bc890c\" data-element_type=\"container\" data-e-type=\"container\" data-settings=\"{&quot;background_background&quot;:&quot;classic&quot;}\">\n\t\t\t\t<\/div>\n\t\t<div class=\"elementor-element elementor-element-4196dc2 e-con-full e-flex e-con e-parent\" data-id=\"4196dc2\" data-element_type=\"container\" data-e-type=\"container\" data-settings=\"{&quot;background_background&quot;:&quot;classic&quot;}\">\n\t\t\t\t<\/div>\n\t\t<div class=\"elementor-element elementor-element-ec50f99 e-flex e-con-boxed e-con e-parent\" data-id=\"ec50f99\" data-element_type=\"container\" data-e-type=\"container\">\n\t\t\t\t\t<div class=\"e-con-inner\">\n\t\t\t\t<div class=\"elementor-element elementor-element-b9898b2 elementor-widget elementor-widget-heading\" data-id=\"b9898b2\" data-element_type=\"widget\" data-e-type=\"widget\" data-widget_type=\"heading.default\">\n\t\t\t\t<div class=\"elementor-widget-container\">\n\t\t\t\t\t<h2 class=\"elementor-heading-title elementor-size-default\">Obavijest o privatnosti<\/h2>\t\t\t\t<\/div>\n\t\t\t\t<\/div>\n\t\t\t\t<div class=\"elementor-element elementor-element-d72e64f elementor-widget elementor-widget-text-editor\" data-id=\"d72e64f\" data-element_type=\"widget\" data-e-type=\"widget\" data-widget_type=\"text-editor.default\">\n\t\t\t\t<div class=\"elementor-widget-container\">\n\t\t\t\t\t\t\t\t\t<p>Datum stupanja na snagu: april 2021<\/p>\n\t\t\t\t\t\t\t\t<\/div>\n\t\t\t\t<\/div>\n\t\t\t\t<div class=\"elementor-element elementor-element-52ced33 elementor-widget elementor-widget-text-editor\" data-id=\"52ced33\" data-element_type=\"widget\" data-e-type=\"widget\" data-widget_type=\"text-editor.default\">\n\t\t\t\t<div class=\"elementor-widget-container\">\n\t\t\t\t\t\t\t\t\t<p><strong>Ova obavijest o privatnosti otkriva praksu privatnosti Manchester Proud-a<\/strong> . Ova obavijest o privatnosti odnosi se isklju\u010divo na informacije prikupljene i prikazane na ovoj web stranici, osim ako je druga\u010dije navedeno. Obavijestit \u0107e vas o sljede\u0107em:<\/p>\n<ul>\n<li>Koje informacije prikupljamo, ako ih ima;<\/li>\n<li>s kim se dijeli;<\/li>\n<li>Kako se to mo\u017ee ispraviti;<\/li>\n<li>Kako je osiguran;<\/li>\n<li>Kako \u0107e se komunicirati promjene politike; i<\/li>\n<li>Kako rije\u0161iti zabrinutost zbog mogu\u0107e zloupotrebe podataka.<\/li>\n<\/ul>\t\t\t\t\t\t\t\t<\/div>\n\t\t\t\t<\/div>\n\t\t\t\t<div class=\"elementor-element elementor-element-a9b2642 elementor-widget elementor-widget-heading\" data-id=\"a9b2642\" data-element_type=\"widget\" data-e-type=\"widget\" data-widget_type=\"heading.default\">\n\t\t\t\t<div class=\"elementor-widget-container\">\n\t\t\t\t\t<h3 class=\"elementor-heading-title elementor-size-default\">Prikupljanje, kori\u0161tenje, dijeljenje i kontrola informacija  \n<\/h3>\t\t\t\t<\/div>\n\t\t\t\t<\/div>\n\t\t\t\t<div class=\"elementor-element elementor-element-715b07f elementor-widget elementor-widget-text-editor\" data-id=\"715b07f\" data-element_type=\"widget\" data-e-type=\"widget\" data-widget_type=\"text-editor.default\">\n\t\t\t\t<div class=\"elementor-widget-container\">\n\t\t\t\t\t\t\t\t\t<p>Za posjetioce\/korisnike stranice<\/p>\n\t\t\t\t\t\t\t\t<\/div>\n\t\t\t\t<\/div>\n\t\t\t\t<div class=\"elementor-element elementor-element-a4efd9e elementor-widget elementor-widget-text-editor\" data-id=\"a4efd9e\" data-element_type=\"widget\" data-e-type=\"widget\" data-widget_type=\"text-editor.default\">\n\t\t\t\t<div class=\"elementor-widget-container\">\n\t\t\t\t\t\t\t\t\t<p>Manchester Proud ne\u0107e koristiti ovu stranicu za prikupljanje li\u010dnih podataka pojedina\u010dnih posjetitelja\/korisnika. Imat \u0107emo pristup samo informacijama koje nam mo\u017eete dobrovoljno dati putem e-po\u0161te ili drugog direktnog kontakta od vas. Ne\u0107emo prodati ili iznajmiti ove podatke nikome. Podatke koje nam pru\u017eite dijelit \u0107emo sa tre\u0107im licima SAMO ako je potrebno za rje\u0161avanje va\u0161ih upita.<\/p>\n\t\t\t\t\t\t\t\t<\/div>\n\t\t\t\t<\/div>\n\t\t\t\t<div class=\"elementor-element elementor-element-d795e40 elementor-widget elementor-widget-text-editor\" data-id=\"d795e40\" data-element_type=\"widget\" data-e-type=\"widget\" data-widget_type=\"text-editor.default\">\n\t\t\t\t<div class=\"elementor-widget-container\">\n\t\t\t\t\t\t\t\t\tZa navedene resurse\/agencije\/partnere\n\t\t\t\t\t\t\t\t<\/div>\n\t\t\t\t<\/div>\n\t\t\t\t<div class=\"elementor-element elementor-element-015538e elementor-widget elementor-widget-text-editor\" data-id=\"015538e\" data-element_type=\"widget\" data-e-type=\"widget\" data-widget_type=\"text-editor.default\">\n\t\t\t\t<div class=\"elementor-widget-container\">\n\t\t\t\t\t\t\t\t\t<p>Manchester Proud \u0107e na ovoj stranici objaviti informacije koje su dale navedene organizacije i partneri.  <strong>Povezane organizacije\/partneri, a ne Manchester Proud, isklju\u010divo \u0107e biti odgovorni za utvr\u0111ivanje i provjeru potpunosti i ta\u010dnosti svih takvih informacija na stalnoj osnovi.<\/strong>  <\/p>\n<p>Sve informacije koje daju organizacije\/partneri za listing smatra\u0107e se javnim, te stoga ne zahtijevaju sigurnost ili za\u0161titu.<\/p>\n<p>Navedene organizacije\/partneri mogu nas kontaktirati u bilo koje vrijeme putem e-mail adrese navedene na ovoj stranici na:<\/p>\n<ul>\n<li>Zahtjev da se njihove navedene informacije izmijene\/isprave<\/li>\n<li>Zatra\u017eite uklanjanje njihove liste sa ove stranice<\/li>\n<li>Izrazite bilo kakvu zabrinutost ili preporuku u vezi s kori\u0161tenjem njihovih podataka<\/li>\n<\/ul>\n<p>Odgovornost je navedenih organizacija\/partnera da odrede koje dodatne politike privatnosti i prakse moraju slijediti kao rezultat zakona, ugovora ili industrijskih praksi.  <\/p>\t\t\t\t\t\t\t\t<\/div>\n\t\t\t\t<\/div>\n\t\t\t\t\t<\/div>\n\t\t\t\t<\/div>\n\t\t<div class=\"elementor-element elementor-element-11f631d e-flex e-con-boxed e-con e-parent\" data-id=\"11f631d\" data-element_type=\"container\" data-e-type=\"container\">\n\t\t\t\t\t<div class=\"e-con-inner\">\n\t\t\t\t<div class=\"elementor-element elementor-element-e3e09ae elementor-widget elementor-widget-heading\" data-id=\"e3e09ae\" data-element_type=\"widget\" data-e-type=\"widget\" data-widget_type=\"heading.default\">\n\t\t\t\t<div class=\"elementor-widget-container\">\n\t\t\t\t\t<h3 class=\"elementor-heading-title elementor-size-default\">Obavijest o promjenama\n<\/h3>\t\t\t\t<\/div>\n\t\t\t\t<\/div>\n\t\t\t\t<div class=\"elementor-element elementor-element-567391a elementor-widget elementor-widget-text-editor\" data-id=\"567391a\" data-element_type=\"widget\" data-e-type=\"widget\" data-widget_type=\"text-editor.default\">\n\t\t\t\t<div class=\"elementor-widget-container\">\n\t\t\t\t\t\t\t\t\t<p>Promjene ovog obavje\u0161tenja o privatnosti bit \u0107e identificirane na ovoj stranici i poslane navedenim organizacijama\/partnerima putem obavje\u0161tenja putem e-po\u0161te.<\/p>\n<p>Ako smatrate da se ne pridr\u017eavamo ove politike privatnosti, odmah nas kontaktirajte putem e-po\u0161te.<\/p>\t\t\t\t\t\t\t\t<\/div>\n\t\t\t\t<\/div>\n\t\t\t\t\t<\/div>\n\t\t\t\t<\/div>\n\t\t<div class=\"elementor-element elementor-element-c6604d6 e-flex e-con-boxed e-con e-parent\" data-id=\"c6604d6\" data-element_type=\"container\" data-e-type=\"container\">\n\t\t\t\t\t<div class=\"e-con-inner\">\n\t\t\t\t<div class=\"elementor-element elementor-element-b77f395 elementor-widget elementor-widget-heading\" data-id=\"b77f395\" data-element_type=\"widget\" data-e-type=\"widget\" data-widget_type=\"heading.default\">\n\t\t\t\t<div class=\"elementor-widget-container\">\n\t\t\t\t\t<h3 class=\"elementor-heading-title elementor-size-default\">Kola\u010di\u0107i  <\/h3>\t\t\t\t<\/div>\n\t\t\t\t<\/div>\n\t\t\t\t<div class=\"elementor-element elementor-element-9a9279d elementor-widget elementor-widget-text-editor\" data-id=\"9a9279d\" data-element_type=\"widget\" data-e-type=\"widget\" data-widget_type=\"text-editor.default\">\n\t\t\t\t<div class=\"elementor-widget-container\">\n\t\t\t\t\t\t\t\t\t<p>Koristimo \u201ekola\u010di\u0107e\u201c na ovoj stranici kao rezultat kori\u0161tenja Google Analytics, ali nemamo pristup niti kontrolu nad tim kola\u010di\u0107ima. Kola\u010di\u0107 je dio podataka pohranjenih na tvrdom disku posjetitelja stranice kako bi nam pomogao da pobolj\u0161amo va\u0161 pristup na\u0161oj web stranici. Kola\u010di\u0107i omogu\u0107avaju Google Analytics-u da prati i cilja interese na\u0161ih korisnika kako bi pobolj\u0161ao njihovo iskustvo na na\u0161oj web stranici. Upotreba kola\u010di\u0107a ni na koji na\u010din nije povezana s li\u010dnim podacima na na\u0161oj web stranici, ako ih ima.<\/p>\n\t\t\t\t\t\t\t\t<\/div>\n\t\t\t\t<\/div>\n\t\t\t\t\t<\/div>\n\t\t\t\t<\/div>\n\t\t<div class=\"elementor-element elementor-element-14b6c8a e-flex e-con-boxed e-con e-parent\" data-id=\"14b6c8a\" data-element_type=\"container\" data-e-type=\"container\">\n\t\t\t\t\t<div class=\"e-con-inner\">\n\t\t\t\t<div class=\"elementor-element elementor-element-d0c3628 elementor-widget elementor-widget-heading\" data-id=\"d0c3628\" data-element_type=\"widget\" data-e-type=\"widget\" data-widget_type=\"heading.default\">\n\t\t\t\t<div class=\"elementor-widget-container\">\n\t\t\t\t\t<h3 class=\"elementor-heading-title elementor-size-default\">Linkovi  <\/h3>\t\t\t\t<\/div>\n\t\t\t\t<\/div>\n\t\t\t\t<div class=\"elementor-element elementor-element-6f597b5 elementor-widget elementor-widget-text-editor\" data-id=\"6f597b5\" data-element_type=\"widget\" data-e-type=\"widget\" data-widget_type=\"text-editor.default\">\n\t\t\t\t<div class=\"elementor-widget-container\">\n\t\t\t\t\t\t\t\t\t<p>Ova web stranica sadr\u017ei linkove na druge stranice. Imajte na umu da nismo odgovorni za sadr\u017eaj ili praksu privatnosti takvih drugih stranica. Podsti\u010demo na\u0161e korisnike da budu svjesni kada napuste na\u0161u stranicu i da pro\u010ditaju izjave o privatnosti bilo koje druge stranice koja prikuplja li\u010dne podatke.<\/p>\n\t\t\t\t\t\t\t\t<\/div>\n\t\t\t\t<\/div>\n\t\t\t\t\t<\/div>\n\t\t\t\t<\/div>\n\t\t<div class=\"elementor-element elementor-element-659f006 e-flex e-con-boxed e-con e-parent\" data-id=\"659f006\" data-element_type=\"container\" data-e-type=\"container\">\n\t\t\t\t\t<div class=\"e-con-inner\">\n\t\t\t\t<div class=\"elementor-element elementor-element-0cdf7c5 elementor-widget elementor-widget-heading\" data-id=\"0cdf7c5\" data-element_type=\"widget\" data-e-type=\"widget\" data-widget_type=\"heading.default\">\n\t\t\t\t<div class=\"elementor-widget-container\">\n\t\t\t\t\t<h3 class=\"elementor-heading-title elementor-size-default\">Ankete  <\/h3>\t\t\t\t<\/div>\n\t\t\t\t<\/div>\n\t\t\t\t<div class=\"elementor-element elementor-element-8d9f41c elementor-widget elementor-widget-text-editor\" data-id=\"8d9f41c\" data-element_type=\"widget\" data-e-type=\"widget\" data-widget_type=\"text-editor.default\">\n\t\t\t\t<div class=\"elementor-widget-container\">\n\t\t\t\t\t\t\t\t\t<p>S vremena na vrijeme na\u0161a stranica mo\u017ee tra\u017eiti informacije putem anketa. Sudjelovanje u ovim anketama je potpuno dobrovoljno i mo\u017eete odabrati ho\u0107ete li u\u010destvovati ili ne i stoga otkriti ove informacije. Tra\u017eene informacije mogu uklju\u010divati \u200b\u200bkontakt informacije (kao \u0161to su ime i adresa) i demografske informacije (kao \u0161to je po\u0161tanski broj, starosna dob). Kontakt podaci \u0107e se koristiti za obavje\u0161tavanje u\u010desnika o rezultatima anketa, ako oni to zatra\u017ee. Informacije iz ankete \u0107e se koristiti u svrhu pra\u0107enja ili pobolj\u0161anja va\u0161eg kori\u0161tenja i zadovoljstva ovim stranicama.<\/p>\n\t\t\t\t\t\t\t\t<\/div>\n\t\t\t\t<\/div>\n\t\t\t\t\t<\/div>\n\t\t\t\t<\/div>\n\t\t<div class=\"elementor-element elementor-element-c07185d e-flex e-con-boxed e-con e-parent\" data-id=\"c07185d\" data-element_type=\"container\" data-e-type=\"container\">\n\t\t\t\t\t<div class=\"e-con-inner\">\n\t\t\t\t<div class=\"elementor-element elementor-element-71e8d52 elementor-widget elementor-widget-heading\" data-id=\"71e8d52\" data-element_type=\"widget\" data-e-type=\"widget\" data-widget_type=\"heading.default\">\n\t\t\t\t<div class=\"elementor-widget-container\">\n\t\t\t\t\t<h3 class=\"elementor-heading-title elementor-size-default\">Kontaktiraj nas\n<\/h3>\t\t\t\t<\/div>\n\t\t\t\t<\/div>\n\t\t\t\t<div class=\"elementor-element elementor-element-30f9b70 elementor-widget elementor-widget-text-editor\" data-id=\"30f9b70\" data-element_type=\"widget\" data-e-type=\"widget\" data-widget_type=\"text-editor.default\">\n\t\t\t\t<div class=\"elementor-widget-container\">\n\t\t\t\t\t\t\t\t\t<p>Ako imate bilo kakvih pitanja o ovoj Politici privatnosti ili na\u0161em tretmanu informacija koje smo dali za kori\u0161tenje, pi\u0161ite nam putem e-po\u0161te na <a href=\"mailto:outreach@manchesterproud.org\">outreach@manchesterproud.org<\/a> .<\/p>\n\t\t\t\t\t\t\t\t<\/div>\n\t\t\t\t<\/div>\n\t\t\t\t\t<\/div>\n\t\t\t\t<\/div>\n\t\t<div class=\"elementor-element elementor-element-c0bf40b e-con-full e-flex e-con e-parent\" data-id=\"c0bf40b\" data-element_type=\"container\" data-e-type=\"container\" data-settings=\"{&quot;background_background&quot;:&quot;classic&quot;}\">\n\t\t\t\t<div class=\"elementor-element elementor-element-39eadb0 elementor-widget elementor-widget-spacer\" data-id=\"39eadb0\" data-element_type=\"widget\" data-e-type=\"widget\" data-widget_type=\"spacer.default\">\n\t\t\t\t<div class=\"elementor-widget-container\">\n\t\t\t\t\t\t\t<div class=\"elementor-spacer\">\n\t\t\t<div class=\"elementor-spacer-inner\"><\/div>\n\t\t<\/div>\n\t\t\t\t\t\t<\/div>\n\t\t\t\t<\/div>\n\t\t\t\t<\/div>\n\t\t<div class=\"elementor-element elementor-element-fe53e4d e-flex e-con-boxed e-con e-parent\" data-id=\"fe53e4d\" data-element_type=\"container\" data-e-type=\"container\" data-settings=\"{&quot;background_background&quot;:&quot;gradient&quot;}\">\n\t\t\t\t\t<div class=\"e-con-inner\">\n\t\t<div class=\"elementor-element elementor-element-0bb7b77 e-flex e-con-boxed e-con e-child\" data-id=\"0bb7b77\" data-element_type=\"container\" data-e-type=\"container\">\n\t\t\t\t\t<div class=\"e-con-inner\">\n\t\t\t\t<div class=\"elementor-element elementor-element-7d65f71 elementor-widget elementor-widget-heading\" data-id=\"7d65f71\" data-element_type=\"widget\" data-e-type=\"widget\" data-widget_type=\"heading.default\">\n\t\t\t\t<div class=\"elementor-widget-container\">\n\t\t\t\t\t<h2 class=\"elementor-heading-title elementor-size-default\">UKLJU\u010cITI SE!<\/h2>\t\t\t\t<\/div>\n\t\t\t\t<\/div>\n\t\t\t\t<div class=\"elementor-element elementor-element-fadc1f1 elementor-widget__width-initial elementor-widget-mobile__width-inherit elementor-widget elementor-widget-text-editor\" data-id=\"fadc1f1\" data-element_type=\"widget\" data-e-type=\"widget\" data-widget_type=\"text-editor.default\">\n\t\t\t\t<div class=\"elementor-widget-container\">\n\t\t\t\t\t\t\t\t\t<p>Mo\u0107 izgradnje i nastojanja da partnerstva u zajednici umno\u017eavaju, pro\u0161iruju na\u0161e kolektivno znanje, stru\u010dnost, iskustvo, kapacitete, resurse, prilike i posve\u0107enost na\u0161em zajedni\u010dkom cilju izvrsnosti i jednakosti za sve u\u010denike. Stara izreka \u201cDvije glave su bolje od jedne\u201d svakako se odnosi na na\u0161 rad, a mi smo jako sretni \u0161to imamo mnogo, mnogo glava koje doprinose uspjehu na\u0161eg Distrikta.<\/p>\n\t\t\t\t\t\t\t\t<\/div>\n\t\t\t\t<\/div>\n\t\t\t\t<div class=\"elementor-element elementor-element-cad3e89 elementor-align-center elementor-widget elementor-widget-button\" data-id=\"cad3e89\" data-element_type=\"widget\" data-e-type=\"widget\" data-widget_type=\"button.default\">\n\t\t\t\t<div class=\"elementor-widget-container\">\n\t\t\t\t\t\t\t\t\t<div class=\"elementor-button-wrapper\">\n\t\t\t\t\t<a class=\"elementor-button elementor-button-link elementor-size-sm\" href=\"https:\/\/manchesterproud.org\/bs\/kontaktiraj-nas\/?gf-help=I%20want%20to%20volunteer\">\n\t\t\t\t\t\t<span class=\"elementor-button-content-wrapper\">\n\t\t\t\t\t\t\t\t\t<span class=\"elementor-button-text\">Mo\u017eete pomo\u0107i!<\/span>\n\t\t\t\t\t<\/span>\n\t\t\t\t\t<\/a>\n\t\t\t\t<\/div>\n\t\t\t\t\t\t\t\t<\/div>\n\t\t\t\t<\/div>\n\t\t\t\t\t<\/div>\n\t\t\t\t<\/div>\n\t\t\t\t\t<\/div>\n\t\t\t\t<\/div>\n\t\t\t\t<\/div>\n\t\t","protected":false},"excerpt":{"rendered":"<p>Obavijest o privatnosti Datum stupanja na snagu: april 2021 Ova obavijest o privatnosti otkriva praksu privatnosti Manchester Proud-a . Ova obavijest o privatnosti odnosi se isklju\u010divo na informacije prikupljene i  <a href=\"https:\/\/manchesterproud.org\/bs\/politika-privatnosti\/\" rel=\"bookmark\" title=\"Politika privatnosti\">[&hellip;]<\/a><\/p>\n","protected":false},"author":2,"featured_media":3021,"parent":0,"menu_order":0,"comment_status":"closed","ping_status":"closed","template":"elementor_header_footer","meta":{"_acf_changed":false,"_mo_disable_npp":"","footnotes":""},"class_list":["post-9674","page","type-page","status-publish","has-post-thumbnail","hentry"],"acf":[],"yoast_head":"<!-- This site is optimized with the Yoast SEO Premium plugin v21.5 (Yoast SEO v27.2) - https:\/\/yoast.com\/product\/yoast-seo-premium-wordpress\/ -->\n<title>Politika privatnosti - Manchester Proud<\/title>\n<meta name=\"description\" content=\"Manchester Proud je kreirao ovu izjavu o politici privatnosti kako bi pokazao na\u0161u posve\u0107enost na\u0161oj i va\u0161oj privatnosti.\" \/>\n<meta name=\"robots\" content=\"index, follow, max-snippet:-1, max-image-preview:large, max-video-preview:-1\" \/>\n<link rel=\"canonical\" href=\"https:\/\/manchesterproud.org\/bs\/politika-privatnosti\/\" \/>\n<meta property=\"og:locale\" content=\"bs_BA\" \/>\n<meta property=\"og:type\" content=\"article\" \/>\n<meta property=\"og:title\" content=\"Politika privatnosti\" \/>\n<meta property=\"og:description\" content=\"Obavijest o privatnosti Datum stupanja na snagu: april 2021 Ova obavijest o privatnosti otkriva praksu privatnosti Manchester Proud-a . Ova obavijest o\" \/>\n<meta property=\"og:url\" content=\"https:\/\/manchesterproud.org\/bs\/politika-privatnosti\/\" \/>\n<meta property=\"og:site_name\" content=\"Manchester Proud\" \/>\n<meta property=\"article:modified_time\" content=\"2024-05-02T07:10:48+00:00\" \/>\n<meta property=\"og:image\" content=\"https:\/\/manchesterproud.org\/wp-content\/uploads\/2024\/03\/blog-Default-ImageV2.jpg\" \/>\n\t<meta property=\"og:image:width\" content=\"936\" \/>\n\t<meta property=\"og:image:height\" content=\"624\" \/>\n\t<meta property=\"og:image:type\" content=\"image\/jpeg\" \/>\n<meta name=\"twitter:card\" content=\"summary_large_image\" \/>\n<meta name=\"twitter:label1\" content=\"Est. reading time\" \/>\n\t<meta name=\"twitter:data1\" content=\"3 minute\" \/>\n<script type=\"application\/ld+json\" class=\"yoast-schema-graph\">{\"@context\":\"https:\/\/schema.org\",\"@graph\":[{\"@type\":\"WebPage\",\"@id\":\"https:\/\/manchesterproud.org\/bs\/politika-privatnosti\/\",\"url\":\"https:\/\/manchesterproud.org\/bs\/politika-privatnosti\/\",\"name\":\"Politika privatnosti - Manchester Proud\",\"isPartOf\":{\"@id\":\"https:\/\/manchesterproud.org\/bs\/#website\"},\"primaryImageOfPage\":{\"@id\":\"https:\/\/manchesterproud.org\/bs\/politika-privatnosti\/#primaryimage\"},\"image\":{\"@id\":\"https:\/\/manchesterproud.org\/bs\/politika-privatnosti\/#primaryimage\"},\"thumbnailUrl\":\"https:\/\/manchesterproud.org\/wp-content\/uploads\/2024\/03\/blog-Default-ImageV2.jpg\",\"datePublished\":\"2024-02-07T12:15:08+00:00\",\"dateModified\":\"2024-05-02T07:10:48+00:00\",\"description\":\"Manchester Proud je kreirao ovu izjavu o politici privatnosti kako bi pokazao na\u0161u posve\u0107enost na\u0161oj i va\u0161oj privatnosti.\",\"breadcrumb\":{\"@id\":\"https:\/\/manchesterproud.org\/bs\/politika-privatnosti\/#breadcrumb\"},\"inLanguage\":\"bs-BA\",\"potentialAction\":[{\"@type\":\"ReadAction\",\"target\":[\"https:\/\/manchesterproud.org\/bs\/politika-privatnosti\/\"]}]},{\"@type\":\"ImageObject\",\"inLanguage\":\"bs-BA\",\"@id\":\"https:\/\/manchesterproud.org\/bs\/politika-privatnosti\/#primaryimage\",\"url\":\"https:\/\/manchesterproud.org\/wp-content\/uploads\/2024\/03\/blog-Default-ImageV2.jpg\",\"contentUrl\":\"https:\/\/manchesterproud.org\/wp-content\/uploads\/2024\/03\/blog-Default-ImageV2.jpg\",\"width\":936,\"height\":624},{\"@type\":\"BreadcrumbList\",\"@id\":\"https:\/\/manchesterproud.org\/bs\/politika-privatnosti\/#breadcrumb\",\"itemListElement\":[{\"@type\":\"ListItem\",\"position\":1,\"name\":\"Home\",\"item\":\"https:\/\/manchesterproud.org\/bs\/dom\/\"},{\"@type\":\"ListItem\",\"position\":2,\"name\":\"Politika privatnosti\"}]},{\"@type\":\"WebSite\",\"@id\":\"https:\/\/manchesterproud.org\/bs\/#website\",\"url\":\"https:\/\/manchesterproud.org\/bs\/\",\"name\":\"Manchester Proud\",\"description\":\"\",\"potentialAction\":[{\"@type\":\"SearchAction\",\"target\":{\"@type\":\"EntryPoint\",\"urlTemplate\":\"https:\/\/manchesterproud.org\/bs\/?s={search_term_string}\"},\"query-input\":{\"@type\":\"PropertyValueSpecification\",\"valueRequired\":true,\"valueName\":\"search_term_string\"}}],\"inLanguage\":\"bs-BA\"}]}<\/script>\n<!-- \/ Yoast SEO Premium plugin. -->","yoast_head_json":{"title":"Politika privatnosti - Manchester Proud","description":"Manchester Proud je kreirao ovu izjavu o politici privatnosti kako bi pokazao na\u0161u posve\u0107enost na\u0161oj i va\u0161oj privatnosti.","robots":{"index":"index","follow":"follow","max-snippet":"max-snippet:-1","max-image-preview":"max-image-preview:large","max-video-preview":"max-video-preview:-1"},"canonical":"https:\/\/manchesterproud.org\/bs\/politika-privatnosti\/","og_locale":"bs_BA","og_type":"article","og_title":"Politika privatnosti","og_description":"Obavijest o privatnosti Datum stupanja na snagu: april 2021 Ova obavijest o privatnosti otkriva praksu privatnosti Manchester Proud-a . Ova obavijest o","og_url":"https:\/\/manchesterproud.org\/bs\/politika-privatnosti\/","og_site_name":"Manchester Proud","article_modified_time":"2024-05-02T07:10:48+00:00","og_image":[{"width":936,"height":624,"url":"https:\/\/manchesterproud.org\/wp-content\/uploads\/2024\/03\/blog-Default-ImageV2.jpg","type":"image\/jpeg"}],"twitter_card":"summary_large_image","twitter_misc":{"Est. reading time":"3 minute"},"schema":{"@context":"https:\/\/schema.org","@graph":[{"@type":"WebPage","@id":"https:\/\/manchesterproud.org\/bs\/politika-privatnosti\/","url":"https:\/\/manchesterproud.org\/bs\/politika-privatnosti\/","name":"Politika privatnosti - Manchester Proud","isPartOf":{"@id":"https:\/\/manchesterproud.org\/bs\/#website"},"primaryImageOfPage":{"@id":"https:\/\/manchesterproud.org\/bs\/politika-privatnosti\/#primaryimage"},"image":{"@id":"https:\/\/manchesterproud.org\/bs\/politika-privatnosti\/#primaryimage"},"thumbnailUrl":"https:\/\/manchesterproud.org\/wp-content\/uploads\/2024\/03\/blog-Default-ImageV2.jpg","datePublished":"2024-02-07T12:15:08+00:00","dateModified":"2024-05-02T07:10:48+00:00","description":"Manchester Proud je kreirao ovu izjavu o politici privatnosti kako bi pokazao na\u0161u posve\u0107enost na\u0161oj i va\u0161oj privatnosti.","breadcrumb":{"@id":"https:\/\/manchesterproud.org\/bs\/politika-privatnosti\/#breadcrumb"},"inLanguage":"bs-BA","potentialAction":[{"@type":"ReadAction","target":["https:\/\/manchesterproud.org\/bs\/politika-privatnosti\/"]}]},{"@type":"ImageObject","inLanguage":"bs-BA","@id":"https:\/\/manchesterproud.org\/bs\/politika-privatnosti\/#primaryimage","url":"https:\/\/manchesterproud.org\/wp-content\/uploads\/2024\/03\/blog-Default-ImageV2.jpg","contentUrl":"https:\/\/manchesterproud.org\/wp-content\/uploads\/2024\/03\/blog-Default-ImageV2.jpg","width":936,"height":624},{"@type":"BreadcrumbList","@id":"https:\/\/manchesterproud.org\/bs\/politika-privatnosti\/#breadcrumb","itemListElement":[{"@type":"ListItem","position":1,"name":"Home","item":"https:\/\/manchesterproud.org\/bs\/dom\/"},{"@type":"ListItem","position":2,"name":"Politika privatnosti"}]},{"@type":"WebSite","@id":"https:\/\/manchesterproud.org\/bs\/#website","url":"https:\/\/manchesterproud.org\/bs\/","name":"Manchester Proud","description":"","potentialAction":[{"@type":"SearchAction","target":{"@type":"EntryPoint","urlTemplate":"https:\/\/manchesterproud.org\/bs\/?s={search_term_string}"},"query-input":{"@type":"PropertyValueSpecification","valueRequired":true,"valueName":"search_term_string"}}],"inLanguage":"bs-BA"}]}},"_links":{"self":[{"href":"https:\/\/manchesterproud.org\/bs\/wp-json\/wp\/v2\/pages\/9674","targetHints":{"allow":["GET"]}}],"collection":[{"href":"https:\/\/manchesterproud.org\/bs\/wp-json\/wp\/v2\/pages"}],"about":[{"href":"https:\/\/manchesterproud.org\/bs\/wp-json\/wp\/v2\/types\/page"}],"author":[{"embeddable":true,"href":"https:\/\/manchesterproud.org\/bs\/wp-json\/wp\/v2\/users\/2"}],"replies":[{"embeddable":true,"href":"https:\/\/manchesterproud.org\/bs\/wp-json\/wp\/v2\/comments?post=9674"}],"version-history":[{"count":0,"href":"https:\/\/manchesterproud.org\/bs\/wp-json\/wp\/v2\/pages\/9674\/revisions"}],"wp:featuredmedia":[{"embeddable":true,"href":"https:\/\/manchesterproud.org\/bs\/wp-json\/wp\/v2\/media\/3021"}],"wp:attachment":[{"href":"https:\/\/manchesterproud.org\/bs\/wp-json\/wp\/v2\/media?parent=9674"}],"curies":[{"name":"wp","href":"https:\/\/api.w.org\/{rel}","templated":true}]}}