{"id":9389,"date":"2021-04-16T13:38:36","date_gmt":"2021-04-16T17:38:36","guid":{"rendered":"https:\/\/manchesterproud.org\/fecha-de-vigencia-abril-de-2021\/"},"modified":"2024-05-02T02:42:09","modified_gmt":"2024-05-02T06:42:09","slug":"fecha-de-vigencia-abril-de-2021","status":"publish","type":"page","link":"https:\/\/manchesterproud.org\/es\/fecha-de-vigencia-abril-de-2021\/","title":{"rendered":"FECHA DE VIGENCIA: ABRIL DE 2021"},"content":{"rendered":"\t\t<div data-elementor-type=\"wp-page\" data-elementor-id=\"9389\" class=\"elementor elementor-9389 elementor-3\" data-elementor-post-type=\"page\">\n\t\t\t\t<div class=\"elementor-element elementor-element-737f3f45 e-flex e-con-boxed e-con e-parent\" data-id=\"737f3f45\" data-element_type=\"container\" data-e-type=\"container\">\n\t\t\t\t\t<div class=\"e-con-inner\">\n\t\t\t\t<div class=\"elementor-element elementor-element-132a4880 elementor-widget__width-initial elementor-widget elementor-widget-text-editor\" data-id=\"132a4880\" data-element_type=\"widget\" data-e-type=\"widget\" data-widget_type=\"text-editor.default\">\n\t\t\t\t<div class=\"elementor-widget-container\">\n\t\t\t\t\t\t\t\t\t\n<p><strong>Este aviso de privacidad revela las pr\u00e1cticas de privacidad de Manchester Proud<\/strong> . Este aviso de privacidad se aplica \u00fanicamente a la informaci\u00f3n recopilada y mostrada en este sitio web, excepto que se indique espec\u00edficamente lo contrario. Le notificar\u00e1 lo siguiente:<\/p>\n\n\n\n<ul><li>Qu\u00e9 informaci\u00f3n recopilamos, si corresponde;<\/li><li>Con qui\u00e9n se comparte;<\/li><li>C\u00f3mo se puede corregir;<\/li><li>C\u00f3mo se asegura;<\/li><li>C\u00f3mo se comunicar\u00e1n los cambios de pol\u00edtica; y<\/li><li>C\u00f3mo abordar las preocupaciones sobre el posible uso indebido de los datos.<\/li><\/ul>\n\n\n\n<h3>Recopilaci\u00f3n, uso, intercambio y control de informaci\u00f3n&nbsp;<\/h3>\n\n\n\n<h4>Para visitantes\/usuarios del sitio<\/h4>\n\n\n\n<p>Manchester Proud no utilizar\u00e1 este sitio para recopilar datos personales de visitantes\/usuarios individuales. Solo tendremos acceso a la informaci\u00f3n que usted nos pueda proporcionar voluntariamente por correo electr\u00f3nico u otro contacto directo suyo. No venderemos ni alquilaremos esta informaci\u00f3n a nadie. Compartiremos la informaci\u00f3n que usted proporcione con terceros S\u00d3LO cuando sea necesario para atender sus consultas.<\/p>\n\n\n\n<h4>Para recursos\/agencias\/socios listados<\/h4>\n\n\n\n<p>Manchester Proud publicar\u00e1 en este sitio informaci\u00f3n proporcionada por organizaciones y socios incluidos en la lista.&nbsp; <strong>Las organizaciones\/socios relacionados, no Manchester Proud, ser\u00e1n los \u00fanicos responsables de establecer y verificar la integridad y exactitud de toda dicha informaci\u00f3n de forma continua.<\/strong>&nbsp;&nbsp;<\/p>\n\n\n\n<p>Toda la informaci\u00f3n proporcionada por las organizaciones\/socios incluidos en la lista se considerar\u00e1 p\u00fablica y, por lo tanto, no requerir\u00e1 seguridad ni protecciones.<\/p>\n\n\n\n<p>Las organizaciones\/socios incluidos en la lista pueden comunicarse con nosotros en cualquier momento a trav\u00e9s de la direcci\u00f3n de correo electr\u00f3nico proporcionada en este sitio para:<\/p>\n\n\n\n<ul><li>Solicitar que se cambie\/corrija la informaci\u00f3n que figura en su lista<\/li><li>Solicitar la eliminaci\u00f3n de su listado de este sitio<\/li><li>Expresar cualquier inquietud o recomendaci\u00f3n respecto al uso de sus datos.<\/li><\/ul>\n\n\n\n<p>Es responsabilidad de las organizaciones\/socios incluidos en la lista determinar qu\u00e9 pol\u00edticas y pr\u00e1cticas de privacidad adicionales deben seguir como resultado de leyes, tratados o pr\u00e1cticas de la industria.&nbsp;<\/p>\n\n\n\n<h3>&nbsp;Notificaci\u00f3n de cambios<\/h3>\n\n\n\n<p>Los cambios a este aviso de privacidad se identificar\u00e1n en este sitio y se enviar\u00e1n a las organizaciones\/socios enumerados mediante notificaci\u00f3n por correo electr\u00f3nico.<\/p>\n\n\n\n<p>Si cree que no cumplimos con esta pol\u00edtica de privacidad, debe comunicarse con nosotros inmediatamente por correo electr\u00f3nico.&nbsp;<\/p>\n\n\n\n<h3>Galletas&nbsp;<\/h3>\n\n\n\n<p>Utilizamos \u00abcookies\u00bb en este sitio como resultado del uso de Google Analytics, pero no tenemos acceso ni control sobre estas cookies. Una cookie es un fragmento de datos almacenado en el disco duro de un visitante del sitio para ayudarnos a mejorar su acceso a nuestro sitio.&nbsp;  Las cookies permiten a Google Analytics rastrear y orientar los intereses de nuestros usuarios para mejorar su experiencia en nuestro sitio. El uso de una cookie no est\u00e1 vinculado de ninguna manera a informaci\u00f3n de identificaci\u00f3n personal en nuestro sitio, si la hubiera.<\/p>\n\n\n\n<h3>Enlaces&nbsp;<\/h3>\n\n\n\n<p>Este sitio web contiene enlaces a otros sitios. Tenga en cuenta que no somos responsables del contenido o las pr\u00e1cticas de privacidad de dichos otros sitios. Alentamos a nuestros usuarios a estar atentos cuando abandonan nuestro sitio y a leer las declaraciones de privacidad de cualquier otro sitio que recopile informaci\u00f3n de identificaci\u00f3n personal.<\/p>\n\n\n\n<h3>Encuestas  &nbsp;<\/h3>\n\n\n\n<p>De vez en cuando nuestro sitio puede solicitar informaci\u00f3n a trav\u00e9s de encuestas. La participaci\u00f3n en estas encuestas es completamente voluntaria y usted puede elegir si participar o no y, por lo tanto, revelar esta informaci\u00f3n. La informaci\u00f3n solicitada puede incluir informaci\u00f3n de contacto (como nombre y direcci\u00f3n) e informaci\u00f3n demogr\u00e1fica (como c\u00f3digo postal, nivel de edad). La informaci\u00f3n de contacto se utilizar\u00e1 para notificar a los participantes sobre los resultados de las encuestas, si as\u00ed lo solicitan. La informaci\u00f3n de la encuesta se utilizar\u00e1 con fines de monitorear o mejorar su uso y satisfacci\u00f3n de este sitio.<\/p>\n\n\n\n<h3>Cont\u00e1ctenos<\/h3>\n\n\n\n<p>Si tiene alguna pregunta sobre esta Pol\u00edtica de Privacidad o nuestro tratamiento de la informaci\u00f3n proporcionada para su uso, escr\u00edbanos por correo electr\u00f3nico a <a href=\"mailto:outreach@manchesterproud.org\">outreach@manchesterproud.org<\/a> .<\/p>\n\t\t\t\t\t\t\t\t<\/div>\n\t\t\t\t<\/div>\n\t\t\t\t\t<\/div>\n\t\t\t\t<\/div>\n\t\t\t\t<\/div>\n\t\t","protected":false},"excerpt":{"rendered":"<p>Este aviso de privacidad revela las pr\u00e1cticas de privacidad de Manchester Proud . Este aviso de privacidad se aplica \u00fanicamente a la informaci\u00f3n recopilada y mostrada en este sitio web,  <a href=\"https:\/\/manchesterproud.org\/es\/fecha-de-vigencia-abril-de-2021\/\" rel=\"bookmark\" title=\"FECHA DE VIGENCIA: ABRIL DE 2021\">[&hellip;]<\/a><\/p>\n","protected":false},"author":1,"featured_media":3021,"parent":0,"menu_order":0,"comment_status":"closed","ping_status":"closed","template":"","meta":{"_acf_changed":false,"_mo_disable_npp":"","footnotes":""},"class_list":["post-9389","page","type-page","status-publish","has-post-thumbnail","hentry"],"acf":[],"yoast_head":"<!-- This site is optimized with the Yoast SEO Premium plugin v21.5 (Yoast SEO v27.5) - https:\/\/yoast.com\/product\/yoast-seo-premium-wordpress\/ -->\n<title>Pol\u00edtica de privacidad | A partir de abril de 2021 | Br\u00fajula orgullosa de Manchester<\/title>\n<meta name=\"description\" content=\"Manchester Proud Compass ha creado esta declaraci\u00f3n de pol\u00edtica de privacidad para mostrar nuestro compromiso con nuestra privacidad y la suya.\" \/>\n<meta name=\"robots\" content=\"index, follow, max-snippet:-1, max-image-preview:large, max-video-preview:-1\" \/>\n<link rel=\"canonical\" href=\"https:\/\/manchesterproud.org\/es\/fecha-de-vigencia-abril-de-2021\/\" \/>\n<meta property=\"og:locale\" content=\"es_ES\" \/>\n<meta property=\"og:type\" content=\"article\" \/>\n<meta property=\"og:title\" content=\"FECHA DE VIGENCIA: ABRIL DE 2021\" \/>\n<meta property=\"og:description\" content=\"Este aviso de privacidad revela las pr\u00e1cticas de privacidad de Manchester Proud . Este aviso de privacidad se aplica \u00fanicamente a la informaci\u00f3n\" \/>\n<meta property=\"og:url\" content=\"https:\/\/manchesterproud.org\/es\/fecha-de-vigencia-abril-de-2021\/\" \/>\n<meta property=\"og:site_name\" content=\"Manchester Proud\" \/>\n<meta property=\"article:modified_time\" content=\"2024-05-02T06:42:09+00:00\" \/>\n<meta property=\"og:image\" content=\"https:\/\/manchesterproud.org\/wp-content\/uploads\/2024\/03\/blog-Default-ImageV2.jpg\" \/>\n\t<meta property=\"og:image:width\" content=\"936\" \/>\n\t<meta property=\"og:image:height\" content=\"624\" \/>\n\t<meta property=\"og:image:type\" content=\"image\/jpeg\" \/>\n<meta name=\"twitter:card\" content=\"summary_large_image\" \/>\n<meta name=\"twitter:label1\" content=\"Tiempo de lectura\" \/>\n\t<meta name=\"twitter:data1\" content=\"3 minutos\" \/>\n<script type=\"application\/ld+json\" class=\"yoast-schema-graph\">{\"@context\":\"https:\\\/\\\/schema.org\",\"@graph\":[{\"@type\":\"WebPage\",\"@id\":\"https:\\\/\\\/manchesterproud.org\\\/es\\\/fecha-de-vigencia-abril-de-2021\\\/\",\"url\":\"https:\\\/\\\/manchesterproud.org\\\/es\\\/fecha-de-vigencia-abril-de-2021\\\/\",\"name\":\"Pol\u00edtica de privacidad | A partir de abril de 2021 | Br\u00fajula orgullosa de Manchester\",\"isPartOf\":{\"@id\":\"https:\\\/\\\/manchesterproud.org\\\/es\\\/#website\"},\"primaryImageOfPage\":{\"@id\":\"https:\\\/\\\/manchesterproud.org\\\/es\\\/fecha-de-vigencia-abril-de-2021\\\/#primaryimage\"},\"image\":{\"@id\":\"https:\\\/\\\/manchesterproud.org\\\/es\\\/fecha-de-vigencia-abril-de-2021\\\/#primaryimage\"},\"thumbnailUrl\":\"https:\\\/\\\/manchesterproud.org\\\/wp-content\\\/uploads\\\/2024\\\/03\\\/blog-Default-ImageV2.jpg\",\"datePublished\":\"2021-04-16T17:38:36+00:00\",\"dateModified\":\"2024-05-02T06:42:09+00:00\",\"description\":\"Manchester Proud Compass ha creado esta declaraci\u00f3n de pol\u00edtica de privacidad para mostrar nuestro compromiso con nuestra privacidad y la suya.\",\"breadcrumb\":{\"@id\":\"https:\\\/\\\/manchesterproud.org\\\/es\\\/fecha-de-vigencia-abril-de-2021\\\/#breadcrumb\"},\"inLanguage\":\"es\",\"potentialAction\":[{\"@type\":\"ReadAction\",\"target\":[\"https:\\\/\\\/manchesterproud.org\\\/es\\\/fecha-de-vigencia-abril-de-2021\\\/\"]}]},{\"@type\":\"ImageObject\",\"inLanguage\":\"es\",\"@id\":\"https:\\\/\\\/manchesterproud.org\\\/es\\\/fecha-de-vigencia-abril-de-2021\\\/#primaryimage\",\"url\":\"https:\\\/\\\/manchesterproud.org\\\/wp-content\\\/uploads\\\/2024\\\/03\\\/blog-Default-ImageV2.jpg\",\"contentUrl\":\"https:\\\/\\\/manchesterproud.org\\\/wp-content\\\/uploads\\\/2024\\\/03\\\/blog-Default-ImageV2.jpg\",\"width\":936,\"height\":624},{\"@type\":\"BreadcrumbList\",\"@id\":\"https:\\\/\\\/manchesterproud.org\\\/es\\\/fecha-de-vigencia-abril-de-2021\\\/#breadcrumb\",\"itemListElement\":[{\"@type\":\"ListItem\",\"position\":1,\"name\":\"Home\",\"item\":\"https:\\\/\\\/manchesterproud.org\\\/es\\\/hogar\\\/\"},{\"@type\":\"ListItem\",\"position\":2,\"name\":\"FECHA DE VIGENCIA: ABRIL DE 2021\"}]},{\"@type\":\"WebSite\",\"@id\":\"https:\\\/\\\/manchesterproud.org\\\/es\\\/#website\",\"url\":\"https:\\\/\\\/manchesterproud.org\\\/es\\\/\",\"name\":\"Manchester Proud\",\"description\":\"\",\"potentialAction\":[{\"@type\":\"SearchAction\",\"target\":{\"@type\":\"EntryPoint\",\"urlTemplate\":\"https:\\\/\\\/manchesterproud.org\\\/es\\\/?s={search_term_string}\"},\"query-input\":{\"@type\":\"PropertyValueSpecification\",\"valueRequired\":true,\"valueName\":\"search_term_string\"}}],\"inLanguage\":\"es\"}]}<\/script>\n<!-- \/ Yoast SEO Premium plugin. -->","yoast_head_json":{"title":"Pol\u00edtica de privacidad | A partir de abril de 2021 | Br\u00fajula orgullosa de Manchester","description":"Manchester Proud Compass ha creado esta declaraci\u00f3n de pol\u00edtica de privacidad para mostrar nuestro compromiso con nuestra privacidad y la suya.","robots":{"index":"index","follow":"follow","max-snippet":"max-snippet:-1","max-image-preview":"max-image-preview:large","max-video-preview":"max-video-preview:-1"},"canonical":"https:\/\/manchesterproud.org\/es\/fecha-de-vigencia-abril-de-2021\/","og_locale":"es_ES","og_type":"article","og_title":"FECHA DE VIGENCIA: ABRIL DE 2021","og_description":"Este aviso de privacidad revela las pr\u00e1cticas de privacidad de Manchester Proud . Este aviso de privacidad se aplica \u00fanicamente a la informaci\u00f3n","og_url":"https:\/\/manchesterproud.org\/es\/fecha-de-vigencia-abril-de-2021\/","og_site_name":"Manchester Proud","article_modified_time":"2024-05-02T06:42:09+00:00","og_image":[{"width":936,"height":624,"url":"https:\/\/manchesterproud.org\/wp-content\/uploads\/2024\/03\/blog-Default-ImageV2.jpg","type":"image\/jpeg"}],"twitter_card":"summary_large_image","twitter_misc":{"Tiempo de lectura":"3 minutos"},"schema":{"@context":"https:\/\/schema.org","@graph":[{"@type":"WebPage","@id":"https:\/\/manchesterproud.org\/es\/fecha-de-vigencia-abril-de-2021\/","url":"https:\/\/manchesterproud.org\/es\/fecha-de-vigencia-abril-de-2021\/","name":"Pol\u00edtica de privacidad | A partir de abril de 2021 | Br\u00fajula orgullosa de Manchester","isPartOf":{"@id":"https:\/\/manchesterproud.org\/es\/#website"},"primaryImageOfPage":{"@id":"https:\/\/manchesterproud.org\/es\/fecha-de-vigencia-abril-de-2021\/#primaryimage"},"image":{"@id":"https:\/\/manchesterproud.org\/es\/fecha-de-vigencia-abril-de-2021\/#primaryimage"},"thumbnailUrl":"https:\/\/manchesterproud.org\/wp-content\/uploads\/2024\/03\/blog-Default-ImageV2.jpg","datePublished":"2021-04-16T17:38:36+00:00","dateModified":"2024-05-02T06:42:09+00:00","description":"Manchester Proud Compass ha creado esta declaraci\u00f3n de pol\u00edtica de privacidad para mostrar nuestro compromiso con nuestra privacidad y la suya.","breadcrumb":{"@id":"https:\/\/manchesterproud.org\/es\/fecha-de-vigencia-abril-de-2021\/#breadcrumb"},"inLanguage":"es","potentialAction":[{"@type":"ReadAction","target":["https:\/\/manchesterproud.org\/es\/fecha-de-vigencia-abril-de-2021\/"]}]},{"@type":"ImageObject","inLanguage":"es","@id":"https:\/\/manchesterproud.org\/es\/fecha-de-vigencia-abril-de-2021\/#primaryimage","url":"https:\/\/manchesterproud.org\/wp-content\/uploads\/2024\/03\/blog-Default-ImageV2.jpg","contentUrl":"https:\/\/manchesterproud.org\/wp-content\/uploads\/2024\/03\/blog-Default-ImageV2.jpg","width":936,"height":624},{"@type":"BreadcrumbList","@id":"https:\/\/manchesterproud.org\/es\/fecha-de-vigencia-abril-de-2021\/#breadcrumb","itemListElement":[{"@type":"ListItem","position":1,"name":"Home","item":"https:\/\/manchesterproud.org\/es\/hogar\/"},{"@type":"ListItem","position":2,"name":"FECHA DE VIGENCIA: ABRIL DE 2021"}]},{"@type":"WebSite","@id":"https:\/\/manchesterproud.org\/es\/#website","url":"https:\/\/manchesterproud.org\/es\/","name":"Manchester Proud","description":"","potentialAction":[{"@type":"SearchAction","target":{"@type":"EntryPoint","urlTemplate":"https:\/\/manchesterproud.org\/es\/?s={search_term_string}"},"query-input":{"@type":"PropertyValueSpecification","valueRequired":true,"valueName":"search_term_string"}}],"inLanguage":"es"}]}},"_links":{"self":[{"href":"https:\/\/manchesterproud.org\/es\/wp-json\/wp\/v2\/pages\/9389","targetHints":{"allow":["GET"]}}],"collection":[{"href":"https:\/\/manchesterproud.org\/es\/wp-json\/wp\/v2\/pages"}],"about":[{"href":"https:\/\/manchesterproud.org\/es\/wp-json\/wp\/v2\/types\/page"}],"author":[{"embeddable":true,"href":"https:\/\/manchesterproud.org\/es\/wp-json\/wp\/v2\/users\/1"}],"replies":[{"embeddable":true,"href":"https:\/\/manchesterproud.org\/es\/wp-json\/wp\/v2\/comments?post=9389"}],"version-history":[{"count":0,"href":"https:\/\/manchesterproud.org\/es\/wp-json\/wp\/v2\/pages\/9389\/revisions"}],"wp:featuredmedia":[{"embeddable":true,"href":"https:\/\/manchesterproud.org\/es\/wp-json\/wp\/v2\/media\/3021"}],"wp:attachment":[{"href":"https:\/\/manchesterproud.org\/es\/wp-json\/wp\/v2\/media?parent=9389"}],"curies":[{"name":"wp","href":"https:\/\/api.w.org\/{rel}","templated":true}]}}