{"id":9352,"date":"2021-05-03T12:58:32","date_gmt":"2021-05-03T16:58:32","guid":{"rendered":"https:\/\/manchesterproud.org\/ressources\/"},"modified":"2024-05-02T02:39:36","modified_gmt":"2024-05-02T06:39:36","slug":"ressources","status":"publish","type":"page","link":"https:\/\/manchesterproud.org\/fr\/ressources\/","title":{"rendered":"Ressources"},"content":{"rendered":"","protected":false},"excerpt":{"rendered":"<p> <a href=\"https:\/\/manchesterproud.org\/fr\/ressources\/\" rel=\"bookmark\" title=\"Ressources\">[&hellip;]<\/a><\/p>\n","protected":false},"author":1,"featured_media":3021,"parent":0,"menu_order":0,"comment_status":"closed","ping_status":"closed","template":"template-resources.php","meta":{"_acf_changed":false,"_mo_disable_npp":"","footnotes":""},"class_list":["post-9352","page","type-page","status-publish","has-post-thumbnail","hentry"],"acf":[],"yoast_head":"<!-- This site is optimized with the Yoast SEO Premium plugin v21.5 (Yoast SEO v27.2) - https:\/\/yoast.com\/product\/yoast-seo-premium-wordpress\/ -->\n<title>Ressources | Portail des services | Boussole fi\u00e8re de Manchester<\/title>\n<meta name=\"description\" content=\"Fournir des ressources pour aider \u00e0 construire un pont entre les \u00e9l\u00e8ves, les parents, le district scolaire de Manchester et la communaut\u00e9. Trouvez votre chemin aujourd&#039;hui\u00a0!\" \/>\n<meta name=\"robots\" content=\"index, follow, max-snippet:-1, max-image-preview:large, max-video-preview:-1\" \/>\n<link rel=\"canonical\" href=\"https:\/\/manchesterproud.org\/fr\/ressources\/\" \/>\n<meta property=\"og:locale\" content=\"fr_FR\" \/>\n<meta property=\"og:type\" content=\"article\" \/>\n<meta property=\"og:title\" content=\"Recherche de ressources Manchester Proud Compass\" \/>\n<meta property=\"og:description\" content=\"Fournir des ressources pour aider \u00e0 construire un pont entre les \u00e9l\u00e8ves, les parents, le district scolaire de Manchester et la communaut\u00e9. Utilisez cet outil pour vous aider \u00e0 trouver votre chemin\u00a0!\" \/>\n<meta property=\"og:url\" content=\"https:\/\/manchesterproud.org\/fr\/ressources\/\" \/>\n<meta property=\"og:site_name\" content=\"Manchester Proud\" \/>\n<meta property=\"article:modified_time\" content=\"2024-05-02T06:39:36+00:00\" \/>\n<meta property=\"og:image\" content=\"https:\/\/manchesterproud.org\/wp-content\/uploads\/2024\/03\/blog-Default-ImageV2.jpg\" \/>\n\t<meta property=\"og:image:width\" content=\"936\" \/>\n\t<meta property=\"og:image:height\" content=\"624\" \/>\n\t<meta property=\"og:image:type\" content=\"image\/jpeg\" \/>\n<meta name=\"twitter:card\" content=\"summary_large_image\" \/>\n<meta name=\"twitter:title\" content=\"Recherche de ressources Manchester Proud Compass\" \/>\n<meta name=\"twitter:description\" content=\"Fournir des ressources pour aider \u00e0 construire un pont entre les \u00e9l\u00e8ves, les parents, le district scolaire de Manchester et la communaut\u00e9. Utilisez cet outil pour vous aider \u00e0 trouver votre chemin\u00a0!\" \/>\n<script type=\"application\/ld+json\" class=\"yoast-schema-graph\">{\"@context\":\"https:\/\/schema.org\",\"@graph\":[{\"@type\":\"WebPage\",\"@id\":\"https:\/\/manchesterproud.org\/fr\/ressources\/\",\"url\":\"https:\/\/manchesterproud.org\/fr\/ressources\/\",\"name\":\"Ressources | Portail des services | Boussole fi\u00e8re de Manchester\",\"isPartOf\":{\"@id\":\"https:\/\/manchesterproud.org\/fr\/#website\"},\"primaryImageOfPage\":{\"@id\":\"https:\/\/manchesterproud.org\/fr\/ressources\/#primaryimage\"},\"image\":{\"@id\":\"https:\/\/manchesterproud.org\/fr\/ressources\/#primaryimage\"},\"thumbnailUrl\":\"https:\/\/manchesterproud.org\/wp-content\/uploads\/2024\/03\/blog-Default-ImageV2.jpg\",\"datePublished\":\"2021-05-03T16:58:32+00:00\",\"dateModified\":\"2024-05-02T06:39:36+00:00\",\"description\":\"Fournir des ressources pour aider \u00e0 construire un pont entre les \u00e9l\u00e8ves, les parents, le district scolaire de Manchester et la communaut\u00e9. Trouvez votre chemin aujourd'hui\u00a0!\",\"breadcrumb\":{\"@id\":\"https:\/\/manchesterproud.org\/fr\/ressources\/#breadcrumb\"},\"inLanguage\":\"fr-FR\",\"potentialAction\":[{\"@type\":\"ReadAction\",\"target\":[\"https:\/\/manchesterproud.org\/fr\/ressources\/\"]}]},{\"@type\":\"ImageObject\",\"inLanguage\":\"fr-FR\",\"@id\":\"https:\/\/manchesterproud.org\/fr\/ressources\/#primaryimage\",\"url\":\"https:\/\/manchesterproud.org\/wp-content\/uploads\/2024\/03\/blog-Default-ImageV2.jpg\",\"contentUrl\":\"https:\/\/manchesterproud.org\/wp-content\/uploads\/2024\/03\/blog-Default-ImageV2.jpg\",\"width\":936,\"height\":624},{\"@type\":\"BreadcrumbList\",\"@id\":\"https:\/\/manchesterproud.org\/fr\/ressources\/#breadcrumb\",\"itemListElement\":[{\"@type\":\"ListItem\",\"position\":1,\"name\":\"Home\",\"item\":\"https:\/\/manchesterproud.org\/fr\/maison\/\"},{\"@type\":\"ListItem\",\"position\":2,\"name\":\"Ressources\"}]},{\"@type\":\"WebSite\",\"@id\":\"https:\/\/manchesterproud.org\/fr\/#website\",\"url\":\"https:\/\/manchesterproud.org\/fr\/\",\"name\":\"Manchester Proud\",\"description\":\"\",\"potentialAction\":[{\"@type\":\"SearchAction\",\"target\":{\"@type\":\"EntryPoint\",\"urlTemplate\":\"https:\/\/manchesterproud.org\/fr\/?s={search_term_string}\"},\"query-input\":{\"@type\":\"PropertyValueSpecification\",\"valueRequired\":true,\"valueName\":\"search_term_string\"}}],\"inLanguage\":\"fr-FR\"}]}<\/script>\n<!-- \/ Yoast SEO Premium plugin. -->","yoast_head_json":{"title":"Ressources | Portail des services | Boussole fi\u00e8re de Manchester","description":"Fournir des ressources pour aider \u00e0 construire un pont entre les \u00e9l\u00e8ves, les parents, le district scolaire de Manchester et la communaut\u00e9. Trouvez votre chemin aujourd'hui\u00a0!","robots":{"index":"index","follow":"follow","max-snippet":"max-snippet:-1","max-image-preview":"max-image-preview:large","max-video-preview":"max-video-preview:-1"},"canonical":"https:\/\/manchesterproud.org\/fr\/ressources\/","og_locale":"fr_FR","og_type":"article","og_title":"Recherche de ressources Manchester Proud Compass","og_description":"Fournir des ressources pour aider \u00e0 construire un pont entre les \u00e9l\u00e8ves, les parents, le district scolaire de Manchester et la communaut\u00e9. Utilisez cet outil pour vous aider \u00e0 trouver votre chemin\u00a0!","og_url":"https:\/\/manchesterproud.org\/fr\/ressources\/","og_site_name":"Manchester Proud","article_modified_time":"2024-05-02T06:39:36+00:00","og_image":[{"width":936,"height":624,"url":"https:\/\/manchesterproud.org\/wp-content\/uploads\/2024\/03\/blog-Default-ImageV2.jpg","type":"image\/jpeg"}],"twitter_card":"summary_large_image","twitter_title":"Recherche de ressources Manchester Proud Compass","twitter_description":"Fournir des ressources pour aider \u00e0 construire un pont entre les \u00e9l\u00e8ves, les parents, le district scolaire de Manchester et la communaut\u00e9. Utilisez cet outil pour vous aider \u00e0 trouver votre chemin\u00a0!","schema":{"@context":"https:\/\/schema.org","@graph":[{"@type":"WebPage","@id":"https:\/\/manchesterproud.org\/fr\/ressources\/","url":"https:\/\/manchesterproud.org\/fr\/ressources\/","name":"Ressources | Portail des services | Boussole fi\u00e8re de Manchester","isPartOf":{"@id":"https:\/\/manchesterproud.org\/fr\/#website"},"primaryImageOfPage":{"@id":"https:\/\/manchesterproud.org\/fr\/ressources\/#primaryimage"},"image":{"@id":"https:\/\/manchesterproud.org\/fr\/ressources\/#primaryimage"},"thumbnailUrl":"https:\/\/manchesterproud.org\/wp-content\/uploads\/2024\/03\/blog-Default-ImageV2.jpg","datePublished":"2021-05-03T16:58:32+00:00","dateModified":"2024-05-02T06:39:36+00:00","description":"Fournir des ressources pour aider \u00e0 construire un pont entre les \u00e9l\u00e8ves, les parents, le district scolaire de Manchester et la communaut\u00e9. Trouvez votre chemin aujourd'hui\u00a0!","breadcrumb":{"@id":"https:\/\/manchesterproud.org\/fr\/ressources\/#breadcrumb"},"inLanguage":"fr-FR","potentialAction":[{"@type":"ReadAction","target":["https:\/\/manchesterproud.org\/fr\/ressources\/"]}]},{"@type":"ImageObject","inLanguage":"fr-FR","@id":"https:\/\/manchesterproud.org\/fr\/ressources\/#primaryimage","url":"https:\/\/manchesterproud.org\/wp-content\/uploads\/2024\/03\/blog-Default-ImageV2.jpg","contentUrl":"https:\/\/manchesterproud.org\/wp-content\/uploads\/2024\/03\/blog-Default-ImageV2.jpg","width":936,"height":624},{"@type":"BreadcrumbList","@id":"https:\/\/manchesterproud.org\/fr\/ressources\/#breadcrumb","itemListElement":[{"@type":"ListItem","position":1,"name":"Home","item":"https:\/\/manchesterproud.org\/fr\/maison\/"},{"@type":"ListItem","position":2,"name":"Ressources"}]},{"@type":"WebSite","@id":"https:\/\/manchesterproud.org\/fr\/#website","url":"https:\/\/manchesterproud.org\/fr\/","name":"Manchester Proud","description":"","potentialAction":[{"@type":"SearchAction","target":{"@type":"EntryPoint","urlTemplate":"https:\/\/manchesterproud.org\/fr\/?s={search_term_string}"},"query-input":{"@type":"PropertyValueSpecification","valueRequired":true,"valueName":"search_term_string"}}],"inLanguage":"fr-FR"}]}},"_links":{"self":[{"href":"https:\/\/manchesterproud.org\/fr\/wp-json\/wp\/v2\/pages\/9352","targetHints":{"allow":["GET"]}}],"collection":[{"href":"https:\/\/manchesterproud.org\/fr\/wp-json\/wp\/v2\/pages"}],"about":[{"href":"https:\/\/manchesterproud.org\/fr\/wp-json\/wp\/v2\/types\/page"}],"author":[{"embeddable":true,"href":"https:\/\/manchesterproud.org\/fr\/wp-json\/wp\/v2\/users\/1"}],"replies":[{"embeddable":true,"href":"https:\/\/manchesterproud.org\/fr\/wp-json\/wp\/v2\/comments?post=9352"}],"version-history":[{"count":0,"href":"https:\/\/manchesterproud.org\/fr\/wp-json\/wp\/v2\/pages\/9352\/revisions"}],"wp:featuredmedia":[{"embeddable":true,"href":"https:\/\/manchesterproud.org\/fr\/wp-json\/wp\/v2\/media\/3021"}],"wp:attachment":[{"href":"https:\/\/manchesterproud.org\/fr\/wp-json\/wp\/v2\/media?parent=9352"}],"curies":[{"name":"wp","href":"https:\/\/api.w.org\/{rel}","templated":true}]}}