{"id":9406,"date":"2021-04-16T13:38:36","date_gmt":"2021-04-16T17:38:36","guid":{"rendered":"https:\/\/manchesterproud.org\/date-dentree-en-vigueur-avril-2021\/"},"modified":"2024-05-02T02:42:10","modified_gmt":"2024-05-02T06:42:10","slug":"date-dentree-en-vigueur-avril-2021","status":"publish","type":"page","link":"https:\/\/manchesterproud.org\/fr\/date-dentree-en-vigueur-avril-2021\/","title":{"rendered":"DATE D&rsquo;ENTR\u00c9E EN VIGUEUR&nbsp;: AVRIL 2021"},"content":{"rendered":"\t\t<div data-elementor-type=\"wp-page\" data-elementor-id=\"9406\" class=\"elementor elementor-9406 elementor-3\" data-elementor-post-type=\"page\">\n\t\t\t\t<div class=\"elementor-element elementor-element-737f3f45 e-flex e-con-boxed e-con e-parent\" data-id=\"737f3f45\" data-element_type=\"container\" data-e-type=\"container\">\n\t\t\t\t\t<div class=\"e-con-inner\">\n\t\t\t\t<div class=\"elementor-element elementor-element-132a4880 elementor-widget__width-initial elementor-widget elementor-widget-text-editor\" data-id=\"132a4880\" data-element_type=\"widget\" data-e-type=\"widget\" data-widget_type=\"text-editor.default\">\n\t\t\t\t<div class=\"elementor-widget-container\">\n\t\t\t\t\t\t\t\t\t\n<p><strong>Cet avis de confidentialit\u00e9 divulgue les pratiques de confidentialit\u00e9 de Manchester Proud<\/strong> . Cet avis de confidentialit\u00e9 s&rsquo;applique uniquement aux informations collect\u00e9es et affich\u00e9es sur ce site Web, sauf indication contraire expresse. Il vous informera des \u00e9l\u00e9ments suivants&nbsp;:<\/p>\n\n\n\n<ul><li>Quelles informations nous collectons, le cas \u00e9ch\u00e9ant&nbsp;;<\/li><li>Avec qui il est partag\u00e9&nbsp;;<\/li><li>Comment cela peut \u00eatre corrig\u00e9&nbsp;;<\/li><li>Comment il est s\u00e9curis\u00e9&nbsp;;<\/li><li>Comment les changements de politique seront communiqu\u00e9s&nbsp;; et<\/li><li>Comment r\u00e9pondre aux pr\u00e9occupations concernant une \u00e9ventuelle utilisation abusive des donn\u00e9es.<\/li><\/ul>\n\n\n\n<h3>Collecte, utilisation, partage et contr\u00f4le des informations&nbsp;<\/h3>\n\n\n\n<h4>Pour les visiteurs\/utilisateurs du site<\/h4>\n\n\n\n<p>Manchester Proud n&rsquo;utilisera pas ce site pour collecter des donn\u00e9es personnelles aupr\u00e8s de visiteurs\/utilisateurs individuels. Nous n&rsquo;aurons acc\u00e8s qu&rsquo;aux informations que vous pouvez volontairement nous fournir par e-mail ou par tout autre contact direct de votre part. Nous ne vendrons ni ne louerons ces informations \u00e0 quiconque. Nous partagerons les informations que vous fournissez avec des tiers UNIQUEMENT dans la mesure n\u00e9cessaire pour r\u00e9pondre \u00e0 vos demandes.<\/p>\n\n\n\n<h4>Pour les ressources\/agences\/partenaires r\u00e9pertori\u00e9s<\/h4>\n\n\n\n<p>Manchester Proud publiera sur ce site des informations fournies par les organisations et partenaires r\u00e9pertori\u00e9s.&nbsp; <strong>Les organisations\/partenaires associ\u00e9s, et non Manchester Proud, seront seules responsables de l&rsquo;\u00e9tablissement et de la v\u00e9rification continue de l&rsquo;exhaustivit\u00e9 et de l&rsquo;exactitude de toutes ces informations.<\/strong>&nbsp;&nbsp;<\/p>\n\n\n\n<p>Toutes les informations fournies par les organisations\/partenaires inscripteurs doivent \u00eatre consid\u00e9r\u00e9es comme publiques et ne n\u00e9cessitent donc pas de s\u00e9curit\u00e9 ou de protection.<\/p>\n\n\n\n<p>Les organisations\/partenaires r\u00e9pertori\u00e9s peuvent nous contacter \u00e0 tout moment via l&rsquo;adresse e-mail fournie sur ce site pour :<\/p>\n\n\n\n<ul><li>Demander que les informations r\u00e9pertori\u00e9es soient modifi\u00e9es\/corrig\u00e9es<\/li><li>Demander la suppression de leur annonce de ce site<\/li><li>Exprimer toute pr\u00e9occupation ou recommandation concernant l\u2019utilisation de leurs donn\u00e9es<\/li><\/ul>\n\n\n\n<p>Il est de la responsabilit\u00e9 des organisations\/partenaires r\u00e9pertori\u00e9s de d\u00e9terminer les politiques et pratiques de confidentialit\u00e9 suppl\u00e9mentaires qu&rsquo;ils doivent suivre en raison des lois, des trait\u00e9s ou des pratiques du secteur.&nbsp;<\/p>\n\n\n\n<h3>&nbsp;Notification des modifications<\/h3>\n\n\n\n<p>Les modifications apport\u00e9es \u00e0 cet avis de confidentialit\u00e9 seront identifi\u00e9es sur ce site et envoy\u00e9es aux organisations\/partenaires r\u00e9pertori\u00e9s par notification par e-mail.<\/p>\n\n\n\n<p>Si vous estimez que nous ne respectons pas cette politique de confidentialit\u00e9, vous devez nous contacter imm\u00e9diatement par e-mail.&nbsp;<\/p>\n\n\n\n<h3>Biscuits&nbsp;<\/h3>\n\n\n\n<p>Nous utilisons des \u00ab cookies \u00bb sur ce site suite \u00e0 l&rsquo;utilisation de Google Analytics, mais nous n&rsquo;avons aucun acc\u00e8s ni contr\u00f4le sur ces cookies. Un cookie est un \u00e9l\u00e9ment de donn\u00e9es stock\u00e9 sur le disque dur d&rsquo;un visiteur du site pour nous aider \u00e0 am\u00e9liorer votre acc\u00e8s \u00e0 notre site.&nbsp;  Les cookies permettent \u00e0 Google Analytics de suivre et de cibler les int\u00e9r\u00eats de nos utilisateurs afin d&rsquo;am\u00e9liorer leur exp\u00e9rience sur notre site. L&rsquo;utilisation d&rsquo;un cookie n&rsquo;est en aucun cas li\u00e9e \u00e0 des informations personnellement identifiables sur notre site, le cas \u00e9ch\u00e9ant.<\/p>\n\n\n\n<h3>Liens&nbsp;<\/h3>\n\n\n\n<p>Ce site contient des liens vers d&rsquo;autres sites. Veuillez noter que nous ne sommes pas responsables du contenu ou des pratiques de confidentialit\u00e9 de ces autres sites. Nous encourageons nos utilisateurs \u00e0 \u00eatre vigilants lorsqu&rsquo;ils quittent notre site et \u00e0 lire les d\u00e9clarations de confidentialit\u00e9 de tout autre site collectant des informations personnellement identifiables.<\/p>\n\n\n\n<h3>Enqu\u00eates  &nbsp;<\/h3>\n\n\n\n<p>De temps en temps, notre site peut demander des informations via des enqu\u00eates. La participation \u00e0 ces enqu\u00eates est enti\u00e8rement volontaire et vous pouvez choisir de participer ou non et donc de divulguer ces informations. Les informations demand\u00e9es peuvent inclure des informations de contact (telles que le nom et l&rsquo;adresse) et des informations d\u00e9mographiques (telles que le code postal, le niveau d&rsquo;\u00e2ge). Les coordonn\u00e9es seront utilis\u00e9es pour informer les participants des r\u00e9sultats des sondages, s&rsquo;ils en font la demande. Les informations de l\u2019enqu\u00eate seront utilis\u00e9es \u00e0 des fins de suivi ou d\u2019am\u00e9lioration de votre utilisation et de votre satisfaction de ce site.<\/p>\n\n\n\n<h3>Contactez-nous<\/h3>\n\n\n\n<p>Si vous avez des questions sur cette politique de confidentialit\u00e9 ou sur notre traitement des informations fournies, veuillez nous \u00e9crire par e-mail \u00e0 <a href=\"mailto:outreach@manchesterproud.org\">outreach@manchesterproud.org<\/a> .<\/p>\n\t\t\t\t\t\t\t\t<\/div>\n\t\t\t\t<\/div>\n\t\t\t\t\t<\/div>\n\t\t\t\t<\/div>\n\t\t\t\t<\/div>\n\t\t","protected":false},"excerpt":{"rendered":"<p>Cet avis de confidentialit\u00e9 divulgue les pratiques de confidentialit\u00e9 de Manchester Proud . Cet avis de confidentialit\u00e9 s&rsquo;applique uniquement aux informations collect\u00e9es et affich\u00e9es sur ce site Web, sauf indication  <a href=\"https:\/\/manchesterproud.org\/fr\/date-dentree-en-vigueur-avril-2021\/\" rel=\"bookmark\" title=\"DATE D&rsquo;ENTR\u00c9E EN VIGUEUR&nbsp;: AVRIL 2021\">[&hellip;]<\/a><\/p>\n","protected":false},"author":1,"featured_media":3021,"parent":0,"menu_order":0,"comment_status":"closed","ping_status":"closed","template":"","meta":{"_acf_changed":false,"_mo_disable_npp":"","footnotes":""},"class_list":["post-9406","page","type-page","status-publish","has-post-thumbnail","hentry"],"acf":[],"yoast_head":"<!-- This site is optimized with the Yoast SEO Premium plugin v21.5 (Yoast SEO v27.5) - https:\/\/yoast.com\/product\/yoast-seo-premium-wordpress\/ -->\n<title>Politique de confidentialit\u00e9 | En vigueur en avril 2021 | Boussole fi\u00e8re de Manchester<\/title>\n<meta name=\"description\" content=\"Manchester Proud Compass a cr\u00e9\u00e9 cette d\u00e9claration de politique de confidentialit\u00e9 afin de montrer notre engagement envers notre et votre vie priv\u00e9e.\" \/>\n<meta name=\"robots\" content=\"index, follow, max-snippet:-1, max-image-preview:large, max-video-preview:-1\" \/>\n<link rel=\"canonical\" href=\"https:\/\/manchesterproud.org\/fr\/date-dentree-en-vigueur-avril-2021\/\" \/>\n<meta property=\"og:locale\" content=\"fr_FR\" \/>\n<meta property=\"og:type\" content=\"article\" \/>\n<meta property=\"og:title\" content=\"DATE D&#039;ENTR\u00c9E EN VIGUEUR&nbsp;: AVRIL 2021\" \/>\n<meta property=\"og:description\" content=\"Cet avis de confidentialit\u00e9 divulgue les pratiques de confidentialit\u00e9 de Manchester Proud . Cet avis de confidentialit\u00e9 s&#039;applique uniquement aux\" \/>\n<meta property=\"og:url\" content=\"https:\/\/manchesterproud.org\/fr\/date-dentree-en-vigueur-avril-2021\/\" \/>\n<meta property=\"og:site_name\" content=\"Manchester Proud\" \/>\n<meta property=\"article:modified_time\" content=\"2024-05-02T06:42:10+00:00\" \/>\n<meta property=\"og:image\" content=\"https:\/\/manchesterproud.org\/wp-content\/uploads\/2024\/03\/blog-Default-ImageV2.jpg\" \/>\n\t<meta property=\"og:image:width\" content=\"936\" \/>\n\t<meta property=\"og:image:height\" content=\"624\" \/>\n\t<meta property=\"og:image:type\" content=\"image\/jpeg\" \/>\n<meta name=\"twitter:card\" content=\"summary_large_image\" \/>\n<meta name=\"twitter:label1\" content=\"Dur\u00e9e de lecture estim\u00e9e\" \/>\n\t<meta name=\"twitter:data1\" content=\"4 minutes\" \/>\n<script type=\"application\/ld+json\" class=\"yoast-schema-graph\">{\"@context\":\"https:\\\/\\\/schema.org\",\"@graph\":[{\"@type\":\"WebPage\",\"@id\":\"https:\\\/\\\/manchesterproud.org\\\/fr\\\/date-dentree-en-vigueur-avril-2021\\\/\",\"url\":\"https:\\\/\\\/manchesterproud.org\\\/fr\\\/date-dentree-en-vigueur-avril-2021\\\/\",\"name\":\"Politique de confidentialit\u00e9 | En vigueur en avril 2021 | Boussole fi\u00e8re de Manchester\",\"isPartOf\":{\"@id\":\"https:\\\/\\\/manchesterproud.org\\\/fr\\\/#website\"},\"primaryImageOfPage\":{\"@id\":\"https:\\\/\\\/manchesterproud.org\\\/fr\\\/date-dentree-en-vigueur-avril-2021\\\/#primaryimage\"},\"image\":{\"@id\":\"https:\\\/\\\/manchesterproud.org\\\/fr\\\/date-dentree-en-vigueur-avril-2021\\\/#primaryimage\"},\"thumbnailUrl\":\"https:\\\/\\\/manchesterproud.org\\\/wp-content\\\/uploads\\\/2024\\\/03\\\/blog-Default-ImageV2.jpg\",\"datePublished\":\"2021-04-16T17:38:36+00:00\",\"dateModified\":\"2024-05-02T06:42:10+00:00\",\"description\":\"Manchester Proud Compass a cr\u00e9\u00e9 cette d\u00e9claration de politique de confidentialit\u00e9 afin de montrer notre engagement envers notre et votre vie priv\u00e9e.\",\"breadcrumb\":{\"@id\":\"https:\\\/\\\/manchesterproud.org\\\/fr\\\/date-dentree-en-vigueur-avril-2021\\\/#breadcrumb\"},\"inLanguage\":\"fr-FR\",\"potentialAction\":[{\"@type\":\"ReadAction\",\"target\":[\"https:\\\/\\\/manchesterproud.org\\\/fr\\\/date-dentree-en-vigueur-avril-2021\\\/\"]}]},{\"@type\":\"ImageObject\",\"inLanguage\":\"fr-FR\",\"@id\":\"https:\\\/\\\/manchesterproud.org\\\/fr\\\/date-dentree-en-vigueur-avril-2021\\\/#primaryimage\",\"url\":\"https:\\\/\\\/manchesterproud.org\\\/wp-content\\\/uploads\\\/2024\\\/03\\\/blog-Default-ImageV2.jpg\",\"contentUrl\":\"https:\\\/\\\/manchesterproud.org\\\/wp-content\\\/uploads\\\/2024\\\/03\\\/blog-Default-ImageV2.jpg\",\"width\":936,\"height\":624},{\"@type\":\"BreadcrumbList\",\"@id\":\"https:\\\/\\\/manchesterproud.org\\\/fr\\\/date-dentree-en-vigueur-avril-2021\\\/#breadcrumb\",\"itemListElement\":[{\"@type\":\"ListItem\",\"position\":1,\"name\":\"Home\",\"item\":\"https:\\\/\\\/manchesterproud.org\\\/fr\\\/maison\\\/\"},{\"@type\":\"ListItem\",\"position\":2,\"name\":\"DATE D&#8217;ENTR\u00c9E EN VIGUEUR&nbsp;: AVRIL 2021\"}]},{\"@type\":\"WebSite\",\"@id\":\"https:\\\/\\\/manchesterproud.org\\\/fr\\\/#website\",\"url\":\"https:\\\/\\\/manchesterproud.org\\\/fr\\\/\",\"name\":\"Manchester Proud\",\"description\":\"\",\"potentialAction\":[{\"@type\":\"SearchAction\",\"target\":{\"@type\":\"EntryPoint\",\"urlTemplate\":\"https:\\\/\\\/manchesterproud.org\\\/fr\\\/?s={search_term_string}\"},\"query-input\":{\"@type\":\"PropertyValueSpecification\",\"valueRequired\":true,\"valueName\":\"search_term_string\"}}],\"inLanguage\":\"fr-FR\"}]}<\/script>\n<!-- \/ Yoast SEO Premium plugin. -->","yoast_head_json":{"title":"Politique de confidentialit\u00e9 | En vigueur en avril 2021 | Boussole fi\u00e8re de Manchester","description":"Manchester Proud Compass a cr\u00e9\u00e9 cette d\u00e9claration de politique de confidentialit\u00e9 afin de montrer notre engagement envers notre et votre vie priv\u00e9e.","robots":{"index":"index","follow":"follow","max-snippet":"max-snippet:-1","max-image-preview":"max-image-preview:large","max-video-preview":"max-video-preview:-1"},"canonical":"https:\/\/manchesterproud.org\/fr\/date-dentree-en-vigueur-avril-2021\/","og_locale":"fr_FR","og_type":"article","og_title":"DATE D'ENTR\u00c9E EN VIGUEUR&nbsp;: AVRIL 2021","og_description":"Cet avis de confidentialit\u00e9 divulgue les pratiques de confidentialit\u00e9 de Manchester Proud . Cet avis de confidentialit\u00e9 s'applique uniquement aux","og_url":"https:\/\/manchesterproud.org\/fr\/date-dentree-en-vigueur-avril-2021\/","og_site_name":"Manchester Proud","article_modified_time":"2024-05-02T06:42:10+00:00","og_image":[{"width":936,"height":624,"url":"https:\/\/manchesterproud.org\/wp-content\/uploads\/2024\/03\/blog-Default-ImageV2.jpg","type":"image\/jpeg"}],"twitter_card":"summary_large_image","twitter_misc":{"Dur\u00e9e de lecture estim\u00e9e":"4 minutes"},"schema":{"@context":"https:\/\/schema.org","@graph":[{"@type":"WebPage","@id":"https:\/\/manchesterproud.org\/fr\/date-dentree-en-vigueur-avril-2021\/","url":"https:\/\/manchesterproud.org\/fr\/date-dentree-en-vigueur-avril-2021\/","name":"Politique de confidentialit\u00e9 | En vigueur en avril 2021 | Boussole fi\u00e8re de Manchester","isPartOf":{"@id":"https:\/\/manchesterproud.org\/fr\/#website"},"primaryImageOfPage":{"@id":"https:\/\/manchesterproud.org\/fr\/date-dentree-en-vigueur-avril-2021\/#primaryimage"},"image":{"@id":"https:\/\/manchesterproud.org\/fr\/date-dentree-en-vigueur-avril-2021\/#primaryimage"},"thumbnailUrl":"https:\/\/manchesterproud.org\/wp-content\/uploads\/2024\/03\/blog-Default-ImageV2.jpg","datePublished":"2021-04-16T17:38:36+00:00","dateModified":"2024-05-02T06:42:10+00:00","description":"Manchester Proud Compass a cr\u00e9\u00e9 cette d\u00e9claration de politique de confidentialit\u00e9 afin de montrer notre engagement envers notre et votre vie priv\u00e9e.","breadcrumb":{"@id":"https:\/\/manchesterproud.org\/fr\/date-dentree-en-vigueur-avril-2021\/#breadcrumb"},"inLanguage":"fr-FR","potentialAction":[{"@type":"ReadAction","target":["https:\/\/manchesterproud.org\/fr\/date-dentree-en-vigueur-avril-2021\/"]}]},{"@type":"ImageObject","inLanguage":"fr-FR","@id":"https:\/\/manchesterproud.org\/fr\/date-dentree-en-vigueur-avril-2021\/#primaryimage","url":"https:\/\/manchesterproud.org\/wp-content\/uploads\/2024\/03\/blog-Default-ImageV2.jpg","contentUrl":"https:\/\/manchesterproud.org\/wp-content\/uploads\/2024\/03\/blog-Default-ImageV2.jpg","width":936,"height":624},{"@type":"BreadcrumbList","@id":"https:\/\/manchesterproud.org\/fr\/date-dentree-en-vigueur-avril-2021\/#breadcrumb","itemListElement":[{"@type":"ListItem","position":1,"name":"Home","item":"https:\/\/manchesterproud.org\/fr\/maison\/"},{"@type":"ListItem","position":2,"name":"DATE D&#8217;ENTR\u00c9E EN VIGUEUR&nbsp;: AVRIL 2021"}]},{"@type":"WebSite","@id":"https:\/\/manchesterproud.org\/fr\/#website","url":"https:\/\/manchesterproud.org\/fr\/","name":"Manchester Proud","description":"","potentialAction":[{"@type":"SearchAction","target":{"@type":"EntryPoint","urlTemplate":"https:\/\/manchesterproud.org\/fr\/?s={search_term_string}"},"query-input":{"@type":"PropertyValueSpecification","valueRequired":true,"valueName":"search_term_string"}}],"inLanguage":"fr-FR"}]}},"_links":{"self":[{"href":"https:\/\/manchesterproud.org\/fr\/wp-json\/wp\/v2\/pages\/9406","targetHints":{"allow":["GET"]}}],"collection":[{"href":"https:\/\/manchesterproud.org\/fr\/wp-json\/wp\/v2\/pages"}],"about":[{"href":"https:\/\/manchesterproud.org\/fr\/wp-json\/wp\/v2\/types\/page"}],"author":[{"embeddable":true,"href":"https:\/\/manchesterproud.org\/fr\/wp-json\/wp\/v2\/users\/1"}],"replies":[{"embeddable":true,"href":"https:\/\/manchesterproud.org\/fr\/wp-json\/wp\/v2\/comments?post=9406"}],"version-history":[{"count":0,"href":"https:\/\/manchesterproud.org\/fr\/wp-json\/wp\/v2\/pages\/9406\/revisions"}],"wp:featuredmedia":[{"embeddable":true,"href":"https:\/\/manchesterproud.org\/fr\/wp-json\/wp\/v2\/media\/3021"}],"wp:attachment":[{"href":"https:\/\/manchesterproud.org\/fr\/wp-json\/wp\/v2\/media?parent=9406"}],"curies":[{"name":"wp","href":"https:\/\/api.w.org\/{rel}","templated":true}]}}