{"id":9694,"date":"2024-02-07T07:15:08","date_gmt":"2024-02-07T12:15:08","guid":{"rendered":"https:\/\/manchesterproud.org\/politique-de-confidentialite\/"},"modified":"2024-05-02T03:10:50","modified_gmt":"2024-05-02T07:10:50","slug":"politique-de-confidentialite","status":"publish","type":"page","link":"https:\/\/manchesterproud.org\/fr\/politique-de-confidentialite\/","title":{"rendered":"politique de confidentialit\u00e9"},"content":{"rendered":"\t\t<div data-elementor-type=\"wp-page\" data-elementor-id=\"9694\" class=\"elementor elementor-9694 elementor-2003\" data-elementor-post-type=\"page\">\n\t\t\t\t<div class=\"elementor-element elementor-element-9bc890c e-con-full e-flex e-con e-parent\" data-id=\"9bc890c\" data-element_type=\"container\" data-e-type=\"container\" data-settings=\"{&quot;background_background&quot;:&quot;classic&quot;}\">\n\t\t\t\t<\/div>\n\t\t<div class=\"elementor-element elementor-element-4196dc2 e-con-full e-flex e-con e-parent\" data-id=\"4196dc2\" data-element_type=\"container\" data-e-type=\"container\" data-settings=\"{&quot;background_background&quot;:&quot;classic&quot;}\">\n\t\t\t\t<\/div>\n\t\t<div class=\"elementor-element elementor-element-ec50f99 e-flex e-con-boxed e-con e-parent\" data-id=\"ec50f99\" data-element_type=\"container\" data-e-type=\"container\">\n\t\t\t\t\t<div class=\"e-con-inner\">\n\t\t\t\t<div class=\"elementor-element elementor-element-b9898b2 elementor-widget elementor-widget-heading\" data-id=\"b9898b2\" data-element_type=\"widget\" data-e-type=\"widget\" data-widget_type=\"heading.default\">\n\t\t\t\t<div class=\"elementor-widget-container\">\n\t\t\t\t\t<h2 class=\"elementor-heading-title elementor-size-default\">Avis de confidentialit\u00e9<\/h2>\t\t\t\t<\/div>\n\t\t\t\t<\/div>\n\t\t\t\t<div class=\"elementor-element elementor-element-d72e64f elementor-widget elementor-widget-text-editor\" data-id=\"d72e64f\" data-element_type=\"widget\" data-e-type=\"widget\" data-widget_type=\"text-editor.default\">\n\t\t\t\t<div class=\"elementor-widget-container\">\n\t\t\t\t\t\t\t\t\t<p>Date d&rsquo;entr\u00e9e en vigueur&nbsp;: avril 2021<\/p>\n\t\t\t\t\t\t\t\t<\/div>\n\t\t\t\t<\/div>\n\t\t\t\t<div class=\"elementor-element elementor-element-52ced33 elementor-widget elementor-widget-text-editor\" data-id=\"52ced33\" data-element_type=\"widget\" data-e-type=\"widget\" data-widget_type=\"text-editor.default\">\n\t\t\t\t<div class=\"elementor-widget-container\">\n\t\t\t\t\t\t\t\t\t<p><strong>Cet avis de confidentialit\u00e9 divulgue les pratiques de confidentialit\u00e9 de Manchester Proud<\/strong> . Cet avis de confidentialit\u00e9 s&rsquo;applique uniquement aux informations collect\u00e9es et affich\u00e9es sur ce site Web, sauf indication contraire expresse. Il vous informera des \u00e9l\u00e9ments suivants&nbsp;:<\/p>\n<ul>\n<li>Quelles informations nous collectons, le cas \u00e9ch\u00e9ant&nbsp;;<\/li>\n<li>Avec qui il est partag\u00e9&nbsp;;<\/li>\n<li>Comment cela peut \u00eatre corrig\u00e9&nbsp;;<\/li>\n<li>Comment il est s\u00e9curis\u00e9&nbsp;;<\/li>\n<li>Comment les changements de politique seront communiqu\u00e9s&nbsp;; et<\/li>\n<li>Comment r\u00e9pondre aux pr\u00e9occupations concernant une \u00e9ventuelle utilisation abusive des donn\u00e9es.<\/li>\n<\/ul>\t\t\t\t\t\t\t\t<\/div>\n\t\t\t\t<\/div>\n\t\t\t\t<div class=\"elementor-element elementor-element-a9b2642 elementor-widget elementor-widget-heading\" data-id=\"a9b2642\" data-element_type=\"widget\" data-e-type=\"widget\" data-widget_type=\"heading.default\">\n\t\t\t\t<div class=\"elementor-widget-container\">\n\t\t\t\t\t<h3 class=\"elementor-heading-title elementor-size-default\">Collecte, utilisation, partage et contr\u00f4le des informations  \n<\/h3>\t\t\t\t<\/div>\n\t\t\t\t<\/div>\n\t\t\t\t<div class=\"elementor-element elementor-element-715b07f elementor-widget elementor-widget-text-editor\" data-id=\"715b07f\" data-element_type=\"widget\" data-e-type=\"widget\" data-widget_type=\"text-editor.default\">\n\t\t\t\t<div class=\"elementor-widget-container\">\n\t\t\t\t\t\t\t\t\t<p>Pour les visiteurs\/utilisateurs du site<\/p>\n\t\t\t\t\t\t\t\t<\/div>\n\t\t\t\t<\/div>\n\t\t\t\t<div class=\"elementor-element elementor-element-a4efd9e elementor-widget elementor-widget-text-editor\" data-id=\"a4efd9e\" data-element_type=\"widget\" data-e-type=\"widget\" data-widget_type=\"text-editor.default\">\n\t\t\t\t<div class=\"elementor-widget-container\">\n\t\t\t\t\t\t\t\t\t<p>Manchester Proud n&rsquo;utilisera pas ce site pour collecter des donn\u00e9es personnelles aupr\u00e8s de visiteurs\/utilisateurs individuels. Nous n&rsquo;aurons acc\u00e8s qu&rsquo;aux informations que vous pouvez volontairement nous fournir par e-mail ou par tout autre contact direct de votre part. Nous ne vendrons ni ne louerons ces informations \u00e0 quiconque. Nous partagerons les informations que vous fournissez avec des tiers UNIQUEMENT dans la mesure n\u00e9cessaire pour r\u00e9pondre \u00e0 vos demandes.<\/p>\n\t\t\t\t\t\t\t\t<\/div>\n\t\t\t\t<\/div>\n\t\t\t\t<div class=\"elementor-element elementor-element-d795e40 elementor-widget elementor-widget-text-editor\" data-id=\"d795e40\" data-element_type=\"widget\" data-e-type=\"widget\" data-widget_type=\"text-editor.default\">\n\t\t\t\t<div class=\"elementor-widget-container\">\n\t\t\t\t\t\t\t\t\tPour les ressources\/agences\/partenaires r\u00e9pertori\u00e9s\n\t\t\t\t\t\t\t\t<\/div>\n\t\t\t\t<\/div>\n\t\t\t\t<div class=\"elementor-element elementor-element-015538e elementor-widget elementor-widget-text-editor\" data-id=\"015538e\" data-element_type=\"widget\" data-e-type=\"widget\" data-widget_type=\"text-editor.default\">\n\t\t\t\t<div class=\"elementor-widget-container\">\n\t\t\t\t\t\t\t\t\t<p>Manchester Proud publiera sur ce site des informations fournies par les organisations et partenaires r\u00e9pertori\u00e9s.  <strong>Les organisations\/partenaires associ\u00e9s, et non Manchester Proud, seront seules responsables de l&rsquo;\u00e9tablissement et de la v\u00e9rification continue de l&rsquo;exhaustivit\u00e9 et de l&rsquo;exactitude de toutes ces informations.<\/strong>  <\/p>\n<p>Toutes les informations fournies par les organisations\/partenaires inscripteurs doivent \u00eatre consid\u00e9r\u00e9es comme publiques et ne n\u00e9cessitent donc pas de s\u00e9curit\u00e9 ou de protection.<\/p>\n<p>Les organisations\/partenaires r\u00e9pertori\u00e9s peuvent nous contacter \u00e0 tout moment via l&rsquo;adresse e-mail fournie sur ce site pour :<\/p>\n<ul>\n<li>Demander que les informations r\u00e9pertori\u00e9es soient modifi\u00e9es\/corrig\u00e9es<\/li>\n<li>Demander la suppression de leur annonce de ce site<\/li>\n<li>Exprimer toute pr\u00e9occupation ou recommandation concernant l\u2019utilisation de leurs donn\u00e9es<\/li>\n<\/ul>\n<p>Il est de la responsabilit\u00e9 des organisations\/partenaires r\u00e9pertori\u00e9s de d\u00e9terminer les politiques et pratiques de confidentialit\u00e9 suppl\u00e9mentaires qu&rsquo;ils doivent suivre en raison des lois, des trait\u00e9s ou des pratiques du secteur.  <\/p>\t\t\t\t\t\t\t\t<\/div>\n\t\t\t\t<\/div>\n\t\t\t\t\t<\/div>\n\t\t\t\t<\/div>\n\t\t<div class=\"elementor-element elementor-element-11f631d e-flex e-con-boxed e-con e-parent\" data-id=\"11f631d\" data-element_type=\"container\" data-e-type=\"container\">\n\t\t\t\t\t<div class=\"e-con-inner\">\n\t\t\t\t<div class=\"elementor-element elementor-element-e3e09ae elementor-widget elementor-widget-heading\" data-id=\"e3e09ae\" data-element_type=\"widget\" data-e-type=\"widget\" data-widget_type=\"heading.default\">\n\t\t\t\t<div class=\"elementor-widget-container\">\n\t\t\t\t\t<h3 class=\"elementor-heading-title elementor-size-default\">Notification des modifications\n<\/h3>\t\t\t\t<\/div>\n\t\t\t\t<\/div>\n\t\t\t\t<div class=\"elementor-element elementor-element-567391a elementor-widget elementor-widget-text-editor\" data-id=\"567391a\" data-element_type=\"widget\" data-e-type=\"widget\" data-widget_type=\"text-editor.default\">\n\t\t\t\t<div class=\"elementor-widget-container\">\n\t\t\t\t\t\t\t\t\t<p>Les modifications apport\u00e9es \u00e0 cet avis de confidentialit\u00e9 seront identifi\u00e9es sur ce site et envoy\u00e9es aux organisations\/partenaires r\u00e9pertori\u00e9s par notification par e-mail.<\/p>\n<p>Si vous estimez que nous ne respectons pas cette politique de confidentialit\u00e9, vous devez nous contacter imm\u00e9diatement par e-mail.<\/p>\t\t\t\t\t\t\t\t<\/div>\n\t\t\t\t<\/div>\n\t\t\t\t\t<\/div>\n\t\t\t\t<\/div>\n\t\t<div class=\"elementor-element elementor-element-c6604d6 e-flex e-con-boxed e-con e-parent\" data-id=\"c6604d6\" data-element_type=\"container\" data-e-type=\"container\">\n\t\t\t\t\t<div class=\"e-con-inner\">\n\t\t\t\t<div class=\"elementor-element elementor-element-b77f395 elementor-widget elementor-widget-heading\" data-id=\"b77f395\" data-element_type=\"widget\" data-e-type=\"widget\" data-widget_type=\"heading.default\">\n\t\t\t\t<div class=\"elementor-widget-container\">\n\t\t\t\t\t<h3 class=\"elementor-heading-title elementor-size-default\">Biscuits  <\/h3>\t\t\t\t<\/div>\n\t\t\t\t<\/div>\n\t\t\t\t<div class=\"elementor-element elementor-element-9a9279d elementor-widget elementor-widget-text-editor\" data-id=\"9a9279d\" data-element_type=\"widget\" data-e-type=\"widget\" data-widget_type=\"text-editor.default\">\n\t\t\t\t<div class=\"elementor-widget-container\">\n\t\t\t\t\t\t\t\t\t<p>Nous utilisons des \u00ab cookies \u00bb sur ce site suite \u00e0 l&rsquo;utilisation de Google Analytics, mais nous n&rsquo;avons aucun acc\u00e8s ni contr\u00f4le sur ces cookies. Un cookie est un \u00e9l\u00e9ment de donn\u00e9es stock\u00e9 sur le disque dur d&rsquo;un visiteur du site pour nous aider \u00e0 am\u00e9liorer votre acc\u00e8s \u00e0 notre site. Les cookies permettent \u00e0 Google Analytics de suivre et de cibler les int\u00e9r\u00eats de nos utilisateurs afin d&rsquo;am\u00e9liorer leur exp\u00e9rience sur notre site. L&rsquo;utilisation d&rsquo;un cookie n&rsquo;est en aucun cas li\u00e9e \u00e0 des informations personnellement identifiables sur notre site, le cas \u00e9ch\u00e9ant.<\/p>\n\t\t\t\t\t\t\t\t<\/div>\n\t\t\t\t<\/div>\n\t\t\t\t\t<\/div>\n\t\t\t\t<\/div>\n\t\t<div class=\"elementor-element elementor-element-14b6c8a e-flex e-con-boxed e-con e-parent\" data-id=\"14b6c8a\" data-element_type=\"container\" data-e-type=\"container\">\n\t\t\t\t\t<div class=\"e-con-inner\">\n\t\t\t\t<div class=\"elementor-element elementor-element-d0c3628 elementor-widget elementor-widget-heading\" data-id=\"d0c3628\" data-element_type=\"widget\" data-e-type=\"widget\" data-widget_type=\"heading.default\">\n\t\t\t\t<div class=\"elementor-widget-container\">\n\t\t\t\t\t<h3 class=\"elementor-heading-title elementor-size-default\">Liens  <\/h3>\t\t\t\t<\/div>\n\t\t\t\t<\/div>\n\t\t\t\t<div class=\"elementor-element elementor-element-6f597b5 elementor-widget elementor-widget-text-editor\" data-id=\"6f597b5\" data-element_type=\"widget\" data-e-type=\"widget\" data-widget_type=\"text-editor.default\">\n\t\t\t\t<div class=\"elementor-widget-container\">\n\t\t\t\t\t\t\t\t\t<p>Ce site contient des liens vers d&rsquo;autres sites. Veuillez noter que nous ne sommes pas responsables du contenu ou des pratiques de confidentialit\u00e9 de ces autres sites. Nous encourageons nos utilisateurs \u00e0 \u00eatre vigilants lorsqu&rsquo;ils quittent notre site et \u00e0 lire les d\u00e9clarations de confidentialit\u00e9 de tout autre site collectant des informations personnellement identifiables.<\/p>\n\t\t\t\t\t\t\t\t<\/div>\n\t\t\t\t<\/div>\n\t\t\t\t\t<\/div>\n\t\t\t\t<\/div>\n\t\t<div class=\"elementor-element elementor-element-659f006 e-flex e-con-boxed e-con e-parent\" data-id=\"659f006\" data-element_type=\"container\" data-e-type=\"container\">\n\t\t\t\t\t<div class=\"e-con-inner\">\n\t\t\t\t<div class=\"elementor-element elementor-element-0cdf7c5 elementor-widget elementor-widget-heading\" data-id=\"0cdf7c5\" data-element_type=\"widget\" data-e-type=\"widget\" data-widget_type=\"heading.default\">\n\t\t\t\t<div class=\"elementor-widget-container\">\n\t\t\t\t\t<h3 class=\"elementor-heading-title elementor-size-default\">Enqu\u00eates  <\/h3>\t\t\t\t<\/div>\n\t\t\t\t<\/div>\n\t\t\t\t<div class=\"elementor-element elementor-element-8d9f41c elementor-widget elementor-widget-text-editor\" data-id=\"8d9f41c\" data-element_type=\"widget\" data-e-type=\"widget\" data-widget_type=\"text-editor.default\">\n\t\t\t\t<div class=\"elementor-widget-container\">\n\t\t\t\t\t\t\t\t\t<p>De temps en temps, notre site peut demander des informations via des enqu\u00eates. La participation \u00e0 ces enqu\u00eates est enti\u00e8rement volontaire et vous pouvez choisir de participer ou non et donc de divulguer ces informations. Les informations demand\u00e9es peuvent inclure des informations de contact (telles que le nom et l&rsquo;adresse) et des informations d\u00e9mographiques (telles que le code postal, le niveau d&rsquo;\u00e2ge). Les coordonn\u00e9es seront utilis\u00e9es pour informer les participants des r\u00e9sultats des sondages, s&rsquo;ils en font la demande. Les informations de l\u2019enqu\u00eate seront utilis\u00e9es \u00e0 des fins de suivi ou d\u2019am\u00e9lioration de votre utilisation et de votre satisfaction de ce site.<\/p>\n\t\t\t\t\t\t\t\t<\/div>\n\t\t\t\t<\/div>\n\t\t\t\t\t<\/div>\n\t\t\t\t<\/div>\n\t\t<div class=\"elementor-element elementor-element-c07185d e-flex e-con-boxed e-con e-parent\" data-id=\"c07185d\" data-element_type=\"container\" data-e-type=\"container\">\n\t\t\t\t\t<div class=\"e-con-inner\">\n\t\t\t\t<div class=\"elementor-element elementor-element-71e8d52 elementor-widget elementor-widget-heading\" data-id=\"71e8d52\" data-element_type=\"widget\" data-e-type=\"widget\" data-widget_type=\"heading.default\">\n\t\t\t\t<div class=\"elementor-widget-container\">\n\t\t\t\t\t<h3 class=\"elementor-heading-title elementor-size-default\">Contactez-nous\n<\/h3>\t\t\t\t<\/div>\n\t\t\t\t<\/div>\n\t\t\t\t<div class=\"elementor-element elementor-element-30f9b70 elementor-widget elementor-widget-text-editor\" data-id=\"30f9b70\" data-element_type=\"widget\" data-e-type=\"widget\" data-widget_type=\"text-editor.default\">\n\t\t\t\t<div class=\"elementor-widget-container\">\n\t\t\t\t\t\t\t\t\t<p>Si vous avez des questions sur cette politique de confidentialit\u00e9 ou sur notre traitement des informations fournies, veuillez nous \u00e9crire par e-mail \u00e0 <a href=\"mailto:outreach@manchesterproud.org\">outreach@manchesterproud.org<\/a> .<\/p>\n\t\t\t\t\t\t\t\t<\/div>\n\t\t\t\t<\/div>\n\t\t\t\t\t<\/div>\n\t\t\t\t<\/div>\n\t\t<div class=\"elementor-element elementor-element-c0bf40b e-con-full e-flex e-con e-parent\" data-id=\"c0bf40b\" data-element_type=\"container\" data-e-type=\"container\" data-settings=\"{&quot;background_background&quot;:&quot;classic&quot;}\">\n\t\t\t\t<div class=\"elementor-element elementor-element-39eadb0 elementor-widget elementor-widget-spacer\" data-id=\"39eadb0\" data-element_type=\"widget\" data-e-type=\"widget\" data-widget_type=\"spacer.default\">\n\t\t\t\t<div class=\"elementor-widget-container\">\n\t\t\t\t\t\t\t<div class=\"elementor-spacer\">\n\t\t\t<div class=\"elementor-spacer-inner\"><\/div>\n\t\t<\/div>\n\t\t\t\t\t\t<\/div>\n\t\t\t\t<\/div>\n\t\t\t\t<\/div>\n\t\t<div class=\"elementor-element elementor-element-fe53e4d e-flex e-con-boxed e-con e-parent\" data-id=\"fe53e4d\" data-element_type=\"container\" data-e-type=\"container\" data-settings=\"{&quot;background_background&quot;:&quot;gradient&quot;}\">\n\t\t\t\t\t<div class=\"e-con-inner\">\n\t\t<div class=\"elementor-element elementor-element-0bb7b77 e-flex e-con-boxed e-con e-child\" data-id=\"0bb7b77\" data-element_type=\"container\" data-e-type=\"container\">\n\t\t\t\t\t<div class=\"e-con-inner\">\n\t\t\t\t<div class=\"elementor-element elementor-element-7d65f71 elementor-widget elementor-widget-heading\" data-id=\"7d65f71\" data-element_type=\"widget\" data-e-type=\"widget\" data-widget_type=\"heading.default\">\n\t\t\t\t<div class=\"elementor-widget-container\">\n\t\t\t\t\t<h2 class=\"elementor-heading-title elementor-size-default\">\u00caTRE IMPLIQU\u00c9!<\/h2>\t\t\t\t<\/div>\n\t\t\t\t<\/div>\n\t\t\t\t<div class=\"elementor-element elementor-element-fadc1f1 elementor-widget__width-initial elementor-widget-mobile__width-inherit elementor-widget elementor-widget-text-editor\" data-id=\"fadc1f1\" data-element_type=\"widget\" data-e-type=\"widget\" data-widget_type=\"text-editor.default\">\n\t\t\t\t<div class=\"elementor-widget-container\">\n\t\t\t\t\t\t\t\t\t<p>Le pouvoir de construire et d\u2019entretenir des partenariats communautaires est un multiplicateur, \u00e9largissant nos connaissances collectives, notre expertise, notre exp\u00e9rience, nos capacit\u00e9s, nos ressources, nos opportunit\u00e9s et notre engagement envers notre objectif commun d\u2019excellence et d\u2019\u00e9quit\u00e9 pour tous les apprenants. Le vieil adage selon lequel \u00ab Deux t\u00eates valent mieux qu\u2019une \u00bb s\u2019applique certainement \u00e0 notre travail, et nous sommes tr\u00e8s chanceux d\u2019avoir de tr\u00e8s nombreuses t\u00eates qui contribuent au succ\u00e8s de notre district.<\/p>\n\t\t\t\t\t\t\t\t<\/div>\n\t\t\t\t<\/div>\n\t\t\t\t<div class=\"elementor-element elementor-element-cad3e89 elementor-align-center elementor-widget elementor-widget-button\" data-id=\"cad3e89\" data-element_type=\"widget\" data-e-type=\"widget\" data-widget_type=\"button.default\">\n\t\t\t\t<div class=\"elementor-widget-container\">\n\t\t\t\t\t\t\t\t\t<div class=\"elementor-button-wrapper\">\n\t\t\t\t\t<a class=\"elementor-button elementor-button-link elementor-size-sm\" href=\"https:\/\/manchesterproud.org\/fr\/contactez-nous\/?gf-help=I%20want%20to%20volunteer\">\n\t\t\t\t\t\t<span class=\"elementor-button-content-wrapper\">\n\t\t\t\t\t\t\t\t\t<span class=\"elementor-button-text\">Tu peux aider!<\/span>\n\t\t\t\t\t<\/span>\n\t\t\t\t\t<\/a>\n\t\t\t\t<\/div>\n\t\t\t\t\t\t\t\t<\/div>\n\t\t\t\t<\/div>\n\t\t\t\t\t<\/div>\n\t\t\t\t<\/div>\n\t\t\t\t\t<\/div>\n\t\t\t\t<\/div>\n\t\t\t\t<\/div>\n\t\t","protected":false},"excerpt":{"rendered":"<p>Avis de confidentialit\u00e9 Date d&rsquo;entr\u00e9e en vigueur&nbsp;: avril 2021 Cet avis de confidentialit\u00e9 divulgue les pratiques de confidentialit\u00e9 de Manchester Proud . Cet avis de confidentialit\u00e9 s&rsquo;applique uniquement aux informations  <a href=\"https:\/\/manchesterproud.org\/fr\/politique-de-confidentialite\/\" rel=\"bookmark\" title=\"politique de confidentialit\u00e9\">[&hellip;]<\/a><\/p>\n","protected":false},"author":2,"featured_media":3021,"parent":0,"menu_order":0,"comment_status":"closed","ping_status":"closed","template":"elementor_header_footer","meta":{"_acf_changed":false,"_mo_disable_npp":"","footnotes":""},"class_list":["post-9694","page","type-page","status-publish","has-post-thumbnail","hentry"],"acf":[],"yoast_head":"<!-- This site is optimized with the Yoast SEO Premium plugin v21.5 (Yoast SEO v27.2) - https:\/\/yoast.com\/product\/yoast-seo-premium-wordpress\/ -->\n<title>politique de confidentialit\u00e9 - Manchester Proud<\/title>\n<meta name=\"description\" content=\"Manchester Proud a cr\u00e9\u00e9 cette d\u00e9claration de politique de confidentialit\u00e9 afin de montrer notre engagement envers notre et votre vie priv\u00e9e.\" \/>\n<meta name=\"robots\" content=\"index, follow, max-snippet:-1, max-image-preview:large, max-video-preview:-1\" \/>\n<link rel=\"canonical\" href=\"https:\/\/manchesterproud.org\/fr\/politique-de-confidentialite\/\" \/>\n<meta property=\"og:locale\" content=\"fr_FR\" \/>\n<meta property=\"og:type\" content=\"article\" \/>\n<meta property=\"og:title\" content=\"politique de confidentialit\u00e9\" \/>\n<meta property=\"og:description\" content=\"Avis de confidentialit\u00e9 Date d&#039;entr\u00e9e en vigueur&nbsp;: avril 2021 Cet avis de confidentialit\u00e9 divulgue les pratiques de confidentialit\u00e9 de Manchester\" \/>\n<meta property=\"og:url\" content=\"https:\/\/manchesterproud.org\/fr\/politique-de-confidentialite\/\" \/>\n<meta property=\"og:site_name\" content=\"Manchester Proud\" \/>\n<meta property=\"article:modified_time\" content=\"2024-05-02T07:10:50+00:00\" \/>\n<meta property=\"og:image\" content=\"https:\/\/manchesterproud.org\/wp-content\/uploads\/2024\/03\/blog-Default-ImageV2.jpg\" \/>\n\t<meta property=\"og:image:width\" content=\"936\" \/>\n\t<meta property=\"og:image:height\" content=\"624\" \/>\n\t<meta property=\"og:image:type\" content=\"image\/jpeg\" \/>\n<meta name=\"twitter:card\" content=\"summary_large_image\" \/>\n<meta name=\"twitter:label1\" content=\"Dur\u00e9e de lecture estim\u00e9e\" \/>\n\t<meta name=\"twitter:data1\" content=\"4 minutes\" \/>\n<script type=\"application\/ld+json\" class=\"yoast-schema-graph\">{\"@context\":\"https:\/\/schema.org\",\"@graph\":[{\"@type\":\"WebPage\",\"@id\":\"https:\/\/manchesterproud.org\/fr\/politique-de-confidentialite\/\",\"url\":\"https:\/\/manchesterproud.org\/fr\/politique-de-confidentialite\/\",\"name\":\"politique de confidentialit\u00e9 - Manchester Proud\",\"isPartOf\":{\"@id\":\"https:\/\/manchesterproud.org\/fr\/#website\"},\"primaryImageOfPage\":{\"@id\":\"https:\/\/manchesterproud.org\/fr\/politique-de-confidentialite\/#primaryimage\"},\"image\":{\"@id\":\"https:\/\/manchesterproud.org\/fr\/politique-de-confidentialite\/#primaryimage\"},\"thumbnailUrl\":\"https:\/\/manchesterproud.org\/wp-content\/uploads\/2024\/03\/blog-Default-ImageV2.jpg\",\"datePublished\":\"2024-02-07T12:15:08+00:00\",\"dateModified\":\"2024-05-02T07:10:50+00:00\",\"description\":\"Manchester Proud a cr\u00e9\u00e9 cette d\u00e9claration de politique de confidentialit\u00e9 afin de montrer notre engagement envers notre et votre vie priv\u00e9e.\",\"breadcrumb\":{\"@id\":\"https:\/\/manchesterproud.org\/fr\/politique-de-confidentialite\/#breadcrumb\"},\"inLanguage\":\"fr-FR\",\"potentialAction\":[{\"@type\":\"ReadAction\",\"target\":[\"https:\/\/manchesterproud.org\/fr\/politique-de-confidentialite\/\"]}]},{\"@type\":\"ImageObject\",\"inLanguage\":\"fr-FR\",\"@id\":\"https:\/\/manchesterproud.org\/fr\/politique-de-confidentialite\/#primaryimage\",\"url\":\"https:\/\/manchesterproud.org\/wp-content\/uploads\/2024\/03\/blog-Default-ImageV2.jpg\",\"contentUrl\":\"https:\/\/manchesterproud.org\/wp-content\/uploads\/2024\/03\/blog-Default-ImageV2.jpg\",\"width\":936,\"height\":624},{\"@type\":\"BreadcrumbList\",\"@id\":\"https:\/\/manchesterproud.org\/fr\/politique-de-confidentialite\/#breadcrumb\",\"itemListElement\":[{\"@type\":\"ListItem\",\"position\":1,\"name\":\"Home\",\"item\":\"https:\/\/manchesterproud.org\/fr\/maison\/\"},{\"@type\":\"ListItem\",\"position\":2,\"name\":\"politique de confidentialit\u00e9\"}]},{\"@type\":\"WebSite\",\"@id\":\"https:\/\/manchesterproud.org\/fr\/#website\",\"url\":\"https:\/\/manchesterproud.org\/fr\/\",\"name\":\"Manchester Proud\",\"description\":\"\",\"potentialAction\":[{\"@type\":\"SearchAction\",\"target\":{\"@type\":\"EntryPoint\",\"urlTemplate\":\"https:\/\/manchesterproud.org\/fr\/?s={search_term_string}\"},\"query-input\":{\"@type\":\"PropertyValueSpecification\",\"valueRequired\":true,\"valueName\":\"search_term_string\"}}],\"inLanguage\":\"fr-FR\"}]}<\/script>\n<!-- \/ Yoast SEO Premium plugin. -->","yoast_head_json":{"title":"politique de confidentialit\u00e9 - Manchester Proud","description":"Manchester Proud a cr\u00e9\u00e9 cette d\u00e9claration de politique de confidentialit\u00e9 afin de montrer notre engagement envers notre et votre vie priv\u00e9e.","robots":{"index":"index","follow":"follow","max-snippet":"max-snippet:-1","max-image-preview":"max-image-preview:large","max-video-preview":"max-video-preview:-1"},"canonical":"https:\/\/manchesterproud.org\/fr\/politique-de-confidentialite\/","og_locale":"fr_FR","og_type":"article","og_title":"politique de confidentialit\u00e9","og_description":"Avis de confidentialit\u00e9 Date d'entr\u00e9e en vigueur&nbsp;: avril 2021 Cet avis de confidentialit\u00e9 divulgue les pratiques de confidentialit\u00e9 de Manchester","og_url":"https:\/\/manchesterproud.org\/fr\/politique-de-confidentialite\/","og_site_name":"Manchester Proud","article_modified_time":"2024-05-02T07:10:50+00:00","og_image":[{"width":936,"height":624,"url":"https:\/\/manchesterproud.org\/wp-content\/uploads\/2024\/03\/blog-Default-ImageV2.jpg","type":"image\/jpeg"}],"twitter_card":"summary_large_image","twitter_misc":{"Dur\u00e9e de lecture estim\u00e9e":"4 minutes"},"schema":{"@context":"https:\/\/schema.org","@graph":[{"@type":"WebPage","@id":"https:\/\/manchesterproud.org\/fr\/politique-de-confidentialite\/","url":"https:\/\/manchesterproud.org\/fr\/politique-de-confidentialite\/","name":"politique de confidentialit\u00e9 - Manchester Proud","isPartOf":{"@id":"https:\/\/manchesterproud.org\/fr\/#website"},"primaryImageOfPage":{"@id":"https:\/\/manchesterproud.org\/fr\/politique-de-confidentialite\/#primaryimage"},"image":{"@id":"https:\/\/manchesterproud.org\/fr\/politique-de-confidentialite\/#primaryimage"},"thumbnailUrl":"https:\/\/manchesterproud.org\/wp-content\/uploads\/2024\/03\/blog-Default-ImageV2.jpg","datePublished":"2024-02-07T12:15:08+00:00","dateModified":"2024-05-02T07:10:50+00:00","description":"Manchester Proud a cr\u00e9\u00e9 cette d\u00e9claration de politique de confidentialit\u00e9 afin de montrer notre engagement envers notre et votre vie priv\u00e9e.","breadcrumb":{"@id":"https:\/\/manchesterproud.org\/fr\/politique-de-confidentialite\/#breadcrumb"},"inLanguage":"fr-FR","potentialAction":[{"@type":"ReadAction","target":["https:\/\/manchesterproud.org\/fr\/politique-de-confidentialite\/"]}]},{"@type":"ImageObject","inLanguage":"fr-FR","@id":"https:\/\/manchesterproud.org\/fr\/politique-de-confidentialite\/#primaryimage","url":"https:\/\/manchesterproud.org\/wp-content\/uploads\/2024\/03\/blog-Default-ImageV2.jpg","contentUrl":"https:\/\/manchesterproud.org\/wp-content\/uploads\/2024\/03\/blog-Default-ImageV2.jpg","width":936,"height":624},{"@type":"BreadcrumbList","@id":"https:\/\/manchesterproud.org\/fr\/politique-de-confidentialite\/#breadcrumb","itemListElement":[{"@type":"ListItem","position":1,"name":"Home","item":"https:\/\/manchesterproud.org\/fr\/maison\/"},{"@type":"ListItem","position":2,"name":"politique de confidentialit\u00e9"}]},{"@type":"WebSite","@id":"https:\/\/manchesterproud.org\/fr\/#website","url":"https:\/\/manchesterproud.org\/fr\/","name":"Manchester Proud","description":"","potentialAction":[{"@type":"SearchAction","target":{"@type":"EntryPoint","urlTemplate":"https:\/\/manchesterproud.org\/fr\/?s={search_term_string}"},"query-input":{"@type":"PropertyValueSpecification","valueRequired":true,"valueName":"search_term_string"}}],"inLanguage":"fr-FR"}]}},"_links":{"self":[{"href":"https:\/\/manchesterproud.org\/fr\/wp-json\/wp\/v2\/pages\/9694","targetHints":{"allow":["GET"]}}],"collection":[{"href":"https:\/\/manchesterproud.org\/fr\/wp-json\/wp\/v2\/pages"}],"about":[{"href":"https:\/\/manchesterproud.org\/fr\/wp-json\/wp\/v2\/types\/page"}],"author":[{"embeddable":true,"href":"https:\/\/manchesterproud.org\/fr\/wp-json\/wp\/v2\/users\/2"}],"replies":[{"embeddable":true,"href":"https:\/\/manchesterproud.org\/fr\/wp-json\/wp\/v2\/comments?post=9694"}],"version-history":[{"count":0,"href":"https:\/\/manchesterproud.org\/fr\/wp-json\/wp\/v2\/pages\/9694\/revisions"}],"wp:featuredmedia":[{"embeddable":true,"href":"https:\/\/manchesterproud.org\/fr\/wp-json\/wp\/v2\/media\/3021"}],"wp:attachment":[{"href":"https:\/\/manchesterproud.org\/fr\/wp-json\/wp\/v2\/media?parent=9694"}],"curies":[{"name":"wp","href":"https:\/\/api.w.org\/{rel}","templated":true}]}}