{"id":9350,"date":"2021-05-03T12:58:32","date_gmt":"2021-05-03T16:58:32","guid":{"rendered":"https:\/\/manchesterproud.org\/tai-nguyen\/"},"modified":"2024-05-02T02:39:37","modified_gmt":"2024-05-02T06:39:37","slug":"tai-nguyen","status":"publish","type":"page","link":"https:\/\/manchesterproud.org\/vi\/tai-nguyen\/","title":{"rendered":"T\u00e0i nguy\u00ean"},"content":{"rendered":"","protected":false},"excerpt":{"rendered":"<p> <a href=\"https:\/\/manchesterproud.org\/vi\/tai-nguyen\/\" rel=\"bookmark\" title=\"T\u00e0i nguy\u00ean\">[&hellip;]<\/a><\/p>\n","protected":false},"author":1,"featured_media":3021,"parent":0,"menu_order":0,"comment_status":"closed","ping_status":"closed","template":"template-resources.php","meta":{"_acf_changed":false,"_mo_disable_npp":"","footnotes":""},"class_list":["post-9350","page","type-page","status-publish","has-post-thumbnail","hentry"],"acf":[],"yoast_head":"<!-- This site is optimized with the Yoast SEO Premium plugin v21.5 (Yoast SEO v27.2) - https:\/\/yoast.com\/product\/yoast-seo-premium-wordpress\/ -->\n<title>T\u00e0i nguy\u00ean | C\u1ed5ng th\u00f4ng tin d\u1ecbch v\u1ee5 | La b\u00e0n t\u1ef1 h\u00e0o c\u1ee7a Manchester<\/title>\n<meta name=\"description\" content=\"Cung c\u1ea5p c\u00e1c ngu\u1ed3n l\u1ef1c \u0111\u1ec3 gi\u00fap x\u00e2y d\u1ef1ng c\u1ea7u n\u1ed1i gi\u1eefa h\u1ecdc sinh, ph\u1ee5 huynh, H\u1ecdc khu Manchester v\u00e0 c\u1ed9ng \u0111\u1ed3ng. H\u00e3y t\u00ecm \u0111\u01b0\u1eddng \u0111i ngay h\u00f4m nay!\" \/>\n<meta name=\"robots\" content=\"index, follow, max-snippet:-1, max-image-preview:large, max-video-preview:-1\" \/>\n<link rel=\"canonical\" href=\"https:\/\/manchesterproud.org\/vi\/tai-nguyen\/\" \/>\n<meta property=\"og:locale\" content=\"vi_VN\" \/>\n<meta property=\"og:type\" content=\"article\" \/>\n<meta property=\"og:title\" content=\"T\u00ecm ki\u1ebfm t\u00e0i nguy\u00ean la b\u00e0n t\u1ef1 h\u00e0o c\u1ee7a Manchester\" \/>\n<meta property=\"og:description\" content=\"Cung c\u1ea5p c\u00e1c ngu\u1ed3n l\u1ef1c \u0111\u1ec3 gi\u00fap x\u00e2y d\u1ef1ng c\u1ea7u n\u1ed1i gi\u1eefa h\u1ecdc sinh, ph\u1ee5 huynh, H\u1ecdc khu Manchester v\u00e0 c\u1ed9ng \u0111\u1ed3ng. S\u1eed d\u1ee5ng c\u00f4ng c\u1ee5 n\u00e0y \u0111\u1ec3 gi\u00fap b\u1ea1n t\u00ecm \u0111\u01b0\u1eddng!\" \/>\n<meta property=\"og:url\" content=\"https:\/\/manchesterproud.org\/vi\/tai-nguyen\/\" \/>\n<meta property=\"og:site_name\" content=\"Manchester Proud\" \/>\n<meta property=\"article:modified_time\" content=\"2024-05-02T06:39:37+00:00\" \/>\n<meta property=\"og:image\" content=\"https:\/\/manchesterproud.org\/wp-content\/uploads\/2024\/03\/blog-Default-ImageV2.jpg\" \/>\n\t<meta property=\"og:image:width\" content=\"936\" \/>\n\t<meta property=\"og:image:height\" content=\"624\" \/>\n\t<meta property=\"og:image:type\" content=\"image\/jpeg\" \/>\n<meta name=\"twitter:card\" content=\"summary_large_image\" \/>\n<meta name=\"twitter:title\" content=\"T\u00ecm ki\u1ebfm t\u00e0i nguy\u00ean la b\u00e0n t\u1ef1 h\u00e0o c\u1ee7a Manchester\" \/>\n<meta name=\"twitter:description\" content=\"Cung c\u1ea5p c\u00e1c ngu\u1ed3n l\u1ef1c \u0111\u1ec3 gi\u00fap x\u00e2y d\u1ef1ng c\u1ea7u n\u1ed1i gi\u1eefa h\u1ecdc sinh, ph\u1ee5 huynh, H\u1ecdc khu Manchester v\u00e0 c\u1ed9ng \u0111\u1ed3ng. S\u1eed d\u1ee5ng c\u00f4ng c\u1ee5 n\u00e0y \u0111\u1ec3 gi\u00fap b\u1ea1n t\u00ecm \u0111\u01b0\u1eddng!\" \/>\n<script type=\"application\/ld+json\" class=\"yoast-schema-graph\">{\"@context\":\"https:\/\/schema.org\",\"@graph\":[{\"@type\":\"WebPage\",\"@id\":\"https:\/\/manchesterproud.org\/vi\/tai-nguyen\/\",\"url\":\"https:\/\/manchesterproud.org\/vi\/tai-nguyen\/\",\"name\":\"T\u00e0i nguy\u00ean | C\u1ed5ng th\u00f4ng tin d\u1ecbch v\u1ee5 | La b\u00e0n t\u1ef1 h\u00e0o c\u1ee7a Manchester\",\"isPartOf\":{\"@id\":\"https:\/\/manchesterproud.org\/vi\/#website\"},\"primaryImageOfPage\":{\"@id\":\"https:\/\/manchesterproud.org\/vi\/tai-nguyen\/#primaryimage\"},\"image\":{\"@id\":\"https:\/\/manchesterproud.org\/vi\/tai-nguyen\/#primaryimage\"},\"thumbnailUrl\":\"https:\/\/manchesterproud.org\/wp-content\/uploads\/2024\/03\/blog-Default-ImageV2.jpg\",\"datePublished\":\"2021-05-03T16:58:32+00:00\",\"dateModified\":\"2024-05-02T06:39:37+00:00\",\"description\":\"Cung c\u1ea5p c\u00e1c ngu\u1ed3n l\u1ef1c \u0111\u1ec3 gi\u00fap x\u00e2y d\u1ef1ng c\u1ea7u n\u1ed1i gi\u1eefa h\u1ecdc sinh, ph\u1ee5 huynh, H\u1ecdc khu Manchester v\u00e0 c\u1ed9ng \u0111\u1ed3ng. H\u00e3y t\u00ecm \u0111\u01b0\u1eddng \u0111i ngay h\u00f4m nay!\",\"breadcrumb\":{\"@id\":\"https:\/\/manchesterproud.org\/vi\/tai-nguyen\/#breadcrumb\"},\"inLanguage\":\"vi-VN\",\"potentialAction\":[{\"@type\":\"ReadAction\",\"target\":[\"https:\/\/manchesterproud.org\/vi\/tai-nguyen\/\"]}]},{\"@type\":\"ImageObject\",\"inLanguage\":\"vi-VN\",\"@id\":\"https:\/\/manchesterproud.org\/vi\/tai-nguyen\/#primaryimage\",\"url\":\"https:\/\/manchesterproud.org\/wp-content\/uploads\/2024\/03\/blog-Default-ImageV2.jpg\",\"contentUrl\":\"https:\/\/manchesterproud.org\/wp-content\/uploads\/2024\/03\/blog-Default-ImageV2.jpg\",\"width\":936,\"height\":624},{\"@type\":\"BreadcrumbList\",\"@id\":\"https:\/\/manchesterproud.org\/vi\/tai-nguyen\/#breadcrumb\",\"itemListElement\":[{\"@type\":\"ListItem\",\"position\":1,\"name\":\"Home\",\"item\":\"https:\/\/manchesterproud.org\/vi\/trang-chu\/\"},{\"@type\":\"ListItem\",\"position\":2,\"name\":\"T\u00e0i nguy\u00ean\"}]},{\"@type\":\"WebSite\",\"@id\":\"https:\/\/manchesterproud.org\/vi\/#website\",\"url\":\"https:\/\/manchesterproud.org\/vi\/\",\"name\":\"Manchester Proud\",\"description\":\"\",\"potentialAction\":[{\"@type\":\"SearchAction\",\"target\":{\"@type\":\"EntryPoint\",\"urlTemplate\":\"https:\/\/manchesterproud.org\/vi\/?s={search_term_string}\"},\"query-input\":{\"@type\":\"PropertyValueSpecification\",\"valueRequired\":true,\"valueName\":\"search_term_string\"}}],\"inLanguage\":\"vi-VN\"}]}<\/script>\n<!-- \/ Yoast SEO Premium plugin. -->","yoast_head_json":{"title":"T\u00e0i nguy\u00ean | C\u1ed5ng th\u00f4ng tin d\u1ecbch v\u1ee5 | La b\u00e0n t\u1ef1 h\u00e0o c\u1ee7a Manchester","description":"Cung c\u1ea5p c\u00e1c ngu\u1ed3n l\u1ef1c \u0111\u1ec3 gi\u00fap x\u00e2y d\u1ef1ng c\u1ea7u n\u1ed1i gi\u1eefa h\u1ecdc sinh, ph\u1ee5 huynh, H\u1ecdc khu Manchester v\u00e0 c\u1ed9ng \u0111\u1ed3ng. H\u00e3y t\u00ecm \u0111\u01b0\u1eddng \u0111i ngay h\u00f4m nay!","robots":{"index":"index","follow":"follow","max-snippet":"max-snippet:-1","max-image-preview":"max-image-preview:large","max-video-preview":"max-video-preview:-1"},"canonical":"https:\/\/manchesterproud.org\/vi\/tai-nguyen\/","og_locale":"vi_VN","og_type":"article","og_title":"T\u00ecm ki\u1ebfm t\u00e0i nguy\u00ean la b\u00e0n t\u1ef1 h\u00e0o c\u1ee7a Manchester","og_description":"Cung c\u1ea5p c\u00e1c ngu\u1ed3n l\u1ef1c \u0111\u1ec3 gi\u00fap x\u00e2y d\u1ef1ng c\u1ea7u n\u1ed1i gi\u1eefa h\u1ecdc sinh, ph\u1ee5 huynh, H\u1ecdc khu Manchester v\u00e0 c\u1ed9ng \u0111\u1ed3ng. S\u1eed d\u1ee5ng c\u00f4ng c\u1ee5 n\u00e0y \u0111\u1ec3 gi\u00fap b\u1ea1n t\u00ecm \u0111\u01b0\u1eddng!","og_url":"https:\/\/manchesterproud.org\/vi\/tai-nguyen\/","og_site_name":"Manchester Proud","article_modified_time":"2024-05-02T06:39:37+00:00","og_image":[{"width":936,"height":624,"url":"https:\/\/manchesterproud.org\/wp-content\/uploads\/2024\/03\/blog-Default-ImageV2.jpg","type":"image\/jpeg"}],"twitter_card":"summary_large_image","twitter_title":"T\u00ecm ki\u1ebfm t\u00e0i nguy\u00ean la b\u00e0n t\u1ef1 h\u00e0o c\u1ee7a Manchester","twitter_description":"Cung c\u1ea5p c\u00e1c ngu\u1ed3n l\u1ef1c \u0111\u1ec3 gi\u00fap x\u00e2y d\u1ef1ng c\u1ea7u n\u1ed1i gi\u1eefa h\u1ecdc sinh, ph\u1ee5 huynh, H\u1ecdc khu Manchester v\u00e0 c\u1ed9ng \u0111\u1ed3ng. S\u1eed d\u1ee5ng c\u00f4ng c\u1ee5 n\u00e0y \u0111\u1ec3 gi\u00fap b\u1ea1n t\u00ecm \u0111\u01b0\u1eddng!","schema":{"@context":"https:\/\/schema.org","@graph":[{"@type":"WebPage","@id":"https:\/\/manchesterproud.org\/vi\/tai-nguyen\/","url":"https:\/\/manchesterproud.org\/vi\/tai-nguyen\/","name":"T\u00e0i nguy\u00ean | C\u1ed5ng th\u00f4ng tin d\u1ecbch v\u1ee5 | La b\u00e0n t\u1ef1 h\u00e0o c\u1ee7a Manchester","isPartOf":{"@id":"https:\/\/manchesterproud.org\/vi\/#website"},"primaryImageOfPage":{"@id":"https:\/\/manchesterproud.org\/vi\/tai-nguyen\/#primaryimage"},"image":{"@id":"https:\/\/manchesterproud.org\/vi\/tai-nguyen\/#primaryimage"},"thumbnailUrl":"https:\/\/manchesterproud.org\/wp-content\/uploads\/2024\/03\/blog-Default-ImageV2.jpg","datePublished":"2021-05-03T16:58:32+00:00","dateModified":"2024-05-02T06:39:37+00:00","description":"Cung c\u1ea5p c\u00e1c ngu\u1ed3n l\u1ef1c \u0111\u1ec3 gi\u00fap x\u00e2y d\u1ef1ng c\u1ea7u n\u1ed1i gi\u1eefa h\u1ecdc sinh, ph\u1ee5 huynh, H\u1ecdc khu Manchester v\u00e0 c\u1ed9ng \u0111\u1ed3ng. H\u00e3y t\u00ecm \u0111\u01b0\u1eddng \u0111i ngay h\u00f4m nay!","breadcrumb":{"@id":"https:\/\/manchesterproud.org\/vi\/tai-nguyen\/#breadcrumb"},"inLanguage":"vi-VN","potentialAction":[{"@type":"ReadAction","target":["https:\/\/manchesterproud.org\/vi\/tai-nguyen\/"]}]},{"@type":"ImageObject","inLanguage":"vi-VN","@id":"https:\/\/manchesterproud.org\/vi\/tai-nguyen\/#primaryimage","url":"https:\/\/manchesterproud.org\/wp-content\/uploads\/2024\/03\/blog-Default-ImageV2.jpg","contentUrl":"https:\/\/manchesterproud.org\/wp-content\/uploads\/2024\/03\/blog-Default-ImageV2.jpg","width":936,"height":624},{"@type":"BreadcrumbList","@id":"https:\/\/manchesterproud.org\/vi\/tai-nguyen\/#breadcrumb","itemListElement":[{"@type":"ListItem","position":1,"name":"Home","item":"https:\/\/manchesterproud.org\/vi\/trang-chu\/"},{"@type":"ListItem","position":2,"name":"T\u00e0i nguy\u00ean"}]},{"@type":"WebSite","@id":"https:\/\/manchesterproud.org\/vi\/#website","url":"https:\/\/manchesterproud.org\/vi\/","name":"Manchester Proud","description":"","potentialAction":[{"@type":"SearchAction","target":{"@type":"EntryPoint","urlTemplate":"https:\/\/manchesterproud.org\/vi\/?s={search_term_string}"},"query-input":{"@type":"PropertyValueSpecification","valueRequired":true,"valueName":"search_term_string"}}],"inLanguage":"vi-VN"}]}},"_links":{"self":[{"href":"https:\/\/manchesterproud.org\/vi\/wp-json\/wp\/v2\/pages\/9350","targetHints":{"allow":["GET"]}}],"collection":[{"href":"https:\/\/manchesterproud.org\/vi\/wp-json\/wp\/v2\/pages"}],"about":[{"href":"https:\/\/manchesterproud.org\/vi\/wp-json\/wp\/v2\/types\/page"}],"author":[{"embeddable":true,"href":"https:\/\/manchesterproud.org\/vi\/wp-json\/wp\/v2\/users\/1"}],"replies":[{"embeddable":true,"href":"https:\/\/manchesterproud.org\/vi\/wp-json\/wp\/v2\/comments?post=9350"}],"version-history":[{"count":0,"href":"https:\/\/manchesterproud.org\/vi\/wp-json\/wp\/v2\/pages\/9350\/revisions"}],"wp:featuredmedia":[{"embeddable":true,"href":"https:\/\/manchesterproud.org\/vi\/wp-json\/wp\/v2\/media\/3021"}],"wp:attachment":[{"href":"https:\/\/manchesterproud.org\/vi\/wp-json\/wp\/v2\/media?parent=9350"}],"curies":[{"name":"wp","href":"https:\/\/api.w.org\/{rel}","templated":true}]}}