{"id":9363,"date":"2021-04-16T13:38:36","date_gmt":"2021-04-16T17:38:36","guid":{"rendered":"https:\/\/manchesterproud.org\/ngay-co-hieu-luc-thang-4-nam-2021\/"},"modified":"2024-05-02T02:42:32","modified_gmt":"2024-05-02T06:42:32","slug":"ngay-co-hieu-luc-thang-4-nam-2021","status":"publish","type":"page","link":"https:\/\/manchesterproud.org\/vi\/ngay-co-hieu-luc-thang-4-nam-2021\/","title":{"rendered":"NG\u00c0Y C\u00d3 HI\u1ec6U L\u1ef0C: TH\u00c1NG 4 N\u0102M 2021"},"content":{"rendered":"\t\t<div data-elementor-type=\"wp-page\" data-elementor-id=\"9363\" class=\"elementor elementor-9363 elementor-3\" data-elementor-post-type=\"page\">\n\t\t\t\t<div class=\"elementor-element elementor-element-737f3f45 e-flex e-con-boxed e-con e-parent\" data-id=\"737f3f45\" data-element_type=\"container\" data-e-type=\"container\">\n\t\t\t\t\t<div class=\"e-con-inner\">\n\t\t\t\t<div class=\"elementor-element elementor-element-132a4880 elementor-widget__width-initial elementor-widget elementor-widget-text-editor\" data-id=\"132a4880\" data-element_type=\"widget\" data-e-type=\"widget\" data-widget_type=\"text-editor.default\">\n\t\t\t\t<div class=\"elementor-widget-container\">\n\t\t\t\t\t\t\t\t\t\n<p><strong>Th\u00f4ng b\u00e1o v\u1ec1 quy\u1ec1n ri\u00eang t\u01b0 n\u00e0y ti\u1ebft l\u1ed9 c\u00e1c th\u00f4ng l\u1ec7 v\u1ec1 quy\u1ec1n ri\u00eang t\u01b0 c\u1ee7a Manchester Proud<\/strong> . Th\u00f4ng b\u00e1o v\u1ec1 quy\u1ec1n ri\u00eang t\u01b0 n\u00e0y ch\u1ec9 \u00e1p d\u1ee5ng cho th\u00f4ng tin \u0111\u01b0\u1ee3c thu th\u1eadp v\u00e0 hi\u1ec3n th\u1ecb tr\u00ean trang web n\u00e0y, tr\u1eeb khi c\u00f3 quy \u0111\u1ecbnh c\u1ee5 th\u1ec3 kh\u00e1c. N\u00f3 s\u1ebd th\u00f4ng b\u00e1o cho b\u1ea1n nh\u1eefng \u0111i\u1ec1u sau:<\/p>\n\n\n\n<ul><li>Th\u00f4ng tin n\u00e0o ch\u00fang t\u00f4i thu th\u1eadp, n\u1ebfu c\u00f3;<\/li><li>N\u00f3 \u0111\u01b0\u1ee3c chia s\u1ebb v\u1edbi ai;<\/li><li>L\u00e0m th\u1ebf n\u00e0o n\u00f3 c\u00f3 th\u1ec3 \u0111\u01b0\u1ee3c s\u1eeda ch\u1eefa;<\/li><li>N\u00f3 \u0111\u01b0\u1ee3c b\u1ea3o m\u1eadt nh\u01b0 th\u1ebf n\u00e0o;<\/li><li>Nh\u1eefng thay \u0111\u1ed5i ch\u00ednh s\u00e1ch s\u1ebd \u0111\u01b0\u1ee3c truy\u1ec1n \u0111\u1ea1t nh\u01b0 th\u1ebf n\u00e0o; V\u00e0<\/li><li>C\u00e1ch gi\u1ea3i quy\u1ebft m\u1ed1i lo ng\u1ea1i v\u1ec1 kh\u1ea3 n\u0103ng l\u1ea1m d\u1ee5ng d\u1eef li\u1ec7u.<\/li><\/ul>\n\n\n\n<h3>Thu th\u1eadp, s\u1eed d\u1ee5ng, chia s\u1ebb v\u00e0 ki\u1ec3m so\u00e1t th\u00f4ng tin&nbsp;<\/h3>\n\n\n\n<h4>D\u00e0nh cho kh\u00e1ch truy c\u1eadp\/ng\u01b0\u1eddi d\u00f9ng trang web<\/h4>\n\n\n\n<p>Manchester Proud s\u1ebd kh\u00f4ng s\u1eed d\u1ee5ng trang web n\u00e0y \u0111\u1ec3 thu th\u1eadp d\u1eef li\u1ec7u c\u00e1 nh\u00e2n t\u1eeb c\u00e1 nh\u00e2n kh\u00e1ch truy c\u1eadp\/ng\u01b0\u1eddi d\u00f9ng. Ch\u00fang t\u00f4i s\u1ebd ch\u1ec9 c\u00f3 quy\u1ec1n truy c\u1eadp v\u00e0o th\u00f4ng tin m\u00e0 b\u1ea1n c\u00f3 th\u1ec3 t\u1ef1 nguy\u1ec7n cung c\u1ea5p cho ch\u00fang t\u00f4i qua email ho\u1eb7c li\u00ean h\u1ec7 tr\u1ef1c ti\u1ebfp kh\u00e1c t\u1eeb b\u1ea1n. Ch\u00fang t\u00f4i s\u1ebd kh\u00f4ng b\u00e1n ho\u1eb7c cho thu\u00ea th\u00f4ng tin n\u00e0y cho b\u1ea5t c\u1ee9 ai. Ch\u00fang t\u00f4i s\u1ebd CH\u1ec8 chia s\u1ebb th\u00f4ng tin b\u1ea1n cung c\u1ea5p v\u1edbi b\u00ean th\u1ee9 ba khi c\u1ea7n thi\u1ebft \u0111\u1ec3 gi\u1ea3i quy\u1ebft c\u00e1c th\u1eafc m\u1eafc c\u1ee7a b\u1ea1n.<\/p>\n\n\n\n<h4>D\u00e0nh cho c\u00e1c ngu\u1ed3n l\u1ef1c\/c\u01a1 quan\/\u0111\u1ed1i t\u00e1c \u0111\u01b0\u1ee3c li\u1ec7t k\u00ea<\/h4>\n\n\n\n<p>Manchester Proud s\u1ebd \u0111\u0103ng t\u1ea3i tr\u00ean trang web n\u00e0y th\u00f4ng tin \u0111\u01b0\u1ee3c cung c\u1ea5p b\u1edfi c\u00e1c t\u1ed5 ch\u1ee9c v\u00e0 \u0111\u1ed1i t\u00e1c \u0111\u01b0\u1ee3c li\u1ec7t k\u00ea.&nbsp; <strong>C\u00e1c t\u1ed5 ch\u1ee9c\/\u0111\u1ed1i t\u00e1c li\u00ean quan, kh\u00f4ng ph\u1ea3i Manchester Proud, s\u1ebd ho\u00e0n to\u00e0n ch\u1ecbu tr\u00e1ch nhi\u1ec7m v\u1ec1 vi\u1ec7c thi\u1ebft l\u1eadp v\u00e0 x\u00e1c minh t\u00ednh \u0111\u1ea7y \u0111\u1ee7 v\u00e0 ch\u00ednh x\u00e1c c\u1ee7a t\u1ea5t c\u1ea3 c\u00e1c th\u00f4ng tin \u0111\u00f3 m\u1ed9t c\u00e1ch li\u00ean t\u1ee5c.<\/strong>&nbsp;&nbsp;<\/p>\n\n\n\n<p>T\u1ea5t c\u1ea3 th\u00f4ng tin do c\u00e1c t\u1ed5 ch\u1ee9c\/\u0111\u1ed1i t\u00e1c ni\u00eam y\u1ebft cung c\u1ea5p s\u1ebd \u0111\u01b0\u1ee3c coi l\u00e0 c\u00f4ng khai v\u00e0 do \u0111\u00f3 kh\u00f4ng y\u00eau c\u1ea7u b\u1ea3o m\u1eadt ho\u1eb7c bi\u1ec7n ph\u00e1p b\u1ea3o v\u1ec7.<\/p>\n\n\n\n<p>C\u00e1c t\u1ed5 ch\u1ee9c\/\u0111\u1ed1i t\u00e1c \u0111\u01b0\u1ee3c li\u1ec7t k\u00ea c\u00f3 th\u1ec3 li\u00ean h\u1ec7 v\u1edbi ch\u00fang t\u00f4i b\u1ea5t k\u1ef3 l\u00fac n\u00e0o qua \u0111\u1ecba ch\u1ec9 email \u0111\u01b0\u1ee3c cung c\u1ea5p tr\u00ean trang n\u00e0y \u0111\u1ec3:<\/p>\n\n\n\n<ul><li>Y\u00eau c\u1ea7u thay \u0111\u1ed5i\/s\u1eeda th\u00f4ng tin \u0111\u01b0\u1ee3c li\u1ec7t k\u00ea c\u1ee7a h\u1ecd<\/li><li>Y\u00eau c\u1ea7u x\u00f3a danh s\u00e1ch c\u1ee7a h\u1ecd kh\u1ecfi trang web n\u00e0y<\/li><li>Th\u1ec3 hi\u1ec7n b\u1ea5t k\u1ef3 m\u1ed1i quan ng\u1ea1i ho\u1eb7c khuy\u1ebfn ngh\u1ecb n\u00e0o li\u00ean quan \u0111\u1ebfn vi\u1ec7c s\u1eed d\u1ee5ng d\u1eef li\u1ec7u c\u1ee7a h\u1ecd<\/li><\/ul>\n\n\n\n<p>Tr\u00e1ch nhi\u1ec7m c\u1ee7a c\u00e1c t\u1ed5 ch\u1ee9c\/\u0111\u1ed1i t\u00e1c \u0111\u01b0\u1ee3c li\u1ec7t k\u00ea l\u00e0 x\u00e1c \u0111\u1ecbnh nh\u1eefng ch\u00ednh s\u00e1ch v\u00e0 bi\u1ec7n ph\u00e1p th\u1ef1c h\u00e0nh b\u1ed5 sung v\u1ec1 quy\u1ec1n ri\u00eang t\u01b0 m\u00e0 h\u1ecd ph\u1ea3i tu\u00e2n theo do lu\u1eadt ph\u00e1p, hi\u1ec7p \u01b0\u1edbc ho\u1eb7c th\u00f4ng l\u1ec7 trong ng\u00e0nh.&nbsp;<\/p>\n\n\n\n<h3>&nbsp;Th\u00f4ng b\u00e1o thay \u0111\u1ed5i<\/h3>\n\n\n\n<p>Nh\u1eefng thay \u0111\u1ed5i \u0111\u1ed1i v\u1edbi th\u00f4ng b\u00e1o v\u1ec1 quy\u1ec1n ri\u00eang t\u01b0 n\u00e0y s\u1ebd \u0111\u01b0\u1ee3c x\u00e1c \u0111\u1ecbnh tr\u00ean trang web n\u00e0y v\u00e0 \u0111\u01b0\u1ee3c g\u1eedi \u0111\u1ebfn c\u00e1c t\u1ed5 ch\u1ee9c\/\u0111\u1ed1i t\u00e1c \u0111\u01b0\u1ee3c li\u1ec7t k\u00ea qua th\u00f4ng b\u00e1o qua email.<\/p>\n\n\n\n<p>N\u1ebfu b\u1ea1n c\u1ea3m th\u1ea5y ch\u00fang t\u00f4i kh\u00f4ng tu\u00e2n th\u1ee7 ch\u00ednh s\u00e1ch quy\u1ec1n ri\u00eang t\u01b0 n\u00e0y, b\u1ea1n n\u00ean li\u00ean h\u1ec7 ngay v\u1edbi ch\u00fang t\u00f4i qua email.&nbsp;<\/p>\n\n\n\n<h3>B\u00e1nh quy&nbsp;<\/h3>\n\n\n\n<p>Ch\u00fang t\u00f4i s\u1eed d\u1ee5ng &#8220;cookie&#8221; tr\u00ean trang web n\u00e0y do s\u1eed d\u1ee5ng Google Analytics nh\u01b0ng ch\u00fang t\u00f4i kh\u00f4ng c\u00f3 quy\u1ec1n truy c\u1eadp ho\u1eb7c ki\u1ec3m so\u00e1t c\u00e1c cookie n\u00e0y. Cookie l\u00e0 m\u1ed9t ph\u1ea7n d\u1eef li\u1ec7u \u0111\u01b0\u1ee3c l\u01b0u tr\u1eef tr\u00ean \u1ed5 c\u1ee9ng c\u1ee7a kh\u00e1ch truy c\u1eadp trang web \u0111\u1ec3 gi\u00fap ch\u00fang t\u00f4i c\u1ea3i thi\u1ec7n kh\u1ea3 n\u0103ng truy c\u1eadp c\u1ee7a b\u1ea1n v\u00e0o trang web c\u1ee7a ch\u00fang t\u00f4i.&nbsp;  Cookie cho ph\u00e9p Google Analytics theo d\u00f5i v\u00e0 nh\u1eafm m\u1ee5c ti\u00eau l\u1ee3i \u00edch c\u1ee7a ng\u01b0\u1eddi d\u00f9ng \u0111\u1ec3 n\u00e2ng cao tr\u1ea3i nghi\u1ec7m c\u1ee7a h\u1ecd tr\u00ean trang web c\u1ee7a ch\u00fang t\u00f4i. Vi\u1ec7c s\u1eed d\u1ee5ng cookie kh\u00f4ng \u0111\u01b0\u1ee3c li\u00ean k\u1ebft v\u1edbi th\u00f4ng tin nh\u1eadn d\u1ea1ng c\u00e1 nh\u00e2n tr\u00ean trang web c\u1ee7a ch\u00fang t\u00f4i, n\u1ebfu c\u00f3.<\/p>\n\n\n\n<h3>Li\u00ean k\u1ebft&nbsp;<\/h3>\n\n\n\n<p>Trang web n\u00e0y ch\u1ee9a \u0111\u01b0\u1eddng d\u1eabn t\u1edbi nh\u1eefng trang kh\u00e1c. Xin l\u01b0u \u00fd r\u1eb1ng ch\u00fang t\u00f4i kh\u00f4ng ch\u1ecbu tr\u00e1ch nhi\u1ec7m v\u1ec1 n\u1ed9i dung ho\u1eb7c c\u00e1c bi\u1ec7n ph\u00e1p b\u1ea3o m\u1eadt c\u1ee7a c\u00e1c trang web kh\u00e1c \u0111\u00f3. Ch\u00fang t\u00f4i khuy\u1ebfn kh\u00edch ng\u01b0\u1eddi d\u00f9ng l\u01b0u \u00fd khi h\u1ecd r\u1eddi kh\u1ecfi trang web c\u1ee7a ch\u00fang t\u00f4i v\u00e0 \u0111\u1ecdc c\u00e1c \u0111i\u1ec1u kho\u1ea3n v\u1ec1 quy\u1ec1n ri\u00eang t\u01b0 c\u1ee7a b\u1ea5t k\u1ef3 trang web n\u00e0o kh\u00e1c thu th\u1eadp th\u00f4ng tin nh\u1eadn d\u1ea1ng c\u00e1 nh\u00e2n.<\/p>\n\n\n\n<h3>Kh\u1ea3o s\u00e1t  &nbsp;<\/h3>\n\n\n\n<p>\u0110\u00f4i khi trang web c\u1ee7a ch\u00fang t\u00f4i c\u00f3 th\u1ec3 y\u00eau c\u1ea7u th\u00f4ng tin th\u00f4ng qua c\u00e1c cu\u1ed9c kh\u1ea3o s\u00e1t. Vi\u1ec7c tham gia v\u00e0o c\u00e1c cu\u1ed9c kh\u1ea3o s\u00e1t n\u00e0y l\u00e0 ho\u00e0n to\u00e0n t\u1ef1 nguy\u1ec7n v\u00e0 b\u1ea1n c\u00f3 th\u1ec3 ch\u1ecdn c\u00f3 tham gia hay kh\u00f4ng v\u00e0 do \u0111\u00f3 ti\u1ebft l\u1ed9 th\u00f4ng tin n\u00e0y. Th\u00f4ng tin \u0111\u01b0\u1ee3c y\u00eau c\u1ea7u c\u00f3 th\u1ec3 bao g\u1ed3m th\u00f4ng tin li\u00ean h\u1ec7 (ch\u1eb3ng h\u1ea1n nh\u01b0 t\u00ean v\u00e0 \u0111\u1ecba ch\u1ec9) v\u00e0 th\u00f4ng tin nh\u00e2n kh\u1ea9u h\u1ecdc (ch\u1eb3ng h\u1ea1n nh\u01b0 m\u00e3 zip, \u0111\u1ed9 tu\u1ed5i). Th\u00f4ng tin li\u00ean h\u1ec7 s\u1ebd \u0111\u01b0\u1ee3c s\u1eed d\u1ee5ng \u0111\u1ec3 th\u00f4ng b\u00e1o cho ng\u01b0\u1eddi tham gia v\u1ec1 k\u1ebft qu\u1ea3 kh\u1ea3o s\u00e1t, n\u1ebfu h\u1ecd y\u00eau c\u1ea7u. Th\u00f4ng tin kh\u1ea3o s\u00e1t s\u1ebd \u0111\u01b0\u1ee3c s\u1eed d\u1ee5ng cho m\u1ee5c \u0111\u00edch gi\u00e1m s\u00e1t ho\u1eb7c c\u1ea3i thi\u1ec7n vi\u1ec7c s\u1eed d\u1ee5ng v\u00e0 s\u1ef1 h\u00e0i l\u00f2ng c\u1ee7a b\u1ea1n \u0111\u1ed1i v\u1edbi trang web n\u00e0y.<\/p>\n\n\n\n<h3>Li\u00ean h\u1ec7 ch\u00fang t\u00f4i<\/h3>\n\n\n\n<p>N\u1ebfu b\u1ea1n c\u00f3 b\u1ea5t k\u1ef3 c\u00e2u h\u1ecfi n\u00e0o v\u1ec1 Ch\u00ednh s\u00e1ch quy\u1ec1n ri\u00eang t\u01b0 n\u00e0y ho\u1eb7c c\u00e1ch ch\u00fang t\u00f4i x\u1eed l\u00fd th\u00f4ng tin \u0111\u01b0\u1ee3c cung c\u1ea5p \u0111\u1ec3 s\u1eed d\u1ee5ng, vui l\u00f2ng vi\u1ebft th\u01b0 cho ch\u00fang t\u00f4i qua email t\u1edbi <a href=\"mailto:outreach@manchesterproud.org\">Reach@manchesterproud.org<\/a> .<\/p>\n\t\t\t\t\t\t\t\t<\/div>\n\t\t\t\t<\/div>\n\t\t\t\t\t<\/div>\n\t\t\t\t<\/div>\n\t\t\t\t<\/div>\n\t\t","protected":false},"excerpt":{"rendered":"<p>Th\u00f4ng b\u00e1o v\u1ec1 quy\u1ec1n ri\u00eang t\u01b0 n\u00e0y ti\u1ebft l\u1ed9 c\u00e1c th\u00f4ng l\u1ec7 v\u1ec1 quy\u1ec1n ri\u00eang t\u01b0 c\u1ee7a Manchester Proud . Th\u00f4ng b\u00e1o v\u1ec1 quy\u1ec1n ri\u00eang t\u01b0 n\u00e0y ch\u1ec9 \u00e1p d\u1ee5ng  <a href=\"https:\/\/manchesterproud.org\/vi\/ngay-co-hieu-luc-thang-4-nam-2021\/\" rel=\"bookmark\" title=\"NG\u00c0Y C\u00d3 HI\u1ec6U L\u1ef0C: TH\u00c1NG 4 N\u0102M 2021\">[&hellip;]<\/a><\/p>\n","protected":false},"author":1,"featured_media":3021,"parent":0,"menu_order":0,"comment_status":"closed","ping_status":"closed","template":"","meta":{"_acf_changed":false,"_mo_disable_npp":"","footnotes":""},"class_list":["post-9363","page","type-page","status-publish","has-post-thumbnail","hentry"],"acf":[],"yoast_head":"<!-- This site is optimized with the Yoast SEO Premium plugin v21.5 (Yoast SEO v27.2) - https:\/\/yoast.com\/product\/yoast-seo-premium-wordpress\/ -->\n<title>Ch\u00ednh s\u00e1ch b\u1ea3o m\u1eadt | C\u00f3 hi\u1ec7u l\u1ef1c t\u1eeb th\u00e1ng 4 n\u0103m 2021 | La b\u00e0n t\u1ef1 h\u00e0o c\u1ee7a Manchester<\/title>\n<meta name=\"description\" content=\"Manchester Proud Compass \u0111\u00e3 t\u1ea1o ra tuy\u00ean b\u1ed1 ch\u00ednh s\u00e1ch quy\u1ec1n ri\u00eang t\u01b0 n\u00e0y \u0111\u1ec3 th\u1ec3 hi\u1ec7n cam k\u1ebft c\u1ee7a ch\u00fang t\u00f4i \u0111\u1ed1i v\u1edbi quy\u1ec1n ri\u00eang t\u01b0 c\u1ee7a ch\u00fang t\u00f4i v\u00e0 c\u1ee7a b\u1ea1n.\" \/>\n<meta name=\"robots\" content=\"index, follow, max-snippet:-1, max-image-preview:large, max-video-preview:-1\" \/>\n<link rel=\"canonical\" href=\"https:\/\/manchesterproud.org\/vi\/ngay-co-hieu-luc-thang-4-nam-2021\/\" \/>\n<meta property=\"og:locale\" content=\"vi_VN\" \/>\n<meta property=\"og:type\" content=\"article\" \/>\n<meta property=\"og:title\" content=\"NG\u00c0Y C\u00d3 HI\u1ec6U L\u1ef0C: TH\u00c1NG 4 N\u0102M 2021\" \/>\n<meta property=\"og:description\" content=\"Th\u00f4ng b\u00e1o v\u1ec1 quy\u1ec1n ri\u00eang t\u01b0 n\u00e0y ti\u1ebft l\u1ed9 c\u00e1c th\u00f4ng l\u1ec7 v\u1ec1 quy\u1ec1n ri\u00eang t\u01b0 c\u1ee7a Manchester Proud . Th\u00f4ng b\u00e1o v\u1ec1 quy\u1ec1n ri\u00eang t\u01b0 n\u00e0y ch\u1ec9 \u00e1p d\u1ee5ng cho th\u00f4ng tin\" \/>\n<meta property=\"og:url\" content=\"https:\/\/manchesterproud.org\/vi\/ngay-co-hieu-luc-thang-4-nam-2021\/\" \/>\n<meta property=\"og:site_name\" content=\"Manchester Proud\" \/>\n<meta property=\"article:modified_time\" content=\"2024-05-02T06:42:32+00:00\" \/>\n<meta property=\"og:image\" content=\"https:\/\/manchesterproud.org\/wp-content\/uploads\/2024\/03\/blog-Default-ImageV2.jpg\" \/>\n\t<meta property=\"og:image:width\" content=\"936\" \/>\n\t<meta property=\"og:image:height\" content=\"624\" \/>\n\t<meta property=\"og:image:type\" content=\"image\/jpeg\" \/>\n<meta name=\"twitter:card\" content=\"summary_large_image\" \/>\n<meta name=\"twitter:label1\" content=\"Est. reading time\" \/>\n\t<meta name=\"twitter:data1\" content=\"7 minutes\" \/>\n<script type=\"application\/ld+json\" class=\"yoast-schema-graph\">{\"@context\":\"https:\/\/schema.org\",\"@graph\":[{\"@type\":\"WebPage\",\"@id\":\"https:\/\/manchesterproud.org\/vi\/ngay-co-hieu-luc-thang-4-nam-2021\/\",\"url\":\"https:\/\/manchesterproud.org\/vi\/ngay-co-hieu-luc-thang-4-nam-2021\/\",\"name\":\"Ch\u00ednh s\u00e1ch b\u1ea3o m\u1eadt | C\u00f3 hi\u1ec7u l\u1ef1c t\u1eeb th\u00e1ng 4 n\u0103m 2021 | La b\u00e0n t\u1ef1 h\u00e0o c\u1ee7a Manchester\",\"isPartOf\":{\"@id\":\"https:\/\/manchesterproud.org\/vi\/#website\"},\"primaryImageOfPage\":{\"@id\":\"https:\/\/manchesterproud.org\/vi\/ngay-co-hieu-luc-thang-4-nam-2021\/#primaryimage\"},\"image\":{\"@id\":\"https:\/\/manchesterproud.org\/vi\/ngay-co-hieu-luc-thang-4-nam-2021\/#primaryimage\"},\"thumbnailUrl\":\"https:\/\/manchesterproud.org\/wp-content\/uploads\/2024\/03\/blog-Default-ImageV2.jpg\",\"datePublished\":\"2021-04-16T17:38:36+00:00\",\"dateModified\":\"2024-05-02T06:42:32+00:00\",\"description\":\"Manchester Proud Compass \u0111\u00e3 t\u1ea1o ra tuy\u00ean b\u1ed1 ch\u00ednh s\u00e1ch quy\u1ec1n ri\u00eang t\u01b0 n\u00e0y \u0111\u1ec3 th\u1ec3 hi\u1ec7n cam k\u1ebft c\u1ee7a ch\u00fang t\u00f4i \u0111\u1ed1i v\u1edbi quy\u1ec1n ri\u00eang t\u01b0 c\u1ee7a ch\u00fang t\u00f4i v\u00e0 c\u1ee7a b\u1ea1n.\",\"breadcrumb\":{\"@id\":\"https:\/\/manchesterproud.org\/vi\/ngay-co-hieu-luc-thang-4-nam-2021\/#breadcrumb\"},\"inLanguage\":\"vi-VN\",\"potentialAction\":[{\"@type\":\"ReadAction\",\"target\":[\"https:\/\/manchesterproud.org\/vi\/ngay-co-hieu-luc-thang-4-nam-2021\/\"]}]},{\"@type\":\"ImageObject\",\"inLanguage\":\"vi-VN\",\"@id\":\"https:\/\/manchesterproud.org\/vi\/ngay-co-hieu-luc-thang-4-nam-2021\/#primaryimage\",\"url\":\"https:\/\/manchesterproud.org\/wp-content\/uploads\/2024\/03\/blog-Default-ImageV2.jpg\",\"contentUrl\":\"https:\/\/manchesterproud.org\/wp-content\/uploads\/2024\/03\/blog-Default-ImageV2.jpg\",\"width\":936,\"height\":624},{\"@type\":\"BreadcrumbList\",\"@id\":\"https:\/\/manchesterproud.org\/vi\/ngay-co-hieu-luc-thang-4-nam-2021\/#breadcrumb\",\"itemListElement\":[{\"@type\":\"ListItem\",\"position\":1,\"name\":\"Home\",\"item\":\"https:\/\/manchesterproud.org\/vi\/trang-chu\/\"},{\"@type\":\"ListItem\",\"position\":2,\"name\":\"NG\u00c0Y C\u00d3 HI\u1ec6U L\u1ef0C: TH\u00c1NG 4 N\u0102M 2021\"}]},{\"@type\":\"WebSite\",\"@id\":\"https:\/\/manchesterproud.org\/vi\/#website\",\"url\":\"https:\/\/manchesterproud.org\/vi\/\",\"name\":\"Manchester Proud\",\"description\":\"\",\"potentialAction\":[{\"@type\":\"SearchAction\",\"target\":{\"@type\":\"EntryPoint\",\"urlTemplate\":\"https:\/\/manchesterproud.org\/vi\/?s={search_term_string}\"},\"query-input\":{\"@type\":\"PropertyValueSpecification\",\"valueRequired\":true,\"valueName\":\"search_term_string\"}}],\"inLanguage\":\"vi-VN\"}]}<\/script>\n<!-- \/ Yoast SEO Premium plugin. -->","yoast_head_json":{"title":"Ch\u00ednh s\u00e1ch b\u1ea3o m\u1eadt | C\u00f3 hi\u1ec7u l\u1ef1c t\u1eeb th\u00e1ng 4 n\u0103m 2021 | La b\u00e0n t\u1ef1 h\u00e0o c\u1ee7a Manchester","description":"Manchester Proud Compass \u0111\u00e3 t\u1ea1o ra tuy\u00ean b\u1ed1 ch\u00ednh s\u00e1ch quy\u1ec1n ri\u00eang t\u01b0 n\u00e0y \u0111\u1ec3 th\u1ec3 hi\u1ec7n cam k\u1ebft c\u1ee7a ch\u00fang t\u00f4i \u0111\u1ed1i v\u1edbi quy\u1ec1n ri\u00eang t\u01b0 c\u1ee7a ch\u00fang t\u00f4i v\u00e0 c\u1ee7a b\u1ea1n.","robots":{"index":"index","follow":"follow","max-snippet":"max-snippet:-1","max-image-preview":"max-image-preview:large","max-video-preview":"max-video-preview:-1"},"canonical":"https:\/\/manchesterproud.org\/vi\/ngay-co-hieu-luc-thang-4-nam-2021\/","og_locale":"vi_VN","og_type":"article","og_title":"NG\u00c0Y C\u00d3 HI\u1ec6U L\u1ef0C: TH\u00c1NG 4 N\u0102M 2021","og_description":"Th\u00f4ng b\u00e1o v\u1ec1 quy\u1ec1n ri\u00eang t\u01b0 n\u00e0y ti\u1ebft l\u1ed9 c\u00e1c th\u00f4ng l\u1ec7 v\u1ec1 quy\u1ec1n ri\u00eang t\u01b0 c\u1ee7a Manchester Proud . Th\u00f4ng b\u00e1o v\u1ec1 quy\u1ec1n ri\u00eang t\u01b0 n\u00e0y ch\u1ec9 \u00e1p d\u1ee5ng cho th\u00f4ng tin","og_url":"https:\/\/manchesterproud.org\/vi\/ngay-co-hieu-luc-thang-4-nam-2021\/","og_site_name":"Manchester Proud","article_modified_time":"2024-05-02T06:42:32+00:00","og_image":[{"width":936,"height":624,"url":"https:\/\/manchesterproud.org\/wp-content\/uploads\/2024\/03\/blog-Default-ImageV2.jpg","type":"image\/jpeg"}],"twitter_card":"summary_large_image","twitter_misc":{"Est. reading time":"7 minutes"},"schema":{"@context":"https:\/\/schema.org","@graph":[{"@type":"WebPage","@id":"https:\/\/manchesterproud.org\/vi\/ngay-co-hieu-luc-thang-4-nam-2021\/","url":"https:\/\/manchesterproud.org\/vi\/ngay-co-hieu-luc-thang-4-nam-2021\/","name":"Ch\u00ednh s\u00e1ch b\u1ea3o m\u1eadt | C\u00f3 hi\u1ec7u l\u1ef1c t\u1eeb th\u00e1ng 4 n\u0103m 2021 | La b\u00e0n t\u1ef1 h\u00e0o c\u1ee7a Manchester","isPartOf":{"@id":"https:\/\/manchesterproud.org\/vi\/#website"},"primaryImageOfPage":{"@id":"https:\/\/manchesterproud.org\/vi\/ngay-co-hieu-luc-thang-4-nam-2021\/#primaryimage"},"image":{"@id":"https:\/\/manchesterproud.org\/vi\/ngay-co-hieu-luc-thang-4-nam-2021\/#primaryimage"},"thumbnailUrl":"https:\/\/manchesterproud.org\/wp-content\/uploads\/2024\/03\/blog-Default-ImageV2.jpg","datePublished":"2021-04-16T17:38:36+00:00","dateModified":"2024-05-02T06:42:32+00:00","description":"Manchester Proud Compass \u0111\u00e3 t\u1ea1o ra tuy\u00ean b\u1ed1 ch\u00ednh s\u00e1ch quy\u1ec1n ri\u00eang t\u01b0 n\u00e0y \u0111\u1ec3 th\u1ec3 hi\u1ec7n cam k\u1ebft c\u1ee7a ch\u00fang t\u00f4i \u0111\u1ed1i v\u1edbi quy\u1ec1n ri\u00eang t\u01b0 c\u1ee7a ch\u00fang t\u00f4i v\u00e0 c\u1ee7a b\u1ea1n.","breadcrumb":{"@id":"https:\/\/manchesterproud.org\/vi\/ngay-co-hieu-luc-thang-4-nam-2021\/#breadcrumb"},"inLanguage":"vi-VN","potentialAction":[{"@type":"ReadAction","target":["https:\/\/manchesterproud.org\/vi\/ngay-co-hieu-luc-thang-4-nam-2021\/"]}]},{"@type":"ImageObject","inLanguage":"vi-VN","@id":"https:\/\/manchesterproud.org\/vi\/ngay-co-hieu-luc-thang-4-nam-2021\/#primaryimage","url":"https:\/\/manchesterproud.org\/wp-content\/uploads\/2024\/03\/blog-Default-ImageV2.jpg","contentUrl":"https:\/\/manchesterproud.org\/wp-content\/uploads\/2024\/03\/blog-Default-ImageV2.jpg","width":936,"height":624},{"@type":"BreadcrumbList","@id":"https:\/\/manchesterproud.org\/vi\/ngay-co-hieu-luc-thang-4-nam-2021\/#breadcrumb","itemListElement":[{"@type":"ListItem","position":1,"name":"Home","item":"https:\/\/manchesterproud.org\/vi\/trang-chu\/"},{"@type":"ListItem","position":2,"name":"NG\u00c0Y C\u00d3 HI\u1ec6U L\u1ef0C: TH\u00c1NG 4 N\u0102M 2021"}]},{"@type":"WebSite","@id":"https:\/\/manchesterproud.org\/vi\/#website","url":"https:\/\/manchesterproud.org\/vi\/","name":"Manchester Proud","description":"","potentialAction":[{"@type":"SearchAction","target":{"@type":"EntryPoint","urlTemplate":"https:\/\/manchesterproud.org\/vi\/?s={search_term_string}"},"query-input":{"@type":"PropertyValueSpecification","valueRequired":true,"valueName":"search_term_string"}}],"inLanguage":"vi-VN"}]}},"_links":{"self":[{"href":"https:\/\/manchesterproud.org\/vi\/wp-json\/wp\/v2\/pages\/9363","targetHints":{"allow":["GET"]}}],"collection":[{"href":"https:\/\/manchesterproud.org\/vi\/wp-json\/wp\/v2\/pages"}],"about":[{"href":"https:\/\/manchesterproud.org\/vi\/wp-json\/wp\/v2\/types\/page"}],"author":[{"embeddable":true,"href":"https:\/\/manchesterproud.org\/vi\/wp-json\/wp\/v2\/users\/1"}],"replies":[{"embeddable":true,"href":"https:\/\/manchesterproud.org\/vi\/wp-json\/wp\/v2\/comments?post=9363"}],"version-history":[{"count":0,"href":"https:\/\/manchesterproud.org\/vi\/wp-json\/wp\/v2\/pages\/9363\/revisions"}],"wp:featuredmedia":[{"embeddable":true,"href":"https:\/\/manchesterproud.org\/vi\/wp-json\/wp\/v2\/media\/3021"}],"wp:attachment":[{"href":"https:\/\/manchesterproud.org\/vi\/wp-json\/wp\/v2\/media?parent=9363"}],"curies":[{"name":"wp","href":"https:\/\/api.w.org\/{rel}","templated":true}]}}